{"id":42700,"date":"2025-10-14T18:12:31","date_gmt":"2025-10-14T14:12:31","guid":{"rendered":"https:\/\/airsystems.ge\/shop\/product\/vrf-system-horizontal-discharge-v8s-series-25-2-67-kw-mv8s-wv2gn1-mv8s-252wv2gn1-mv8s-280wv2gn1-mv8s-335wv2gn1-mv8s-400wv2gn1-mv8s-450wv2gn1-mv8s-500wv2gn1-mv8s-560wv2gn1-mv8s-615wv2gn1-mv8s-670\/"},"modified":"2025-10-14T18:19:02","modified_gmt":"2025-10-14T14:19:02","slug":"vrf-system-horizontal-discharge-v8s-series-25-2-67-kw-mv8s-wv2gn1-mv8s-252wv2gn1-mv8s-280wv2gn1-mv8s-335wv2gn1-mv8s-400wv2gn1-mv8s-450wv2gn1-mv8s-500wv2gn1-mv8s-560wv2gn1-mv8s-615wv2gn1-mv8s-670","status":"publish","type":"product","link":"https:\/\/airsystems.ge\/shop\/fr\/produit\/vrf-system-horizontal-discharge-v8s-series-25-2-67-kw-mv8s-wv2gn1-mv8s-252wv2gn1-mv8s-280wv2gn1-mv8s-335wv2gn1-mv8s-400wv2gn1-mv8s-450wv2gn1-mv8s-500wv2gn1-mv8s-560wv2gn1-mv8s-615wv2gn1-mv8s-670\/","title":{"rendered":"Unit\u00e9 ext\u00e9rieure DRV \u00e0 refoulement horizontal, s\u00e9rie V8S 25,2 &#8211; 67 kW MV8S-***WV2GN1  MV8S-252WV2GN1 MV8S-280WV2GN1 MV8S-335WV2GN1 MV8S-400WV2GN1 MV8S-450WV2GN1 MV8S-500WV2GN1 MV8S-560WV2GN1 MV8S-615WV2GN1 MV8S-670WV2GN1"},"content":{"rendered":"","protected":false},"excerpt":{"rendered":"<h1>S\u00e9rie V8S<\/h1>\n<p>Caract\u00e9ristiques du produit<\/p>\n<p>Unit\u00e9 ext\u00e9rieure DRV<\/p>\n<p>Conception modulaire\u00a0: 4 unit\u00e9s ext\u00e9rieures connectables<br \/>\nOnduleur CC continu continu<br \/>\nLarge plage de puissance, format compact<br \/>\nLarge rapport de combinaison\u00a0: 50-200\u00a0%<br \/>\nCompresseur \u00e0 injection de vapeur am\u00e9lior\u00e9e (EVI)<br \/>\nMETA 2\u00a0: Am\u00e9lior\u00e9 Efficacit\u00e9 et contr\u00f4le de la d\u00e9shumidification<br \/>\nHyperlink\u00a0: R\u00e9duction du temps et des co\u00fbts d&rsquo;installation<br \/>\nVaste plage de fonctionnement\u00a0: Hiver\u00a0: -30\u00a0\u00b0C, \u00c9t\u00e9\u00a0: 55\u00a0\u00b0C<br \/>\nDouble fonction de secours\u00a0: Fonctionnement continu en cas de panne<br \/>\nDoctor m 2.0\u00a0: Outil de maintenance intelligent<br \/>\nSuper Sense\u00a0: Surveillance avanc\u00e9e du r\u00e9frig\u00e9rant<br \/>\nZen air 2.0\u00a0: Gestion multifonctionnelle du flux d&rsquo;air<br \/>\nMode silencieux avanc\u00e9 \u00e0 15 niveaux<br \/>\nFonction de d\u00e9poussi\u00e9rage\/d\u00e9neigement automatique<\/p>\n","protected":false},"featured_media":42689,"template":"","meta":[],"product_brand":[],"product_cat":[1992],"product_tag":[],"class_list":{"0":"post-42700","1":"product","2":"type-product","3":"status-publish","4":"has-post-thumbnail","6":"product_cat-systeme-vrf","8":"first","9":"instock","10":"shipping-taxable","11":"product-type-simple"},"_links":{"self":[{"href":"https:\/\/airsystems.ge\/shop\/fr\/wp-json\/wp\/v2\/product\/42700","targetHints":{"allow":["GET"]}}],"collection":[{"href":"https:\/\/airsystems.ge\/shop\/fr\/wp-json\/wp\/v2\/product"}],"about":[{"href":"https:\/\/airsystems.ge\/shop\/fr\/wp-json\/wp\/v2\/types\/product"}],"wp:featuredmedia":[{"embeddable":true,"href":"https:\/\/airsystems.ge\/shop\/fr\/wp-json\/wp\/v2\/media\/42689"}],"wp:attachment":[{"href":"https:\/\/airsystems.ge\/shop\/fr\/wp-json\/wp\/v2\/media?parent=42700"}],"wp:term":[{"taxonomy":"product_brand","embeddable":true,"href":"https:\/\/airsystems.ge\/shop\/fr\/wp-json\/wp\/v2\/product_brand?post=42700"},{"taxonomy":"product_cat","embeddable":true,"href":"https:\/\/airsystems.ge\/shop\/fr\/wp-json\/wp\/v2\/product_cat?post=42700"},{"taxonomy":"product_tag","embeddable":true,"href":"https:\/\/airsystems.ge\/shop\/fr\/wp-json\/wp\/v2\/product_tag?post=42700"}],"curies":[{"name":"wp","href":"https:\/\/api.w.org\/{rel}","templated":true}]}}