{"id":42679,"date":"2025-10-14T17:59:37","date_gmt":"2025-10-14T13:59:37","guid":{"rendered":"https:\/\/airsystems.ge\/shop\/product\/vrf-system-horizontal-discharge-easy-fit-series-25-2-67-kw-mvi-wv2gn1b-mvi-252wv2gn1b-mvi-280wv2gn1b-mvi-335wv2gn1b-mvi-400wv2gn1a-mvi-450wv2gn1a-mvi-500wv2gn1a-mvi-560wv2gn1a-m\/"},"modified":"2025-10-14T18:08:17","modified_gmt":"2025-10-14T14:08:17","slug":"vrf-system-horizontal-discharge-easy-fit-series-25-2-67-kw-mvi-wv2gn1b-mvi-252wv2gn1b-mvi-280wv2gn1b-mvi-335wv2gn1b-mvi-400wv2gn1a-mvi-450wv2gn1a-mvi-500wv2gn1a-mvi-560wv2gn1a-m","status":"publish","type":"product","link":"https:\/\/airsystems.ge\/shop\/fr\/produit\/vrf-system-horizontal-discharge-easy-fit-series-25-2-67-kw-mvi-wv2gn1b-mvi-252wv2gn1b-mvi-280wv2gn1b-mvi-335wv2gn1b-mvi-400wv2gn1a-mvi-450wv2gn1a-mvi-500wv2gn1a-mvi-560wv2gn1a-m\/","title":{"rendered":"Syst\u00e8me DRV \u00e0 soufflage horizontal, s\u00e9rie Easy Fit 25,2 &#8211; 67 kW MVi-***WV2GN1(B)  MVi-252WV2GN1(B) MVi-280WV2GN1(B) MVi-335WV2GN1(B) MVi-400WV2GN1(A) MVi-450WV2GN1(A) MVi-500WV2GN1(A) MVi-560WV2GN1(A) MVi-615WV2GN1(A) MVi-670WV2GN1(A)"},"content":{"rendered":"","protected":false},"excerpt":{"rendered":"<h1>S\u00e9rie Easy Fit<\/h1>\n<p>Caract\u00e9ristiques du produit<\/p>\n<p>Unit\u00e9 ext\u00e9rieure du syst\u00e8me DRV<\/p>\n<p>Onduleur CC continu int\u00e9gral<br \/>\nLarge plage de puissance, format compact<br \/>\nLarge rapport de combinaison\u00a0: 50-200\u00a0%<br \/>\nCompresseur \u00e0 injection de vapeur am\u00e9lior\u00e9e (EVI)<br \/>\nMETA 2\u00a0: Efficacit\u00e9 am\u00e9lior\u00e9e, d\u00e9shumidification Contr\u00f4le<br \/>\nHyperlink : R\u00e9duit le temps et les co\u00fbts d&rsquo;installation<br \/>\nVaste plage de fonctionnement : Hiver : -30 \u00b0C, \u00c9t\u00e9 : 55 \u00b0C<br \/>\nDouble fonctionnement de secours : Continue de fonctionner en cas de panne<br \/>\nDoctor m 2.0 : Outil de maintenance intelligent<br \/>\nSuper Sense : Surveillance avanc\u00e9e du r\u00e9frig\u00e9rant<br \/>\nZen air 2.0 : Gestion multifonctionnelle du flux d&rsquo;air<br \/>\nMode silencieux avanc\u00e9 \u00e0 15 niveaux<br \/>\nFonction de d\u00e9poussi\u00e9rage\/d\u00e9neigement automatique<\/p>\n","protected":false},"featured_media":42674,"template":"","meta":[],"product_brand":[],"product_cat":[1992],"product_tag":[],"class_list":{"0":"post-42679","1":"product","2":"type-product","3":"status-publish","4":"has-post-thumbnail","6":"product_cat-systeme-vrf","8":"first","9":"instock","10":"shipping-taxable","11":"product-type-simple"},"_links":{"self":[{"href":"https:\/\/airsystems.ge\/shop\/fr\/wp-json\/wp\/v2\/product\/42679","targetHints":{"allow":["GET"]}}],"collection":[{"href":"https:\/\/airsystems.ge\/shop\/fr\/wp-json\/wp\/v2\/product"}],"about":[{"href":"https:\/\/airsystems.ge\/shop\/fr\/wp-json\/wp\/v2\/types\/product"}],"wp:featuredmedia":[{"embeddable":true,"href":"https:\/\/airsystems.ge\/shop\/fr\/wp-json\/wp\/v2\/media\/42674"}],"wp:attachment":[{"href":"https:\/\/airsystems.ge\/shop\/fr\/wp-json\/wp\/v2\/media?parent=42679"}],"wp:term":[{"taxonomy":"product_brand","embeddable":true,"href":"https:\/\/airsystems.ge\/shop\/fr\/wp-json\/wp\/v2\/product_brand?post=42679"},{"taxonomy":"product_cat","embeddable":true,"href":"https:\/\/airsystems.ge\/shop\/fr\/wp-json\/wp\/v2\/product_cat?post=42679"},{"taxonomy":"product_tag","embeddable":true,"href":"https:\/\/airsystems.ge\/shop\/fr\/wp-json\/wp\/v2\/product_tag?post=42679"}],"curies":[{"name":"wp","href":"https:\/\/api.w.org\/{rel}","templated":true}]}}