{"id":42659,"date":"2025-10-14T17:46:28","date_gmt":"2025-10-14T13:46:28","guid":{"rendered":"https:\/\/airsystems.ge\/shop\/product\/vrf-system-horizontal-discharge-v6-side-discharge-20-33-5-kw-mvi-wv2gn1a-mvi-200wv2gn1a-mvi-224wv2gn1a-mvi-260wv2gn1a-mvi-280wv2gn1a-mvi-335wv2gn1a\/"},"modified":"2025-10-14T17:54:25","modified_gmt":"2025-10-14T13:54:25","slug":"vrf-system-horizontal-discharge-v6-side-discharge-20-33-5-kw-mvi-wv2gn1a-mvi-200wv2gn1a-mvi-224wv2gn1a-mvi-260wv2gn1a-mvi-280wv2gn1a-mvi-335wv2gn1a","status":"publish","type":"product","link":"https:\/\/airsystems.ge\/shop\/fr\/produit\/vrf-system-horizontal-discharge-v6-side-discharge-20-33-5-kw-mvi-wv2gn1a-mvi-200wv2gn1a-mvi-224wv2gn1a-mvi-260wv2gn1a-mvi-280wv2gn1a-mvi-335wv2gn1a\/","title":{"rendered":"VRF Syst\u00e8me DRV \u00e0 soufflage horizontal V6 &#8211; Soufflage lat\u00e9ral 20 &#8211; 33,5 kW MVi-***WV2GN1(A)  MVi-200WV2GN1(A) MVi-224WV2GN1(A) MVi-260WV2GN1(A) MVi-280WV2GN1(A) MVi-335WV2GN1(A)"},"content":{"rendered":"","protected":false},"excerpt":{"rendered":"<div id=\"w-node-_99251b19-02be-a60d-3556-d396ae97cee4-875f3092\" class=\"product-inner_img-thumbs-wrapper\">\n<div class=\"product-inner_img-thumb is-active\" data-index=\"0\"><\/div>\n<\/div>\n<div id=\"w-node-c63541f9-43bc-1c18-7844-90c28a81f2cb-875f3092\" class=\"product-inner_info-block\">\n<div class=\"product-inner_info-block-inner\">\n<div class=\"product-inner_text-block\">\n<h1>V6 &#8211; Soufflage lat\u00e9ral<\/h1>\n<p>Caract\u00e9ristiques du produit<\/p>\n<p>Unit\u00e9 ext\u00e9rieure du syst\u00e8me DRV<\/p>\n<p>Onduleur CC continu int\u00e9gral<br \/>\nCompact, facile \u00e0 installer<br \/>\nRapport de combinaison\u00a0: 50-130\u00a0%<br \/>\nPlage de fonctionnement\u00a0: Hiver\u00a0: -20\u00a0\u00b0C, \u00c9t\u00e9\u00a0: 48\u00a0\u00b0C<br \/>\nModes silencieux multiples<\/p>\n<\/div>\n<\/div>\n<\/div>\n","protected":false},"featured_media":42654,"template":"","meta":[],"product_brand":[],"product_cat":[1992],"product_tag":[],"class_list":{"0":"post-42659","1":"product","2":"type-product","3":"status-publish","4":"has-post-thumbnail","6":"product_cat-systeme-vrf","8":"first","9":"instock","10":"shipping-taxable","11":"product-type-simple"},"_links":{"self":[{"href":"https:\/\/airsystems.ge\/shop\/fr\/wp-json\/wp\/v2\/product\/42659","targetHints":{"allow":["GET"]}}],"collection":[{"href":"https:\/\/airsystems.ge\/shop\/fr\/wp-json\/wp\/v2\/product"}],"about":[{"href":"https:\/\/airsystems.ge\/shop\/fr\/wp-json\/wp\/v2\/types\/product"}],"wp:featuredmedia":[{"embeddable":true,"href":"https:\/\/airsystems.ge\/shop\/fr\/wp-json\/wp\/v2\/media\/42654"}],"wp:attachment":[{"href":"https:\/\/airsystems.ge\/shop\/fr\/wp-json\/wp\/v2\/media?parent=42659"}],"wp:term":[{"taxonomy":"product_brand","embeddable":true,"href":"https:\/\/airsystems.ge\/shop\/fr\/wp-json\/wp\/v2\/product_brand?post=42659"},{"taxonomy":"product_cat","embeddable":true,"href":"https:\/\/airsystems.ge\/shop\/fr\/wp-json\/wp\/v2\/product_cat?post=42659"},{"taxonomy":"product_tag","embeddable":true,"href":"https:\/\/airsystems.ge\/shop\/fr\/wp-json\/wp\/v2\/product_tag?post=42659"}],"curies":[{"name":"wp","href":"https:\/\/api.w.org\/{rel}","templated":true}]}}