{"id":42646,"date":"2025-10-11T22:15:22","date_gmt":"2025-10-11T18:15:22","guid":{"rendered":"https:\/\/airsystems.ge\/shop\/product\/mini-vrf-v8-mini-r32-7-2-17-5-kw-mv8m-wv2n8-mv8m-80wv2n8-mv8m-100wv2n8-mv8m-120wv2n8-mv8m-140wv2n8-mv8m-160wv2n8-mv8m-180wv2n8\/"},"modified":"2025-10-11T22:19:55","modified_gmt":"2025-10-11T18:19:55","slug":"mini-vrf-v8-mini-r32-7-2-17-5-kw-mv8m-wv2n8-mv8m-80wv2n8-mv8m-100wv2n8-mv8m-120wv2n8-mv8m-140wv2n8-mv8m-160wv2n8-mv8m-180wv2n8","status":"publish","type":"product","link":"https:\/\/airsystems.ge\/shop\/fr\/produit\/mini-vrf-v8-mini-r32-7-2-17-5-kw-mv8m-wv2n8-mv8m-80wv2n8-mv8m-100wv2n8-mv8m-120wv2n8-mv8m-140wv2n8-mv8m-160wv2n8-mv8m-180wv2n8\/","title":{"rendered":"Mini DRV  V8 Mini R32 7,2 &#8211; 17,5 kW MV8M-**WV2N8 MV8M-80WV2N8 MV8M-100WV2N8 MV8M-120WV2N8 MV8M-140WV2N8 MV8M-160WV2N8 MV8M-180WV2N8"},"content":{"rendered":"","protected":false},"excerpt":{"rendered":"<h1>V8 Mini R32<\/h1>\n<p>Caract\u00e9ristiques du produit<\/p>\n<p>Unit\u00e9 ext\u00e9rieure du syst\u00e8me DRV Mini<\/p>\n<p>Onduleur CC continu int\u00e9gral<br \/>\nFormat compact<br \/>\nLarge rapport de combinaison\u00a0: 50-160\u00a0%<br \/>\nM-Holmes\u00a0: D\u00e9tection de fuite de r\u00e9frig\u00e9rant<br \/>\nR\u00e9frig\u00e9rant R32 respectueux de l&rsquo;environnement<br \/>\nMETA 2\u00a0: Efficacit\u00e9 am\u00e9lior\u00e9e, contr\u00f4le de la d\u00e9shumidification<br \/>\nHyperlink\u00a0: R\u00e9duction du temps et des co\u00fbts d&rsquo;installation<br \/>\nVaste plage de fonctionnement\u00a0: Hiver\u00a0: -20\u00a0\u00b0C, \u00c9t\u00e9\u00a0: 52\u00a0\u00b0C<br \/>\nDoctor m 2.0\u00a0: Outil de maintenance intelligent<br \/>\nSuper Sense\u00a0: Surveillance avanc\u00e9e du r\u00e9frig\u00e9rant<br \/>\nZen air 2.0\u00a0: Gestion multifonctionnelle du flux d&rsquo;air<br \/>\nMode silencieux avanc\u00e9 \u00e0 5 niveaux<br \/>\nFonction de nettoyage automatique de l&rsquo;unit\u00e9 int\u00e9rieure<br \/>\nFonction de d\u00e9poussi\u00e9rage\/d\u00e9neigement automatique<br \/>\nDisponible en monophas\u00e9 ou triphas\u00e9<\/p>\n","protected":false},"featured_media":42641,"template":"","meta":[],"product_brand":[],"product_cat":[1992],"product_tag":[],"class_list":{"0":"post-42646","1":"product","2":"type-product","3":"status-publish","4":"has-post-thumbnail","6":"product_cat-systeme-vrf","8":"first","9":"instock","10":"shipping-taxable","11":"product-type-simple"},"_links":{"self":[{"href":"https:\/\/airsystems.ge\/shop\/fr\/wp-json\/wp\/v2\/product\/42646","targetHints":{"allow":["GET"]}}],"collection":[{"href":"https:\/\/airsystems.ge\/shop\/fr\/wp-json\/wp\/v2\/product"}],"about":[{"href":"https:\/\/airsystems.ge\/shop\/fr\/wp-json\/wp\/v2\/types\/product"}],"wp:featuredmedia":[{"embeddable":true,"href":"https:\/\/airsystems.ge\/shop\/fr\/wp-json\/wp\/v2\/media\/42641"}],"wp:attachment":[{"href":"https:\/\/airsystems.ge\/shop\/fr\/wp-json\/wp\/v2\/media?parent=42646"}],"wp:term":[{"taxonomy":"product_brand","embeddable":true,"href":"https:\/\/airsystems.ge\/shop\/fr\/wp-json\/wp\/v2\/product_brand?post=42646"},{"taxonomy":"product_cat","embeddable":true,"href":"https:\/\/airsystems.ge\/shop\/fr\/wp-json\/wp\/v2\/product_cat?post=42646"},{"taxonomy":"product_tag","embeddable":true,"href":"https:\/\/airsystems.ge\/shop\/fr\/wp-json\/wp\/v2\/product_tag?post=42646"}],"curies":[{"name":"wp","href":"https:\/\/api.w.org\/{rel}","templated":true}]}}