{"id":42618,"date":"2025-10-11T21:57:42","date_gmt":"2025-10-11T17:57:42","guid":{"rendered":"https:\/\/airsystems.ge\/shop\/product\/mini-vrf-mini-c-2-series-8-17-5-kw-mdv-vw-dhn1d-mdv-v80w-dhn1d-mdv-v100w-dhn1d-mdv-v120w-dhn1d-mdv-v140w-dhn1d-mdv-v160w-dhn1d-mdv-v180w-dhn1d\/"},"modified":"2025-10-11T22:02:34","modified_gmt":"2025-10-11T18:02:34","slug":"mini-vrf-mini-c-2-series-8-17-5-kw-mdv-vw-dhn1d-mdv-v80w-dhn1d-mdv-v100w-dhn1d-mdv-v120w-dhn1d-mdv-v140w-dhn1d-mdv-v160w-dhn1d-mdv-v180w-dhn1d","status":"publish","type":"product","link":"https:\/\/airsystems.ge\/shop\/fr\/produit\/mini-vrf-mini-c-2-series-8-17-5-kw-mdv-vw-dhn1d-mdv-v80w-dhn1d-mdv-v100w-dhn1d-mdv-v120w-dhn1d-mdv-v140w-dhn1d-mdv-v160w-dhn1d-mdv-v180w-dhn1d\/","title":{"rendered":"Mini VRF Mini C 2 seriyas\u0131 8 &#8211; 17,5 kVt MDV-V**W\/DHN1(D) MDV-V80W\/DHN1(D) MDV-V100W\/DHN1(D) MDV-V120W\/DHN1(D) MDV-V140W\/DHN1(D) MDV-V160W\/DHN1(D) MDV-V180W\/DHN1(D)"},"content":{"rendered":"","protected":false},"excerpt":{"rendered":"<h1>Mini C 2 seriyas\u0131<\/h1>\n<p>M\u0259hsulun spesifikasiyas\u0131<\/p>\n<p>Mini VRF Sisteminin Xarici Bloku<\/p>\n<p>Add\u0131ms\u0131z Tam DC \u0130nverter<br \/>\nKompakt \u00d6l\u00e7\u00fc<br \/>\n45-130 % Kombinasiya Oran\u0131<br \/>\nGeni\u015f i\u015f diapazonu: Q\u0131\u015f: -15\u00b0C, Yay: 55\u00b0C<br \/>\nS\u0259ssiz \u018fm\u0259liyyat<\/p>\n","protected":false},"featured_media":42613,"template":"","meta":[],"product_brand":[],"product_cat":[1992],"product_tag":[],"class_list":{"0":"post-42618","1":"product","2":"type-product","3":"status-publish","4":"has-post-thumbnail","6":"product_cat-systeme-vrf","8":"first","9":"instock","10":"shipping-taxable","11":"product-type-simple"},"_links":{"self":[{"href":"https:\/\/airsystems.ge\/shop\/fr\/wp-json\/wp\/v2\/product\/42618","targetHints":{"allow":["GET"]}}],"collection":[{"href":"https:\/\/airsystems.ge\/shop\/fr\/wp-json\/wp\/v2\/product"}],"about":[{"href":"https:\/\/airsystems.ge\/shop\/fr\/wp-json\/wp\/v2\/types\/product"}],"wp:featuredmedia":[{"embeddable":true,"href":"https:\/\/airsystems.ge\/shop\/fr\/wp-json\/wp\/v2\/media\/42613"}],"wp:attachment":[{"href":"https:\/\/airsystems.ge\/shop\/fr\/wp-json\/wp\/v2\/media?parent=42618"}],"wp:term":[{"taxonomy":"product_brand","embeddable":true,"href":"https:\/\/airsystems.ge\/shop\/fr\/wp-json\/wp\/v2\/product_brand?post=42618"},{"taxonomy":"product_cat","embeddable":true,"href":"https:\/\/airsystems.ge\/shop\/fr\/wp-json\/wp\/v2\/product_cat?post=42618"},{"taxonomy":"product_tag","embeddable":true,"href":"https:\/\/airsystems.ge\/shop\/fr\/wp-json\/wp\/v2\/product_tag?post=42618"}],"curies":[{"name":"wp","href":"https:\/\/api.w.org\/{rel}","templated":true}]}}