{"id":42601,"date":"2025-10-11T21:08:22","date_gmt":"2025-10-11T17:08:22","guid":{"rendered":"https:\/\/airsystems.ge\/shop\/product\/vrf-system-3-pipe-v6r-three-pipe-system\/"},"modified":"2025-10-11T21:45:56","modified_gmt":"2025-10-11T17:45:56","slug":"vrf-system-3-pipe-v6r-three-pipe-system","status":"publish","type":"product","link":"https:\/\/airsystems.ge\/shop\/fr\/produit\/vrf-system-3-pipe-v6r-three-pipe-system\/","title":{"rendered":"Syst\u00e8me DRV Syst\u00e8me DRV 3 tubes V6R MV6-R252WV2GN1 MV6-R280WV2GN1 MV6-R335WV2GN1 MV6- R400WV2GN1 MV6- R450WV2GN1 MV6- R500WV2GN1 MV6- R560WV2GN1"},"content":{"rendered":"","protected":false},"excerpt":{"rendered":"<p>Caract\u00e9ristiques du produit<\/p>\n<p>Unit\u00e9 ext\u00e9rieure DRV 3 tubes<\/p>\n<p>Chauffage et refroidissement simultan\u00e9s<br \/>\nInverseur CC continu int\u00e9gral<br \/>\nR\u00e9cup\u00e9ration de chaleur, \u00e9conomies d&rsquo;\u00e9nergie maximales<br \/>\nConception modulaire\u00a0: Jusqu&rsquo;\u00e0 3 unit\u00e9s connectables<br \/>\nLarge rapport de combinaison\u00a0: 50-200\u00a0%<br \/>\nCompresseur \u00e0 injection de vapeur am\u00e9lior\u00e9e (EVI)<br \/>\nVaste plage de fonctionnement\u00a0: Hiver\u00a0: -25\u00a0\u00b0C, \u00c9t\u00e9\u00a0: 52\u00a0\u00b0C<br \/>\nAlimentation en eau chaude\u00a0: Le module hydro\u00e9lectrique peut atteindre une temp\u00e9rature d&rsquo;eau chaude sanitaire de 25 \u00e0 80\u00a0\u00b0C<br \/>\nChauffage continu pendant le d\u00e9givrage avec le mod\u00e8le combin\u00e9<br \/>\nFonctionnement de secours\u00a0: Fonctionnement continu en cas de panne<br \/>\nDouble cycle de service\u00a0: Dur\u00e9e de vie prolong\u00e9e du syst\u00e8me<br \/>\nModes silencieux avanc\u00e9s<br \/>\nFonction de d\u00e9poussi\u00e9rage automatique<\/p>\n","protected":false},"featured_media":42593,"template":"","meta":[],"product_brand":[],"product_cat":[1992],"product_tag":[],"class_list":{"0":"post-42601","1":"product","2":"type-product","3":"status-publish","4":"has-post-thumbnail","6":"product_cat-systeme-vrf","8":"first","9":"instock","10":"shipping-taxable","11":"product-type-simple"},"_links":{"self":[{"href":"https:\/\/airsystems.ge\/shop\/fr\/wp-json\/wp\/v2\/product\/42601","targetHints":{"allow":["GET"]}}],"collection":[{"href":"https:\/\/airsystems.ge\/shop\/fr\/wp-json\/wp\/v2\/product"}],"about":[{"href":"https:\/\/airsystems.ge\/shop\/fr\/wp-json\/wp\/v2\/types\/product"}],"wp:featuredmedia":[{"embeddable":true,"href":"https:\/\/airsystems.ge\/shop\/fr\/wp-json\/wp\/v2\/media\/42593"}],"wp:attachment":[{"href":"https:\/\/airsystems.ge\/shop\/fr\/wp-json\/wp\/v2\/media?parent=42601"}],"wp:term":[{"taxonomy":"product_brand","embeddable":true,"href":"https:\/\/airsystems.ge\/shop\/fr\/wp-json\/wp\/v2\/product_brand?post=42601"},{"taxonomy":"product_cat","embeddable":true,"href":"https:\/\/airsystems.ge\/shop\/fr\/wp-json\/wp\/v2\/product_cat?post=42601"},{"taxonomy":"product_tag","embeddable":true,"href":"https:\/\/airsystems.ge\/shop\/fr\/wp-json\/wp\/v2\/product_tag?post=42601"}],"curies":[{"name":"wp","href":"https:\/\/api.w.org\/{rel}","templated":true}]}}