{"id":39980,"date":"2025-09-10T19:44:45","date_gmt":"2025-09-10T15:44:45","guid":{"rendered":"https:\/\/airsystems.ge\/shop\/product\/ast-handheld-configuration-tool\/"},"modified":"2025-09-10T19:48:17","modified_gmt":"2025-09-10T15:48:17","slug":"ast-handheld-configuration-tool","status":"publish","type":"product","link":"https:\/\/airsystems.ge\/shop\/fr\/produit\/ast-handheld-configuration-tool\/","title":{"rendered":"AST Outil de configuration portable"},"content":{"rendered":"","protected":false},"excerpt":{"rendered":"<div class=\"row\">\n<div class=\"col-12 text-style-body-small\">\n<div class=\"richtext-wrap reset-margin-last\">\n<p>Affichage des valeurs de consigne et r\u00e9elles<\/p>\n<p>Param\u00e9trage<\/p>\n<p>Valeurs de diagnostic (selon le r\u00e9gulateur VAV)<\/p>\n<p>Niveaux d&rsquo;acc\u00e8s pour le service apr\u00e8s-vente et les constructeurs<\/p>\n<p>Optimisation de la productivit\u00e9 gr\u00e2ce \u00e0 la fonction de copie<\/p>\n<p>Prise en charge multilingue<\/p>\n<p>R\u00e9trocompatibilit\u00e9<\/p>\n<\/div>\n<\/div>\n<\/div>\n<div class=\"flex flex-col gap-200\"><\/div>\n<div class=\"gtm-sku-info flex flex-col gap-y-050 text-label-tiny text-neutral-600\">\n<div class=\"flex flex-wrap items-baseline gap-x-100 gap-y-025\"><span class=\"gtm-article-name\">AST20<\/span><span class=\"whitespace-nowrap gtm-article-number text-base font-bold\">#281070<\/span><\/div>\n<\/div>\n","protected":false},"featured_media":39975,"template":"","meta":[],"product_brand":[],"product_cat":[1889,1866,1841],"product_tag":[],"class_list":{"0":"post-39980","1":"product","2":"type-product","3":"status-publish","4":"has-post-thumbnail","6":"product_cat-accessoires-controle-du-volume-dair","7":"product_cat-controle-du-debit-dair","8":"product_cat-produits-de-distribution-dair","10":"first","11":"instock","12":"shipping-taxable","13":"product-type-simple"},"_links":{"self":[{"href":"https:\/\/airsystems.ge\/shop\/fr\/wp-json\/wp\/v2\/product\/39980","targetHints":{"allow":["GET"]}}],"collection":[{"href":"https:\/\/airsystems.ge\/shop\/fr\/wp-json\/wp\/v2\/product"}],"about":[{"href":"https:\/\/airsystems.ge\/shop\/fr\/wp-json\/wp\/v2\/types\/product"}],"wp:featuredmedia":[{"embeddable":true,"href":"https:\/\/airsystems.ge\/shop\/fr\/wp-json\/wp\/v2\/media\/39975"}],"wp:attachment":[{"href":"https:\/\/airsystems.ge\/shop\/fr\/wp-json\/wp\/v2\/media?parent=39980"}],"wp:term":[{"taxonomy":"product_brand","embeddable":true,"href":"https:\/\/airsystems.ge\/shop\/fr\/wp-json\/wp\/v2\/product_brand?post=39980"},{"taxonomy":"product_cat","embeddable":true,"href":"https:\/\/airsystems.ge\/shop\/fr\/wp-json\/wp\/v2\/product_cat?post=39980"},{"taxonomy":"product_tag","embeddable":true,"href":"https:\/\/airsystems.ge\/shop\/fr\/wp-json\/wp\/v2\/product_tag?post=39980"}],"curies":[{"name":"wp","href":"https:\/\/api.w.org\/{rel}","templated":true}]}}