{"id":39845,"date":"2025-09-10T19:05:15","date_gmt":"2025-09-10T15:05:15","guid":{"rendered":"https:\/\/airsystems.ge\/shop\/product\/pzzns-louvres-steel-external-louvre-with-wide-blades\/"},"modified":"2025-09-10T19:09:58","modified_gmt":"2025-09-10T15:09:58","slug":"pzzns-louvres-steel-external-louvre-with-wide-blades","status":"publish","type":"product","link":"https:\/\/airsystems.ge\/shop\/fr\/produit\/pzzns-louvres-steel-external-louvre-with-wide-blades\/","title":{"rendered":"Grilles PZZNS Grille ext\u00e9rieure en acier \u00e0 larges lames"},"content":{"rendered":"","protected":false},"excerpt":{"rendered":"<div class=\"row\">\n<div class=\"col-12 text-style-body-small\">\n<div class=\"richtext-wrap reset-margin-last\">\n<p>Conception \u00e9prouv\u00e9e pour une s\u00e9paration efficace des eaux pluviales<\/p>\n<p>Robustesse et stabilit\u00e9 m\u00e9canique<\/p>\n<p>Vaste choix de couleurs et de finitions disponibles<\/p>\n<\/div>\n<\/div>\n<\/div>\n<div class=\"flex flex-col gap-200\">\n<div class=\"flex flex-col flex-wrap gap-100 md:flex-row md:items-center gtm-purchase-option\" data-gtm-name=\"lenght\" data-gtm-label=\"Width\">\n<p><label class=\"flex gap-050 md:w-700 leading-none hyphens-auto print:w-full print:max-w-2\/5 text-label-small\">Width<\/label><\/p>\n<div class=\"flex flex-1 flex-wrap gap-050\">\n<div class=\"dropdown-wrapper dropdown-wrapper-small w-full gtm-purchase-option-value gtm-purchase-option-value-dropdown\"><select class=\"form-dropdown form-input form-dropdown-small\"><option value=\"355\" data-gtm-name=\"355\" data-gtm-label=\"355\">355<\/option><option value=\"400\" data-gtm-name=\"400\" data-gtm-label=\"400\">400<\/option><option value=\"450\" data-gtm-name=\"450\" data-gtm-label=\"450\">450<\/option><option value=\"500\" data-gtm-name=\"500\" data-gtm-label=\"500\">500<\/option><option value=\"560\" data-gtm-name=\"560\" data-gtm-label=\"560\">560<\/option><option value=\"630\" data-gtm-name=\"630\" data-gtm-label=\"630\">630<\/option><option value=\"710\" data-gtm-name=\"710\" data-gtm-label=\"710\">710<\/option><option value=\"800\" data-gtm-name=\"800\" data-gtm-label=\"800\">800<\/option><option value=\"900\" data-gtm-name=\"900\" data-gtm-label=\"900\">900<\/option><option value=\"1000\" data-gtm-name=\"1000\" data-gtm-label=\"1000\">1000<\/option><option value=\"1120\" data-gtm-name=\"1120\" data-gtm-label=\"1120\">1120<\/option><option value=\"1250\" data-gtm-name=\"1250\" data-gtm-label=\"1250\">1250<\/option><option value=\"1400\" data-gtm-name=\"1400\" data-gtm-label=\"1400\">1400<\/option><option value=\"1500\" data-gtm-name=\"1500\" data-gtm-label=\"1500\">1500<\/option><option value=\"1600\" data-gtm-name=\"1600\" data-gtm-label=\"1600\">1600<\/option><option value=\"1700\" data-gtm-name=\"1700\" data-gtm-label=\"1700\">1700<\/option><option value=\"1800\" data-gtm-name=\"1800\" data-gtm-label=\"1800\">1800<\/option><option value=\"1900\" data-gtm-name=\"1900\" data-gtm-label=\"1900\">1900<\/option><option value=\"2000\" data-gtm-name=\"2000\" data-gtm-label=\"2000\">2000<\/option><\/select><\/div>\n<\/div>\n<\/div>\n<div class=\"flex flex-col flex-wrap gap-100 md:flex-row md:items-center gtm-purchase-option\" data-gtm-name=\"height\" data-gtm-label=\"Height\">\n<p><label class=\"flex gap-050 md:w-700 leading-none hyphens-auto print:w-full print:max-w-2\/5 text-label-small\">Height<\/label><\/p>\n<div class=\"flex flex-1 flex-wrap gap-050\">\n<div class=\"dropdown-wrapper dropdown-wrapper-small w-full gtm-purchase-option-value gtm-purchase-option-value-dropdown\"><select class=\"form-dropdown form-input form-dropdown-small\"><option value=\"355\" data-gtm-name=\"355\" data-gtm-label=\"355\">355<\/option><option value=\"400\" data-gtm-name=\"400\" data-gtm-label=\"400\">400<\/option><option value=\"450\" data-gtm-name=\"450\" data-gtm-label=\"450\">450<\/option><option value=\"500\" data-gtm-name=\"500\" data-gtm-label=\"500\">500<\/option><option value=\"560\" data-gtm-name=\"560\" data-gtm-label=\"560\">560<\/option><option value=\"630\" data-gtm-name=\"630\" data-gtm-label=\"630\">630<\/option><option value=\"710\" data-gtm-name=\"710\" data-gtm-label=\"710\">710<\/option><option value=\"800\" data-gtm-name=\"800\" data-gtm-label=\"800\">800<\/option><option value=\"900\" data-gtm-name=\"900\" data-gtm-label=\"900\">900<\/option><option value=\"1000\" data-gtm-name=\"1000\" data-gtm-label=\"1000\">1000<\/option><option value=\"1120\" data-gtm-name=\"1120\" data-gtm-label=\"1120\">1120<\/option><option value=\"1250\" data-gtm-name=\"1250\" data-gtm-label=\"1250\">1250<\/option><option value=\"1400\" data-gtm-name=\"1400\" data-gtm-label=\"1400\">1400<\/option><option value=\"1500\" data-gtm-name=\"1500\" data-gtm-label=\"1500\">1500<\/option><option value=\"1600\" data-gtm-name=\"1600\" data-gtm-label=\"1600\">1600<\/option><option value=\"1700\" data-gtm-name=\"1700\" data-gtm-label=\"1700\">1700<\/option><option value=\"1800\" data-gtm-name=\"1800\" data-gtm-label=\"1800\">1800<\/option><option value=\"1900\" data-gtm-name=\"1900\" data-gtm-label=\"1900\">1900<\/option><option value=\"2000\" data-gtm-name=\"2000\" data-gtm-label=\"2000\">2000<\/option><\/select><\/div>\n<\/div>\n<\/div>\n<div class=\"flex flex-col flex-wrap gap-100 md:flex-row md:items-center gtm-purchase-option\" data-gtm-name=\"accessories\" data-gtm-label=\"Mounting frame\">\n<p><label class=\"flex gap-050 md:w-700 leading-none hyphens-auto print:w-full print:max-w-2\/5 text-label-small\">Mounting frame<\/label><\/p>\n<div class=\"flex flex-1 flex-wrap gap-050\"><button class=\"select-btn select-btn-small select-btn-selected gtm-purchase-option-value\" type=\"button\" data-gtm-name=\"Without mounting frame\" data-gtm-label=\"Without mounting frame\">Without mounting frame<\/button><button class=\"select-btn select-btn-small select-btn-default gtm-purchase-option-value\" type=\"button\" data-gtm-name=\"Mounting frame\" data-gtm-label=\"Mounting frame\">Mounting frame<\/button><\/div>\n<\/div>\n<div class=\"flex flex-col flex-wrap gap-100 md:flex-row md:items-center gtm-purchase-option\" data-gtm-name=\"mesh_screen\" data-gtm-label=\"Mesh screen\">\n<p><label class=\"flex gap-050 md:w-700 leading-none hyphens-auto print:w-full print:max-w-2\/5 text-label-small\">Mesh screen<\/label><\/p>\n<div class=\"flex flex-1 flex-wrap gap-050\">\n<div class=\"dropdown-wrapper dropdown-wrapper-small w-full gtm-purchase-option-value gtm-purchase-option-value-dropdown\"><select class=\"form-dropdown form-input form-dropdown-small\"><option value=\"0\" data-gtm-name=\"Without welded mesh screen\" data-gtm-label=\"Without welded mesh screen\">Without welded mesh screen<\/option><option value=\"1\" data-gtm-name=\"With welded mesh screen\" data-gtm-label=\"With welded mesh screen\">With welded mesh screen<\/option><\/select><\/div>\n<\/div>\n<\/div>\n<\/div>\n<div class=\"gtm-sku-info flex flex-col gap-y-050 text-label-tiny text-neutral-600\">\n<div class=\"flex flex-wrap items-baseline gap-x-100 gap-y-025\"><span class=\"gtm-article-name\">PZZNS-355&#215;355<\/span><span class=\"whitespace-nowrap gtm-article-number text-base font-bold\">#337941<\/span><\/div>\n<\/div>\n","protected":false},"featured_media":39804,"template":"","meta":[],"product_brand":[],"product_cat":[1980,1841],"product_tag":[],"class_list":{"0":"post-39845","1":"product","2":"type-product","3":"status-publish","4":"has-post-thumbnail","6":"product_cat-grilles-de-ventilation-fr","7":"product_cat-produits-de-distribution-dair","9":"first","10":"instock","11":"shipping-taxable","12":"product-type-simple"},"_links":{"self":[{"href":"https:\/\/airsystems.ge\/shop\/fr\/wp-json\/wp\/v2\/product\/39845","targetHints":{"allow":["GET"]}}],"collection":[{"href":"https:\/\/airsystems.ge\/shop\/fr\/wp-json\/wp\/v2\/product"}],"about":[{"href":"https:\/\/airsystems.ge\/shop\/fr\/wp-json\/wp\/v2\/types\/product"}],"wp:featuredmedia":[{"embeddable":true,"href":"https:\/\/airsystems.ge\/shop\/fr\/wp-json\/wp\/v2\/media\/39804"}],"wp:attachment":[{"href":"https:\/\/airsystems.ge\/shop\/fr\/wp-json\/wp\/v2\/media?parent=39845"}],"wp:term":[{"taxonomy":"product_brand","embeddable":true,"href":"https:\/\/airsystems.ge\/shop\/fr\/wp-json\/wp\/v2\/product_brand?post=39845"},{"taxonomy":"product_cat","embeddable":true,"href":"https:\/\/airsystems.ge\/shop\/fr\/wp-json\/wp\/v2\/product_cat?post=39845"},{"taxonomy":"product_tag","embeddable":true,"href":"https:\/\/airsystems.ge\/shop\/fr\/wp-json\/wp\/v2\/product_tag?post=39845"}],"curies":[{"name":"wp","href":"https:\/\/api.w.org\/{rel}","templated":true}]}}