{"id":39370,"date":"2025-09-09T22:10:37","date_gmt":"2025-09-09T18:10:37","guid":{"rendered":"https:\/\/airsystems.ge\/shop\/product\/cap-f-nozzle-diffusers-t-bar-ceiling-diffuser-with-multiple-individually-adjustable-nozzles\/"},"modified":"2025-09-09T22:12:53","modified_gmt":"2025-09-09T18:12:53","slug":"cap-f-nozzle-diffusers-t-bar-ceiling-diffuser-with-multiple-individually-adjustable-nozzles","status":"publish","type":"product","link":"https:\/\/airsystems.ge\/shop\/fr\/produit\/cap-f-nozzle-diffusers-t-bar-ceiling-diffuser-with-multiple-individually-adjustable-nozzles\/","title":{"rendered":"Diffuseurs \u00e0 buses CAP-F Diffuseur de plafond en T avec plusieurs buses r\u00e9glables individuellement."},"content":{"rendered":"<p><img decoding=\"async\" id=\"\" class=\"object-center\" src=\"https:\/\/a.storyblok.com\/f\/108972\/2599x1123\/e717a2ca4c\/nozzles_cap-c.png\/m\/1920x0\/filters:quality(80)\" sizes=\"100vw\" srcset=\"https:\/\/a.storyblok.com\/f\/108972\/2599x1123\/e717a2ca4c\/nozzles_cap-c.png\/m\/640x0\/filters:quality(80) 640w, https:\/\/a.storyblok.com\/f\/108972\/2599x1123\/e717a2ca4c\/nozzles_cap-c.png\/m\/750x0\/filters:quality(80) 750w, https:\/\/a.storyblok.com\/f\/108972\/2599x1123\/e717a2ca4c\/nozzles_cap-c.png\/m\/828x0\/filters:quality(80) 828w, https:\/\/a.storyblok.com\/f\/108972\/2599x1123\/e717a2ca4c\/nozzles_cap-c.png\/m\/1080x0\/filters:quality(80) 1080w, https:\/\/a.storyblok.com\/f\/108972\/2599x1123\/e717a2ca4c\/nozzles_cap-c.png\/m\/1200x0\/filters:quality(80) 1200w, https:\/\/a.storyblok.com\/f\/108972\/2599x1123\/e717a2ca4c\/nozzles_cap-c.png\/m\/1920x0\/filters:quality(80) 1920w\" alt=\"Nozzles Cap C\" data-nimg=\"responsive\" \/><\/p>\n","protected":false},"excerpt":{"rendered":"<div class=\"row\">\n<div class=\"col-12 text-style-body-small\">\n<div class=\"richtext-wrap reset-margin-last\">\n<p>D\u00e9bit d&rsquo;air \u00e9lev\u00e9 et faible niveau sonore.<\/p>\n<p>Les buses de la plaque de diffusion sont orientables \u00e0 360\u00b0.<\/p>\n<p>Conception compacte id\u00e9ale pour les faux plafonds en T, notamment dans les bureaux, les magasins, les locaux m\u00e9dicaux et les salles de classe.<\/p>\n<\/div>\n<\/div>\n<\/div>\n<div class=\"flex flex-col gap-200\">\n<div class=\"flex flex-col flex-wrap gap-100 md:flex-row md:items-center gtm-purchase-option\" data-gtm-name=\"size\" data-gtm-label=\"Dimensions\">\n<p><label class=\"flex gap-050 md:w-700 leading-none hyphens-auto print:w-full print:max-w-2\/5 text-label-small\">Dimensions<\/label><\/p>\n<div class=\"flex flex-1 flex-wrap gap-050\">\n<div class=\"dropdown-wrapper dropdown-wrapper-small w-full gtm-purchase-option-value gtm-purchase-option-value-dropdown\"><select class=\"form-dropdown form-input form-dropdown-small\"><option value=\"12560016\" data-gtm-name=\"CAP-F-125-600-16\" data-gtm-label=\"CAP-F-125-600-16\">CAP-F-125-600-16<\/option><option value=\"16060025\" data-gtm-name=\"CAP-F-160-600-25\" data-gtm-label=\"CAP-F-160-600-25\">CAP-F-160-600-25<\/option><option value=\"20060036\" data-gtm-name=\"CAP-F-200-600-36\" data-gtm-label=\"CAP-F-200-600-36\">CAP-F-200-600-36<\/option><option value=\"25060049\" data-gtm-name=\"CAP-F-250-600-49\" data-gtm-label=\"CAP-F-250-600-49\">CAP-F-250-600-49<\/option><option value=\"31560081\" data-gtm-name=\"CAP-F-315-600-81\" data-gtm-label=\"CAP-F-315-600-81\">CAP-F-315-600-81<\/option><option value=\"40060081\" data-gtm-name=\"CAP-F-400-600-81\" data-gtm-label=\"CAP-F-400-600-81\">CAP-F-400-600-81<\/option><\/select><\/div>\n<\/div>\n<\/div>\n<\/div>\n<div class=\"gtm-sku-info flex flex-col gap-y-050 text-label-tiny text-neutral-600\">\n<div class=\"flex flex-wrap items-baseline gap-x-100 gap-y-025\"><span class=\"gtm-article-name\">CAP-F-125-600-16-SW<\/span><span class=\"whitespace-nowrap gtm-article-number text-base font-bold\">#160093<\/span><\/div>\n<\/div>\n","protected":false},"featured_media":39329,"template":"","meta":[],"product_brand":[],"product_cat":[1907,1895,1841],"product_tag":[],"class_list":{"0":"post-39370","1":"product","2":"type-product","3":"status-publish","4":"has-post-thumbnail","6":"product_cat-diffuseurs-a-buses","7":"product_cat-diffuseurs-diffuseurs-pour-la-ventilation","8":"product_cat-produits-de-distribution-dair","10":"first","11":"instock","12":"shipping-taxable","13":"product-type-simple"},"_links":{"self":[{"href":"https:\/\/airsystems.ge\/shop\/fr\/wp-json\/wp\/v2\/product\/39370","targetHints":{"allow":["GET"]}}],"collection":[{"href":"https:\/\/airsystems.ge\/shop\/fr\/wp-json\/wp\/v2\/product"}],"about":[{"href":"https:\/\/airsystems.ge\/shop\/fr\/wp-json\/wp\/v2\/types\/product"}],"wp:featuredmedia":[{"embeddable":true,"href":"https:\/\/airsystems.ge\/shop\/fr\/wp-json\/wp\/v2\/media\/39329"}],"wp:attachment":[{"href":"https:\/\/airsystems.ge\/shop\/fr\/wp-json\/wp\/v2\/media?parent=39370"}],"wp:term":[{"taxonomy":"product_brand","embeddable":true,"href":"https:\/\/airsystems.ge\/shop\/fr\/wp-json\/wp\/v2\/product_brand?post=39370"},{"taxonomy":"product_cat","embeddable":true,"href":"https:\/\/airsystems.ge\/shop\/fr\/wp-json\/wp\/v2\/product_cat?post=39370"},{"taxonomy":"product_tag","embeddable":true,"href":"https:\/\/airsystems.ge\/shop\/fr\/wp-json\/wp\/v2\/product_tag?post=39370"}],"curies":[{"name":"wp","href":"https:\/\/api.w.org\/{rel}","templated":true}]}}