{"id":39274,"date":"2025-09-09T21:51:38","date_gmt":"2025-09-09T17:51:38","guid":{"rendered":"https:\/\/airsystems.ge\/shop\/product\/cap-f-n-nozzle-diffusers-adaptable-airflow-diffuser-with-quiet-operation-suitable-for-comfort-ventilation-systems\/"},"modified":"2025-09-09T21:53:36","modified_gmt":"2025-09-09T17:53:36","slug":"cap-f-n-nozzle-diffusers-adaptable-airflow-diffuser-with-quiet-operation-suitable-for-comfort-ventilation-systems","status":"publish","type":"product","link":"https:\/\/airsystems.ge\/shop\/fr\/produit\/cap-f-n-nozzle-diffusers-adaptable-airflow-diffuser-with-quiet-operation-suitable-for-comfort-ventilation-systems\/","title":{"rendered":"Diffuseurs \u00e0 buses CAP-F-N Diffuseur \u00e0 flux d&rsquo;air adaptable et silencieux, adapt\u00e9 aux syst\u00e8mes de ventilation de confort"},"content":{"rendered":"<p><img decoding=\"async\" id=\"\" class=\"object-center\" src=\"https:\/\/a.storyblok.com\/f\/108972\/2599x1123\/e717a2ca4c\/nozzles_cap-c.png\/m\/1920x0\/filters:quality(80)\" sizes=\"100vw\" srcset=\"https:\/\/a.storyblok.com\/f\/108972\/2599x1123\/e717a2ca4c\/nozzles_cap-c.png\/m\/640x0\/filters:quality(80) 640w, https:\/\/a.storyblok.com\/f\/108972\/2599x1123\/e717a2ca4c\/nozzles_cap-c.png\/m\/750x0\/filters:quality(80) 750w, https:\/\/a.storyblok.com\/f\/108972\/2599x1123\/e717a2ca4c\/nozzles_cap-c.png\/m\/828x0\/filters:quality(80) 828w, https:\/\/a.storyblok.com\/f\/108972\/2599x1123\/e717a2ca4c\/nozzles_cap-c.png\/m\/1080x0\/filters:quality(80) 1080w, https:\/\/a.storyblok.com\/f\/108972\/2599x1123\/e717a2ca4c\/nozzles_cap-c.png\/m\/1200x0\/filters:quality(80) 1200w, https:\/\/a.storyblok.com\/f\/108972\/2599x1123\/e717a2ca4c\/nozzles_cap-c.png\/m\/1920x0\/filters:quality(80) 1920w\" alt=\"Nozzles Cap C\" data-nimg=\"responsive\" \/><\/p>\n","protected":false},"excerpt":{"rendered":"<div class=\"row\">\n<div class=\"col-12 text-style-body-small\">\n<div class=\"richtext-wrap reset-margin-last\">\n<p>Polyvalent<\/p>\n<p>Compact<\/p>\n<p>D\u00e9bit d&rsquo;air \u00e9lev\u00e9<\/p>\n<p>Excellente induction d&rsquo;air<\/p>\n<\/div>\n<\/div>\n<\/div>\n<div class=\"flex flex-col gap-200\">\n<div class=\"flex flex-col flex-wrap gap-100 md:flex-row md:items-center gtm-purchase-option\" data-gtm-name=\"size\" data-gtm-label=\"Size (DN)\">\n<p><label class=\"flex gap-050 md:w-700 leading-none hyphens-auto print:w-full print:max-w-2\/5 text-label-small\">Size (DN)<\/label><\/p>\n<div class=\"flex flex-1 flex-wrap gap-050\"><button class=\"select-btn select-btn-small select-btn-selected gtm-purchase-option-value\" type=\"button\" data-gtm-name=\"125\" data-gtm-label=\"125\">125<\/button><button class=\"select-btn select-btn-small select-btn-default gtm-purchase-option-value\" type=\"button\" data-gtm-name=\"160\" data-gtm-label=\"160\">160<\/button><button class=\"select-btn select-btn-small select-btn-default gtm-purchase-option-value\" type=\"button\" data-gtm-name=\"200\" data-gtm-label=\"200\">200<\/button><button class=\"select-btn select-btn-small select-btn-default gtm-purchase-option-value\" type=\"button\" data-gtm-name=\"250\" data-gtm-label=\"250\">250<\/button><button class=\"select-btn select-btn-small select-btn-default gtm-purchase-option-value\" type=\"button\" data-gtm-name=\"315\" data-gtm-label=\"315\">315<\/button><button class=\"select-btn select-btn-small select-btn-default gtm-purchase-option-value\" type=\"button\" data-gtm-name=\"400\" data-gtm-label=\"400\">400<\/button><\/div>\n<\/div>\n<div class=\"flex flex-col flex-wrap gap-100 md:flex-row md:items-center gtm-purchase-option\" data-gtm-name=\"tbar_size\" data-gtm-label=\"T-bar Raster Size\">\n<p><label class=\"flex gap-050 md:w-700 leading-none hyphens-auto print:w-full print:max-w-2\/5 text-label-small\">T-bar Raster Size<\/label><\/p>\n<div class=\"flex flex-1 flex-wrap gap-050\"><button class=\"select-btn select-btn-small select-btn-selected gtm-purchase-option-value\" type=\"button\" data-gtm-name=\"600\" data-gtm-label=\"600\">600<\/button><button class=\"select-btn select-btn-small select-btn-default gtm-purchase-option-value\" type=\"button\" data-gtm-name=\"625\" data-gtm-label=\"625\">625<\/button><\/div>\n<\/div>\n<\/div>\n<div class=\"gtm-sku-info flex flex-col gap-y-050 text-label-tiny text-neutral-600\">\n<div class=\"flex flex-wrap items-baseline gap-x-100 gap-y-025\"><span class=\"gtm-article-name\">CAP-F-N-125-600-S-16-SW<\/span><span class=\"whitespace-nowrap gtm-article-number text-base font-bold\">#251892<\/span><\/div>\n<\/div>\n","protected":false},"featured_media":39221,"template":"","meta":[],"product_brand":[],"product_cat":[1907,1895,1841],"product_tag":[],"class_list":{"0":"post-39274","1":"product","2":"type-product","3":"status-publish","4":"has-post-thumbnail","6":"product_cat-diffuseurs-a-buses","7":"product_cat-diffuseurs-diffuseurs-pour-la-ventilation","8":"product_cat-produits-de-distribution-dair","10":"first","11":"instock","12":"shipping-taxable","13":"product-type-simple"},"_links":{"self":[{"href":"https:\/\/airsystems.ge\/shop\/fr\/wp-json\/wp\/v2\/product\/39274","targetHints":{"allow":["GET"]}}],"collection":[{"href":"https:\/\/airsystems.ge\/shop\/fr\/wp-json\/wp\/v2\/product"}],"about":[{"href":"https:\/\/airsystems.ge\/shop\/fr\/wp-json\/wp\/v2\/types\/product"}],"wp:featuredmedia":[{"embeddable":true,"href":"https:\/\/airsystems.ge\/shop\/fr\/wp-json\/wp\/v2\/media\/39221"}],"wp:attachment":[{"href":"https:\/\/airsystems.ge\/shop\/fr\/wp-json\/wp\/v2\/media?parent=39274"}],"wp:term":[{"taxonomy":"product_brand","embeddable":true,"href":"https:\/\/airsystems.ge\/shop\/fr\/wp-json\/wp\/v2\/product_brand?post=39274"},{"taxonomy":"product_cat","embeddable":true,"href":"https:\/\/airsystems.ge\/shop\/fr\/wp-json\/wp\/v2\/product_cat?post=39274"},{"taxonomy":"product_tag","embeddable":true,"href":"https:\/\/airsystems.ge\/shop\/fr\/wp-json\/wp\/v2\/product_tag?post=39274"}],"curies":[{"name":"wp","href":"https:\/\/api.w.org\/{rel}","templated":true}]}}