{"id":38224,"date":"2025-09-08T21:50:31","date_gmt":"2025-09-08T17:50:31","guid":{"rendered":"https:\/\/airsystems.ge\/shop\/product\/38166\/"},"modified":"2025-09-08T21:56:44","modified_gmt":"2025-09-08T17:56:44","slug":"38166","status":"publish","type":"product","link":"https:\/\/airsystems.ge\/shop\/fr\/produit\/38166\/","title":{"rendered":"Diffuseurs lin\u00e9aires KSV Diffuseur \u00e0 fentes avec d\u00e9flecteur r\u00e9glable pour une diffusion d&rsquo;air dans diverses configurations"},"content":{"rendered":"<div class=\"mb-400 gtm-product-section container-fluid\" data-gtm-name=\"Benefits\" data-gtm-label=\"Benefits (en)\" data-gtm-vis-first-on-screen53434917_103=\"83052\" data-gtm-vis-total-visible-time53434917_103=\"1500\" data-gtm-vis-has-fired53434917_103=\"1\">\n<div class=\"row\">\n<div class=\"content-element content-element-product-benefit col-12 sm:col-6 mb-400\">\n<div class=\"bg-card px-300 py-250 mobile-nav:px-200 mobile-nav:py-150 h-full flex overflow-hidden card-border\">\n<div class=\"min-w-0\">\n<p><strong>D\u00e9flecteurs r\u00e9glables<\/strong><br \/>\nLes diffuseurs KSV sont dot\u00e9s de d\u00e9flecteurs r\u00e9glables pour diriger l&rsquo;air l\u00e0 o\u00f9 il est n\u00e9cessaire.<\/p>\n<p><strong>Construction \u00e9troite<\/strong><br \/>\nSa conception \u00e9troite, fine et ergonomique fait du diffuseur KSV un choix adaptable.<\/p>\n<p><strong>Haute induction<\/strong><br \/>\nLes diffuseurs KSV b\u00e9n\u00e9ficient d&rsquo;une induction \u00e9lev\u00e9e pour un fonctionnement efficace et fiable dans de nombreuses configurations.<\/p>\n<p>Disponible en diff\u00e9rentes tailles, le KSV est un diffuseur \u00e0 fentes adaptable \u00e9quip\u00e9 de d\u00e9flecteurs r\u00e9glables. Principalement destin\u00e9 au soufflage d&rsquo;air, il convient \u00e0 une installation au plafond ou au mur, dans les locaux commerciaux, les bureaux, les b\u00e2timents publics et les locaux r\u00e9sidentiels jusqu&rsquo;\u00e0 une hauteur de 4 m. L&rsquo;installation du diffuseur KSV est possible avec ou sans pl\u00e9num de raccordement.<\/p>\n<p>Le KSV a \u00e9t\u00e9 con\u00e7u pour un confort maximal et permet un d\u00e9ploiement modulaire. De 1 \u00e0 4 fentes sont disponibles sur le diffuseur. Le KSV est fabriqu\u00e9 en profil\u00e9 d&rsquo;aluminium extrud\u00e9 avec une surface anodis\u00e9e. La partie int\u00e9rieure de la fente est en plastique. Le pl\u00e9num du diffuseur \u00e0 fente, avec embase et registre de r\u00e9glage, est en t\u00f4le d&rsquo;acier galvanis\u00e9e. Un pl\u00e9num est \u00e9galement disponible avec un mat\u00e9riau d&rsquo;isolation acoustique ou thermique.<\/p>\n<\/div>\n<\/div>\n<\/div>\n<\/div>\n<\/div>\n","protected":false},"excerpt":{"rendered":"<div>\n<p>Impulsion longue dur\u00e9e<\/p>\n<p>Haute induction<\/p>\n<p>Construction \u00e9troite<\/p>\n<p>Conception confortable<\/p>\n<\/div>\n<div class=\"flex flex-col gap-200\">\n<div class=\"flex flex-col flex-wrap gap-100 md:flex-row md:items-center gtm-purchase-option\" data-gtm-name=\"number_of_slots\" data-gtm-label=\"Number of slots\">\n<p><label class=\"flex gap-050 md:w-700 leading-none hyphens-auto print:w-full print:max-w-2\/5 text-label-small\">Number of slots<\/label><\/p>\n<div class=\"flex flex-1 flex-wrap gap-050\"><button class=\"select-btn select-btn-small select-btn-selected gtm-purchase-option-value\" type=\"button\" data-gtm-name=\"1\" data-gtm-label=\"1\">1<\/button><button class=\"select-btn select-btn-small select-btn-default gtm-purchase-option-value\" type=\"button\" data-gtm-name=\"2\" data-gtm-label=\"2\">2<\/button><button class=\"select-btn select-btn-small select-btn-default gtm-purchase-option-value\" type=\"button\" data-gtm-name=\"3\" data-gtm-label=\"3\">3<\/button><button class=\"select-btn select-btn-small select-btn-default gtm-purchase-option-value\" type=\"button\" data-gtm-name=\"4\" data-gtm-label=\"4\">4<\/button><\/div>\n<\/div>\n<div class=\"flex flex-col flex-wrap gap-100 md:flex-row md:items-center gtm-purchase-option\" data-gtm-name=\"diffuser_length\" data-gtm-label=\"Diffuser length\">\n<p><label class=\"flex gap-050 md:w-700 leading-none hyphens-auto print:w-full print:max-w-2\/5 text-label-small\">Diffuser length<\/label><\/p>\n<div class=\"flex flex-1 flex-wrap gap-050\"><button class=\"select-btn select-btn-small select-btn-selected gtm-purchase-option-value\" type=\"button\" data-gtm-name=\"600\" data-gtm-label=\"600\">600<\/button><button class=\"select-btn select-btn-small select-btn-default gtm-purchase-option-value\" type=\"button\" data-gtm-name=\"750\" data-gtm-label=\"750\">750<\/button><button class=\"select-btn select-btn-small select-btn-default gtm-purchase-option-value\" type=\"button\" data-gtm-name=\"900\" data-gtm-label=\"900\">900<\/button><button class=\"select-btn select-btn-small select-btn-default gtm-purchase-option-value\" type=\"button\" data-gtm-name=\"1050\" data-gtm-label=\"1050\">1050<\/button><button class=\"select-btn select-btn-small select-btn-default gtm-purchase-option-value\" type=\"button\" data-gtm-name=\"1200\" data-gtm-label=\"1200\">1200<\/button><button class=\"select-btn select-btn-small select-btn-default gtm-purchase-option-value\" type=\"button\" data-gtm-name=\"1350\" data-gtm-label=\"1350\">1350<\/button><button class=\"select-btn select-btn-small select-btn-default gtm-purchase-option-value\" type=\"button\" data-gtm-name=\"1500\" data-gtm-label=\"1500\">1500<\/button><button class=\"select-btn select-btn-small select-btn-default gtm-purchase-option-value\" type=\"button\" data-gtm-name=\"1650\" data-gtm-label=\"1650\">1650<\/button><button class=\"select-btn select-btn-small select-btn-default gtm-purchase-option-value\" type=\"button\" data-gtm-name=\"1800\" data-gtm-label=\"1800\">1800<\/button><button class=\"select-btn select-btn-small select-btn-default gtm-purchase-option-value\" type=\"button\" data-gtm-name=\"1950\" data-gtm-label=\"1950\">1950<\/button><\/div>\n<\/div>\n<div class=\"flex flex-col flex-wrap gap-100 md:flex-row md:items-center gtm-purchase-option\" data-gtm-name=\"colour_of_deflectors\" data-gtm-label=\"Colour of deflectors\">\n<p><label class=\"flex gap-050 md:w-700 leading-none hyphens-auto print:w-full print:max-w-2\/5 text-label-small\">Colour of deflectors<\/label><\/p>\n<div class=\"flex flex-1 flex-wrap gap-050\"><button class=\"select-btn select-btn-small select-btn-selected gtm-purchase-option-value\" type=\"button\" data-gtm-name=\"Black\" data-gtm-label=\"Black\">Black<\/button><button class=\"select-btn select-btn-small select-btn-default gtm-purchase-option-value\" type=\"button\" data-gtm-name=\"Signal white\" data-gtm-label=\"Signal white\">Signal white<\/button><\/div>\n<\/div>\n<div class=\"flex flex-col flex-wrap gap-100 md:flex-row md:items-center gtm-purchase-option\" data-gtm-name=\"diffuser_construction\" data-gtm-label=\"Diffuser construction\">\n<p><label class=\"flex gap-050 md:w-700 leading-none hyphens-auto print:w-full print:max-w-2\/5 text-label-small\">Diffuser construction<\/label><\/p>\n<div class=\"flex flex-1 flex-wrap gap-050\">\n<div class=\"dropdown-wrapper dropdown-wrapper-small w-full gtm-purchase-option-value gtm-purchase-option-value-dropdown\"><select class=\"form-dropdown form-input form-dropdown-small\"><option value=\"0\" data-gtm-name=\"Complete unit incl. side frame at both ends\" data-gtm-label=\"Complete unit incl. side frame at both ends\">Complete unit incl. side frame at both ends<\/option><option value=\"1\" data-gtm-name=\"End unit for linear assembly\" data-gtm-label=\"End unit for linear assembly\">End unit for linear assembly<\/option><option value=\"2\" data-gtm-name=\"Middle unit for linear assembly\" data-gtm-label=\"Middle unit for linear assembly\">Middle unit for linear assembly<\/option><\/select><\/div>\n<\/div>\n<\/div>\n<div class=\"flex flex-col flex-wrap gap-100 md:flex-row md:items-center gtm-purchase-option\" data-gtm-name=\"surface_finish\" data-gtm-label=\"Surface finish\">\n<p><label class=\"flex gap-050 md:w-700 leading-none hyphens-auto print:w-full print:max-w-2\/5 text-label-small\">Surface finish<\/label><\/p>\n<div class=\"flex flex-1 flex-wrap gap-050\">\n<div class=\"dropdown-wrapper dropdown-wrapper-small w-full gtm-purchase-option-value gtm-purchase-option-value-dropdown\"><select class=\"form-dropdown form-input form-dropdown-small\"><option value=\"0\" data-gtm-name=\"Anodized aluminium colour paint\" data-gtm-label=\"Anodized aluminium colour paint\">Anodized aluminium colour paint<\/option><option value=\"2\" data-gtm-name=\"Signal white (RAL9003)\" data-gtm-label=\"Signal white (RAL9003)\">Signal white (RAL9003)<\/option><\/select><\/div>\n<\/div>\n<\/div>\n<\/div>\n<div class=\"gtm-sku-info flex flex-col gap-y-050 text-label-tiny text-neutral-600\">\n<div class=\"flex flex-wrap items-baseline gap-x-100 gap-y-025\"><span class=\"gtm-article-name\">KSV-1-600-B-0-AN<\/span><span class=\"whitespace-nowrap gtm-article-number text-base font-bold\">#60351<\/span><\/div>\n<\/div>\n","protected":false},"featured_media":38170,"template":"","meta":[],"product_brand":[],"product_cat":[1895,1925,1841],"product_tag":[],"class_list":{"0":"post-38224","1":"product","2":"type-product","3":"status-publish","4":"has-post-thumbnail","6":"product_cat-diffuseurs-diffuseurs-pour-la-ventilation","7":"product_cat-diffuseurs-lineaires","8":"product_cat-produits-de-distribution-dair","10":"first","11":"instock","12":"shipping-taxable","13":"product-type-simple"},"_links":{"self":[{"href":"https:\/\/airsystems.ge\/shop\/fr\/wp-json\/wp\/v2\/product\/38224","targetHints":{"allow":["GET"]}}],"collection":[{"href":"https:\/\/airsystems.ge\/shop\/fr\/wp-json\/wp\/v2\/product"}],"about":[{"href":"https:\/\/airsystems.ge\/shop\/fr\/wp-json\/wp\/v2\/types\/product"}],"wp:featuredmedia":[{"embeddable":true,"href":"https:\/\/airsystems.ge\/shop\/fr\/wp-json\/wp\/v2\/media\/38170"}],"wp:attachment":[{"href":"https:\/\/airsystems.ge\/shop\/fr\/wp-json\/wp\/v2\/media?parent=38224"}],"wp:term":[{"taxonomy":"product_brand","embeddable":true,"href":"https:\/\/airsystems.ge\/shop\/fr\/wp-json\/wp\/v2\/product_brand?post=38224"},{"taxonomy":"product_cat","embeddable":true,"href":"https:\/\/airsystems.ge\/shop\/fr\/wp-json\/wp\/v2\/product_cat?post=38224"},{"taxonomy":"product_tag","embeddable":true,"href":"https:\/\/airsystems.ge\/shop\/fr\/wp-json\/wp\/v2\/product_tag?post=38224"}],"curies":[{"name":"wp","href":"https:\/\/api.w.org\/{rel}","templated":true}]}}