{"id":37998,"date":"2025-09-08T18:24:02","date_gmt":"2025-09-08T14:24:02","guid":{"rendered":"https:\/\/airsystems.ge\/shop\/product\/37988\/"},"modified":"2025-09-08T18:28:30","modified_gmt":"2025-09-08T14:28:30","slug":"37988","status":"publish","type":"product","link":"https:\/\/airsystems.ge\/shop\/fr\/produit\/37988\/","title":{"rendered":"Unit\u00e9s de transfert OV-R Dispositif de transfert d&rsquo;air mural circulaire"},"content":{"rendered":"<p><img loading=\"lazy\" decoding=\"async\" class=\"alignnone size-full wp-image-37951\" src=\"https:\/\/airsystems.ge\/shop\/wp-content\/uploads\/2025\/09\/filters_quality80-36.webp\" alt=\"\" width=\"1920\" height=\"648\" srcset=\"https:\/\/airsystems.ge\/shop\/wp-content\/uploads\/2025\/09\/filters_quality80-36.webp 1920w, https:\/\/airsystems.ge\/shop\/wp-content\/uploads\/2025\/09\/filters_quality80-36-400x135.webp 400w, https:\/\/airsystems.ge\/shop\/wp-content\/uploads\/2025\/09\/filters_quality80-36-1300x439.webp 1300w, https:\/\/airsystems.ge\/shop\/wp-content\/uploads\/2025\/09\/filters_quality80-36-768x259.webp 768w, https:\/\/airsystems.ge\/shop\/wp-content\/uploads\/2025\/09\/filters_quality80-36-1536x518.webp 1536w, https:\/\/airsystems.ge\/shop\/wp-content\/uploads\/2025\/09\/filters_quality80-36-860x290.webp 860w, https:\/\/airsystems.ge\/shop\/wp-content\/uploads\/2025\/09\/filters_quality80-36-430x145.webp 430w, https:\/\/airsystems.ge\/shop\/wp-content\/uploads\/2025\/09\/filters_quality80-36-700x236.webp 700w, https:\/\/airsystems.ge\/shop\/wp-content\/uploads\/2025\/09\/filters_quality80-36-150x51.webp 150w\" sizes=\"auto, (max-width: 1920px) 100vw, 1920px\" \/><\/p>\n<div class=\"mb-400 gtm-product-section container-fluid\" data-gtm-name=\"Benefits\" data-gtm-label=\"Benefits (en)\" data-gtm-vis-first-on-screen53434917_103=\"52326\" data-gtm-vis-total-visible-time53434917_103=\"1500\" data-gtm-vis-has-fired53434917_103=\"1\">\n<div class=\"row\">\n<div class=\"content-element content-element-product-benefit col-12 sm:col-6 mb-400\">\n<div class=\"bg-card px-300 py-250 mobile-nav:px-200 mobile-nav:py-150 h-full flex overflow-hidden card-border\">\n<div class=\"min-w-0\"><\/div>\n<\/div>\n<\/div>\n<\/div>\n<\/div>\n<div class=\"content-container content-container-page gtm-product-section\" data-gtm-name=\"Content\" data-gtm-label=\"Content (en)\" data-gtm-vis-first-on-screen53434917_103=\"52772\" data-gtm-vis-total-visible-time53434917_103=\"1500\" data-gtm-vis-recent-on-screen53434917_103=\"139390\" data-gtm-vis-has-fired53434917_103=\"1\">\n<div id=\"scroll-712e0274\" class=\"content-element content-element-grid gtm-component-grid mb-400 overflow-x-hidden container-screen px-0\">\n<div class=\"row mx-0 md:mx-0 pb-400 gap-y-0\">\n<div class=\"content-container content-container-grid-cell px-0 col-12 md:col-4 lg:col-4\">\n<div id=\"scroll-5f0c17b5\" class=\"break-words hyphens-auto content-element content-element-stat Stat_stat__1ggk2 Stat_stat--size-l__U0qD1 Stat_stat--color-cool__OWgK6 Stat_stat--is-card__QFUIr Stat_stat--is-in-grid__VRgRO\">\n<div class=\"Stat_text___1hYL\">\n<div class=\"richtext-wrap reset-margin-last\">\n<p><strong>Installation facile et rapide<\/strong><\/p>\n<p>Livr\u00e9 avec le tapis de rev\u00eatement AL-OV-R<\/p>\n<p><strong>Installation facile et rapide<\/strong><br \/>\nL&rsquo;OV-R pr\u00e9sente une conception compacte et profil\u00e9e pour une installation rapide et facile.<\/p>\n<p><strong>Att\u00e9nuation acoustique efficace<\/strong><br \/>\nLe diffuseur acoustique OV-R est dot\u00e9 d&rsquo;\u00e9l\u00e9ments d&rsquo;att\u00e9nuation acoustique puissants.<\/p>\n<p>Faible r\u00e9sistance au transfert d&rsquo;air<br \/>\nL&rsquo;OV-R offre une faible r\u00e9sistance au transfert d&rsquo;air pour un fonctionnement efficace dans de nombreux environnements.<\/p>\n<p>L&rsquo;OV-R est une unit\u00e9 de transfert d&rsquo;air mural qui assure un transfert d&rsquo;air efficace dans diverses installations. Elle a \u00e9t\u00e9 con\u00e7ue pour assurer le transfert d&rsquo;air entre des locaux r\u00e9sidentiels, des h\u00f4tels et des bureaux voisins, par exemple. Sa conception permet une faible r\u00e9sistance au transfert d&rsquo;air. Son design fin et compact permet un d\u00e9ploiement discret. L&rsquo;OV-R est compos\u00e9 de deux capots en t\u00f4le d&rsquo;acier galvanis\u00e9e avec rev\u00eatement par poudre.<\/p>\n<p>L&rsquo;OV-R est \u00e9quip\u00e9 d&rsquo;une mousse d&rsquo;att\u00e9nuation acoustique fix\u00e9e sur les faces int\u00e9rieures des capots. Un tapis de rev\u00eatement en mousse d&rsquo;att\u00e9nuation acoustique AL-OV-R pour l&rsquo;ouverture murale est inclus dans l&rsquo;ensemble OV-R. Il offre une att\u00e9nuation acoustique tr\u00e8s efficace. L&rsquo;OV-R g\u00e9n\u00e8re un faible niveau sonore en fonctionnement. D&rsquo;autres dimensions sont disponibles dans cette gamme.<\/p>\n<p><strong>Votre commande, votre style\u00a0!<\/strong><br \/>\nNotre produit est personnalisable selon vos pr\u00e9f\u00e9rences, vous permettant de le commander avec n&rsquo;importe quelle finition RAL pour une harmonie parfaite avec votre esth\u00e9tique.<\/p>\n<\/div>\n<\/div>\n<\/div>\n<\/div>\n<\/div>\n<\/div>\n<\/div>\n","protected":false},"excerpt":{"rendered":"<div>\n<p>Unit\u00e9s de transfert OV-R<br \/>\nDispositif de transfert d&rsquo;air mural circulaire<\/p>\n<p>Att\u00e9nuation acoustique exceptionnelle<\/p>\n<p>Faible niveau sonore g\u00e9n\u00e9r\u00e9 en fonctionnement<\/p>\n<p>Faible r\u00e9sistance au transfert d&rsquo;air<\/p>\n<p>Conception discr\u00e8te, fine et compacte<\/p>\n<\/div>\n<div class=\"flex flex-col gap-200\">\n<div class=\"flex flex-col flex-wrap gap-100 md:flex-row md:items-center gtm-purchase-option\" data-gtm-name=\"size\" data-gtm-label=\"Size\">\n<p><label class=\"flex gap-050 md:w-700 leading-none hyphens-auto print:w-full print:max-w-2\/5 text-label-small\">Size<\/label><\/p>\n<div class=\"flex flex-1 flex-wrap gap-050\"><button class=\"select-btn select-btn-small select-btn-selected gtm-purchase-option-value\" type=\"button\" data-gtm-name=\"100\" data-gtm-label=\"100\">100<\/button><button class=\"select-btn select-btn-small select-btn-default gtm-purchase-option-value\" type=\"button\" data-gtm-name=\"125\" data-gtm-label=\"125\">125<\/button><button class=\"select-btn select-btn-small select-btn-default gtm-purchase-option-value\" type=\"button\" data-gtm-name=\"160\" data-gtm-label=\"160\">160<\/button><button class=\"select-btn select-btn-small select-btn-default gtm-purchase-option-value\" type=\"button\" data-gtm-name=\"200\" data-gtm-label=\"200\">200<\/button><\/div>\n<\/div>\n<\/div>\n<div class=\"gtm-sku-info flex flex-col gap-y-050 text-label-tiny text-neutral-600\">\n<div class=\"flex flex-wrap items-baseline gap-x-100 gap-y-025\"><span class=\"gtm-article-name\">OV-R-100-SW<\/span><span class=\"whitespace-nowrap gtm-article-number text-base font-bold\">#218500<\/span><\/div>\n<\/div>\n","protected":false},"featured_media":37992,"template":"","meta":[],"product_brand":[],"product_cat":[1895,1841,1943,1949],"product_tag":[],"class_list":{"0":"post-37998","1":"product","2":"type-product","3":"status-publish","4":"has-post-thumbnail","6":"product_cat-diffuseurs-diffuseurs-pour-la-ventilation","7":"product_cat-produits-de-distribution-dair","8":"product_cat-unites-de-transfert","9":"product_cat-unites-de-transfert-dair-ov","11":"first","12":"instock","13":"shipping-taxable","14":"product-type-simple"},"_links":{"self":[{"href":"https:\/\/airsystems.ge\/shop\/fr\/wp-json\/wp\/v2\/product\/37998","targetHints":{"allow":["GET"]}}],"collection":[{"href":"https:\/\/airsystems.ge\/shop\/fr\/wp-json\/wp\/v2\/product"}],"about":[{"href":"https:\/\/airsystems.ge\/shop\/fr\/wp-json\/wp\/v2\/types\/product"}],"wp:featuredmedia":[{"embeddable":true,"href":"https:\/\/airsystems.ge\/shop\/fr\/wp-json\/wp\/v2\/media\/37992"}],"wp:attachment":[{"href":"https:\/\/airsystems.ge\/shop\/fr\/wp-json\/wp\/v2\/media?parent=37998"}],"wp:term":[{"taxonomy":"product_brand","embeddable":true,"href":"https:\/\/airsystems.ge\/shop\/fr\/wp-json\/wp\/v2\/product_brand?post=37998"},{"taxonomy":"product_cat","embeddable":true,"href":"https:\/\/airsystems.ge\/shop\/fr\/wp-json\/wp\/v2\/product_cat?post=37998"},{"taxonomy":"product_tag","embeddable":true,"href":"https:\/\/airsystems.ge\/shop\/fr\/wp-json\/wp\/v2\/product_tag?post=37998"}],"curies":[{"name":"wp","href":"https:\/\/api.w.org\/{rel}","templated":true}]}}