{"id":37959,"date":"2025-09-08T17:49:55","date_gmt":"2025-09-08T13:49:55","guid":{"rendered":"https:\/\/airsystems.ge\/shop\/product\/37932\/"},"modified":"2025-09-08T17:56:07","modified_gmt":"2025-09-08T13:56:07","slug":"37932","status":"publish","type":"product","link":"https:\/\/airsystems.ge\/shop\/fr\/produit\/37932\/","title":{"rendered":"Unit\u00e9s de transfert OV-X Dispositif de transfert d&rsquo;air mural rectangulaire"},"content":{"rendered":"<div class=\"mb-400 gtm-product-section container-fluid\" data-gtm-name=\"Benefits\" data-gtm-label=\"Benefits (en)\" data-gtm-vis-first-on-screen53434917_103=\"42148\" data-gtm-vis-total-visible-time53434917_103=\"1500\" data-gtm-vis-recent-on-screen53434917_103=\"118171\" data-gtm-vis-has-fired53434917_103=\"1\">\n<div class=\"row\">\n<div class=\"content-element content-element-product-benefit col-12 sm:col-6 mb-400\">\n<div class=\"bg-card px-300 py-250 mobile-nav:px-200 mobile-nav:py-150 h-full flex overflow-hidden card-border\">\n<div class=\"min-w-0\">\n<h2 class=\"mb-100 h3\"><img loading=\"lazy\" decoding=\"async\" class=\"alignnone size-full wp-image-37951\" src=\"https:\/\/airsystems.ge\/shop\/wp-content\/uploads\/2025\/09\/filters_quality80-36.webp\" alt=\"\" width=\"1920\" height=\"648\" srcset=\"https:\/\/airsystems.ge\/shop\/wp-content\/uploads\/2025\/09\/filters_quality80-36.webp 1920w, https:\/\/airsystems.ge\/shop\/wp-content\/uploads\/2025\/09\/filters_quality80-36-400x135.webp 400w, https:\/\/airsystems.ge\/shop\/wp-content\/uploads\/2025\/09\/filters_quality80-36-1300x439.webp 1300w, https:\/\/airsystems.ge\/shop\/wp-content\/uploads\/2025\/09\/filters_quality80-36-768x259.webp 768w, https:\/\/airsystems.ge\/shop\/wp-content\/uploads\/2025\/09\/filters_quality80-36-1536x518.webp 1536w, https:\/\/airsystems.ge\/shop\/wp-content\/uploads\/2025\/09\/filters_quality80-36-860x290.webp 860w, https:\/\/airsystems.ge\/shop\/wp-content\/uploads\/2025\/09\/filters_quality80-36-430x145.webp 430w, https:\/\/airsystems.ge\/shop\/wp-content\/uploads\/2025\/09\/filters_quality80-36-700x236.webp 700w, https:\/\/airsystems.ge\/shop\/wp-content\/uploads\/2025\/09\/filters_quality80-36-150x51.webp 150w\" sizes=\"auto, (max-width: 1920px) 100vw, 1920px\" \/><\/h2>\n<p><strong>Am\u00e9lioration acoustique<\/strong><br \/>\nLes deux panneaux avant sont \u00e9quip\u00e9s d&rsquo;un rev\u00eatement acoustique int\u00e9rieur. Cette caract\u00e9ristique a un double objectif\u00a0: elle am\u00e9liore les performances acoustiques de l&rsquo;appareil, minimise le bruit et contribue \u00e0 un environnement int\u00e9rieur plus agr\u00e9able.<\/p>\n<p><strong>Construction<\/strong><br \/>\nL&rsquo;appareil est fabriqu\u00e9 en acier, une mati\u00e8re durable qui garantit non seulement sa long\u00e9vit\u00e9, mais contribue \u00e9galement \u00e0 la robustesse globale de l&rsquo;OV-X.<\/p>\n<p><strong>Efficacit\u00e9<\/strong><br \/>\nOV-X ne fait aucun compromis sur l&rsquo;efficacit\u00e9 du transfert d&rsquo;air. Il est con\u00e7u pour maintenir une faible r\u00e9sistance au transfert d&rsquo;air, garantissant ainsi un \u00e9change d&rsquo;air efficace et fluide entre les pi\u00e8ces.<\/p>\n<p>OV-X est un dispositif de transfert d&rsquo;air performant, sp\u00e9cialement con\u00e7u pour les applications r\u00e9sidentielles, h\u00f4teli\u00e8res, de bureaux, etc. Sa fonction principale est de permettre un \u00e9change d&rsquo;air fluide entre les pi\u00e8ces adjacentes.<\/p>\n<p>OV-X se compose de deux \u00e9l\u00e9ments essentiels\u00a0: deux cadres de montage et deux panneaux avant. Ces \u00e9l\u00e9ments fonctionnent en harmonie pour cr\u00e9er un syst\u00e8me de transfert d&rsquo;air coh\u00e9rent et efficace.<\/p>\n<p>Votre commande, votre style\u00a0!<br \/>\nNotre produit est personnalisable selon vos pr\u00e9f\u00e9rences, vous permettant de le commander avec n&rsquo;importe quelle finition RAL pour une harmonie parfaite avec votre vision esth\u00e9tique.<\/p>\n<\/div>\n<\/div>\n<\/div>\n<\/div>\n<\/div>\n","protected":false},"excerpt":{"rendered":"<div>\n<p>Unit\u00e9s de transfert OV-X<br \/>\nDispositif de transfert d&rsquo;air mural rectangulaire<\/p>\n<p>Att\u00e9nuation acoustique exceptionnelle<\/p>\n<p>Faible niveau sonore g\u00e9n\u00e9r\u00e9 en fonctionnement<\/p>\n<p>Faible r\u00e9sistance au transfert d&rsquo;air<\/p>\n<p>Conception discr\u00e8te, fine et compacte<\/p>\n<p>Installation facile et rapide<\/p>\n<\/div>\n<div>\n<div class=\"dropdown-wrapper\"><select class=\"form-dropdown form-input\"><option value=\"161937\">OV-X-300-SW<\/option><option value=\"161938\">OV-X-500-SW<\/option><option value=\"161939\">OV-X-700-SW<\/option><option value=\"161940\">OV-X-850-SW<\/option><\/select><\/div>\n<\/div>\n<div class=\"gtm-sku-info flex flex-col gap-y-050 text-label-tiny text-neutral-600\">\n<div class=\"flex flex-wrap items-baseline gap-x-100 gap-y-025\"><span class=\"gtm-article-name\">OV-X-300-SW<\/span><span class=\"whitespace-nowrap gtm-article-number text-base font-bold\">#161937<\/span><\/div>\n<\/div>\n","protected":false},"featured_media":37936,"template":"","meta":[],"product_brand":[],"product_cat":[1895,1841,1943,1949],"product_tag":[],"class_list":{"0":"post-37959","1":"product","2":"type-product","3":"status-publish","4":"has-post-thumbnail","6":"product_cat-diffuseurs-diffuseurs-pour-la-ventilation","7":"product_cat-produits-de-distribution-dair","8":"product_cat-unites-de-transfert","9":"product_cat-unites-de-transfert-dair-ov","11":"first","12":"instock","13":"shipping-taxable","14":"product-type-simple"},"_links":{"self":[{"href":"https:\/\/airsystems.ge\/shop\/fr\/wp-json\/wp\/v2\/product\/37959","targetHints":{"allow":["GET"]}}],"collection":[{"href":"https:\/\/airsystems.ge\/shop\/fr\/wp-json\/wp\/v2\/product"}],"about":[{"href":"https:\/\/airsystems.ge\/shop\/fr\/wp-json\/wp\/v2\/types\/product"}],"wp:featuredmedia":[{"embeddable":true,"href":"https:\/\/airsystems.ge\/shop\/fr\/wp-json\/wp\/v2\/media\/37936"}],"wp:attachment":[{"href":"https:\/\/airsystems.ge\/shop\/fr\/wp-json\/wp\/v2\/media?parent=37959"}],"wp:term":[{"taxonomy":"product_brand","embeddable":true,"href":"https:\/\/airsystems.ge\/shop\/fr\/wp-json\/wp\/v2\/product_brand?post=37959"},{"taxonomy":"product_cat","embeddable":true,"href":"https:\/\/airsystems.ge\/shop\/fr\/wp-json\/wp\/v2\/product_cat?post=37959"},{"taxonomy":"product_tag","embeddable":true,"href":"https:\/\/airsystems.ge\/shop\/fr\/wp-json\/wp\/v2\/product_tag?post=37959"}],"curies":[{"name":"wp","href":"https:\/\/api.w.org\/{rel}","templated":true}]}}