{"id":37839,"date":"2025-09-08T14:25:58","date_gmt":"2025-09-08T10:25:58","guid":{"rendered":"https:\/\/airsystems.ge\/shop\/product\/m1b-notus-actuator-kit-for-notus-cavs\/"},"modified":"2025-09-08T14:30:39","modified_gmt":"2025-09-08T10:30:39","slug":"m1b-notus-actuator-kit-for-notus-cavs","status":"publish","type":"product","link":"https:\/\/airsystems.ge\/shop\/fr\/produit\/m1b-notus-actuator-kit-for-notus-cavs\/","title":{"rendered":"M1B-NOTUS Kit d&rsquo;actionneur pour vannes NOTUS"},"content":{"rendered":"<div class=\"content-element content-element-product-benefit col-12 sm:col-6 mb-400\">\n<div class=\"bg-card px-300 py-250 mobile-nav:px-200 mobile-nav:py-150 h-full flex overflow-hidden card-border\">\n<div class=\"min-w-0\">\n<p><strong>Haute fiabilit\u00e9 fonctionnelle<\/strong><br \/>\nL&rsquo;actionneur est prot\u00e9g\u00e9 contre les surcharges, ne n\u00e9cessite aucun contact de fin de course et s&rsquo;arr\u00eate automatiquement en but\u00e9e.<\/p>\n<p><strong>Montage direct simple<\/strong><br \/>\nMontage direct simple sur l&rsquo;arbre du registre \u00e0 l&rsquo;aide d&rsquo;un collier de serrage universel, fourni avec un dispositif antirotation pour emp\u00eacher la rotation de l&rsquo;actionneur.<\/p>\n<\/div>\n<\/div>\n<\/div>\n","protected":false},"excerpt":{"rendered":"<div>\n<p>M1B-NOTUS<br \/>\nKit d&rsquo;actionneur pour vannes NOTUS<\/p>\n<p>Montage direct simple<\/p>\n<p>Commande manuelle<\/p>\n<p>Angle de rotation r\u00e9glable<\/p>\n<p>Haute fiabilit\u00e9 fonctionnelle<\/p>\n<\/div>\n<div class=\"gtm-sku-info flex flex-col gap-y-050 text-label-tiny text-neutral-600\">\n<div class=\"flex flex-wrap items-baseline gap-x-100 gap-y-025\"><span class=\"gtm-article-name\">M1B-NOTUS<\/span><span class=\"whitespace-nowrap gtm-article-number text-base font-bold\">#94810<\/span><\/div>\n<\/div>\n","protected":false},"featured_media":37835,"template":"","meta":[],"product_brand":[],"product_cat":[1889,1866,1841],"product_tag":[],"class_list":{"0":"post-37839","1":"product","2":"type-product","3":"status-publish","4":"has-post-thumbnail","6":"product_cat-accessoires-controle-du-volume-dair","7":"product_cat-controle-du-debit-dair","8":"product_cat-produits-de-distribution-dair","10":"first","11":"instock","12":"shipping-taxable","13":"product-type-simple"},"_links":{"self":[{"href":"https:\/\/airsystems.ge\/shop\/fr\/wp-json\/wp\/v2\/product\/37839","targetHints":{"allow":["GET"]}}],"collection":[{"href":"https:\/\/airsystems.ge\/shop\/fr\/wp-json\/wp\/v2\/product"}],"about":[{"href":"https:\/\/airsystems.ge\/shop\/fr\/wp-json\/wp\/v2\/types\/product"}],"wp:featuredmedia":[{"embeddable":true,"href":"https:\/\/airsystems.ge\/shop\/fr\/wp-json\/wp\/v2\/media\/37835"}],"wp:attachment":[{"href":"https:\/\/airsystems.ge\/shop\/fr\/wp-json\/wp\/v2\/media?parent=37839"}],"wp:term":[{"taxonomy":"product_brand","embeddable":true,"href":"https:\/\/airsystems.ge\/shop\/fr\/wp-json\/wp\/v2\/product_brand?post=37839"},{"taxonomy":"product_cat","embeddable":true,"href":"https:\/\/airsystems.ge\/shop\/fr\/wp-json\/wp\/v2\/product_cat?post=37839"},{"taxonomy":"product_tag","embeddable":true,"href":"https:\/\/airsystems.ge\/shop\/fr\/wp-json\/wp\/v2\/product_tag?post=37839"}],"curies":[{"name":"wp","href":"https:\/\/api.w.org\/{rel}","templated":true}]}}