{"id":37824,"date":"2025-09-08T14:03:12","date_gmt":"2025-09-08T10:03:12","guid":{"rendered":"https:\/\/airsystems.ge\/shop\/product\/37814\/"},"modified":"2025-09-08T14:06:58","modified_gmt":"2025-09-08T10:06:58","slug":"37814","status":"publish","type":"product","link":"https:\/\/airsystems.ge\/shop\/fr\/produit\/37814\/","title":{"rendered":"M2A-NOTUS Kit d&rsquo;actionneur pour vannes NOTUS"},"content":{"rendered":"<div class=\"content-element content-element-product-benefit col-12 sm:col-6 mb-400\">\n<div class=\"bg-card px-300 py-250 mobile-nav:px-200 mobile-nav:py-150 h-full flex overflow-hidden card-border\">\n<div class=\"min-w-0\">\n<p>Montage direct simple<br \/>\nL&rsquo;actionneur se monte directement sur l&rsquo;axe du registre (\u00f86&#8230;12,7 mm) \u00e0 l&rsquo;aide d&rsquo;un collier de serrage universel, puis est fix\u00e9 avec le clip anti-rotation pour l&#8217;emp\u00eacher de tourner.<\/p>\n<p>Haute fiabilit\u00e9 de fonctionnement<br \/>\nL&rsquo;actionneur est prot\u00e9g\u00e9 contre les surcharges, ne n\u00e9cessite aucun contact de fin de course et s&rsquo;arr\u00eate automatiquement lorsque la but\u00e9e est atteinte.<\/p>\n<\/div>\n<\/div>\n<\/div>\n","protected":false},"excerpt":{"rendered":"<div>\n<p>M2A-NOTUS<br \/>\nKit d&rsquo;actionneur pour vannes NOTUS<\/p>\n<p>Montage direct simple<\/p>\n<p>Commande manuelle<\/p>\n<p>Angle de rotation r\u00e9glable<\/p>\n<p>Haute fiabilit\u00e9 de fonctionnement<\/p>\n<p>&nbsp;<\/p>\n<\/div>\n<div class=\"gtm-sku-info flex flex-col gap-y-050 text-label-tiny text-neutral-600\">\n<div class=\"flex flex-wrap items-baseline gap-x-100 gap-y-025\"><span class=\"gtm-article-name\">M2A-NOTUS<\/span><span class=\"whitespace-nowrap gtm-article-number text-base font-bold\">#94811<\/span><\/div>\n<\/div>\n","protected":false},"featured_media":37818,"template":"","meta":[],"product_brand":[],"product_cat":[1889,1866,1841],"product_tag":[],"class_list":{"0":"post-37824","1":"product","2":"type-product","3":"status-publish","4":"has-post-thumbnail","6":"product_cat-accessoires-controle-du-volume-dair","7":"product_cat-controle-du-debit-dair","8":"product_cat-produits-de-distribution-dair","10":"first","11":"instock","12":"shipping-taxable","13":"product-type-simple"},"_links":{"self":[{"href":"https:\/\/airsystems.ge\/shop\/fr\/wp-json\/wp\/v2\/product\/37824","targetHints":{"allow":["GET"]}}],"collection":[{"href":"https:\/\/airsystems.ge\/shop\/fr\/wp-json\/wp\/v2\/product"}],"about":[{"href":"https:\/\/airsystems.ge\/shop\/fr\/wp-json\/wp\/v2\/types\/product"}],"wp:featuredmedia":[{"embeddable":true,"href":"https:\/\/airsystems.ge\/shop\/fr\/wp-json\/wp\/v2\/media\/37818"}],"wp:attachment":[{"href":"https:\/\/airsystems.ge\/shop\/fr\/wp-json\/wp\/v2\/media?parent=37824"}],"wp:term":[{"taxonomy":"product_brand","embeddable":true,"href":"https:\/\/airsystems.ge\/shop\/fr\/wp-json\/wp\/v2\/product_brand?post=37824"},{"taxonomy":"product_cat","embeddable":true,"href":"https:\/\/airsystems.ge\/shop\/fr\/wp-json\/wp\/v2\/product_cat?post=37824"},{"taxonomy":"product_tag","embeddable":true,"href":"https:\/\/airsystems.ge\/shop\/fr\/wp-json\/wp\/v2\/product_tag?post=37824"}],"curies":[{"name":"wp","href":"https:\/\/api.w.org\/{rel}","templated":true}]}}