{"id":37810,"date":"2025-09-08T13:50:44","date_gmt":"2025-09-08T09:50:44","guid":{"rendered":"https:\/\/airsystems.ge\/shop\/product\/m2b-notus-actuator-kit-for-notus-cavs\/"},"modified":"2025-09-08T13:57:00","modified_gmt":"2025-09-08T09:57:00","slug":"m2b-notus-actuator-kit-for-notus-cavs","status":"publish","type":"product","link":"https:\/\/airsystems.ge\/shop\/fr\/produit\/m2b-notus-actuator-kit-for-notus-cavs\/","title":{"rendered":"M2B-NOTUS Kit d&rsquo;actionneur pour vannes NOTUS"},"content":{"rendered":"<div class=\"mb-400 gtm-product-section container-fluid\" data-gtm-name=\"Benefits\" data-gtm-label=\"Benefits (en)\" data-gtm-vis-recent-on-screen53434917_103=\"7836\" data-gtm-vis-first-on-screen53434917_103=\"7836\" data-gtm-vis-total-visible-time53434917_103=\"1500\" data-gtm-vis-has-fired53434917_103=\"1\">\n<div class=\"row\">\n<div class=\"content-element content-element-product-benefit col-12 sm:col-6 mb-400\">\n<div class=\"bg-card px-300 py-250 mobile-nav:px-200 mobile-nav:py-150 h-full flex overflow-hidden card-border\">\n<div class=\"min-w-0\">\n<p><strong>Haute fiabilit\u00e9 de fonctionnement<\/strong><br \/>\nL&rsquo;actionneur est prot\u00e9g\u00e9 contre les surcharges, ne n\u00e9cessite aucun contact de fin de course et s&rsquo;arr\u00eate automatiquement en but\u00e9e.<\/p>\n<p><strong>Montage direct simple<\/strong><br \/>\nMontage direct simple sur l&rsquo;axe du registre \u00e0 l&rsquo;aide d&rsquo;un collier de serrage universel, fourni avec un dispositif antirotation pour emp\u00eacher la rotation de l&rsquo;actionneur.<\/p>\n<p>Le kit d&rsquo;actionneur M2B-NOTUS transforme le NOTUS&#8230;M0 \u00e0 commande manuelle en NOTUS&#8230;M2 \u00e0 commande par actionneur. Il permet le r\u00e9glage \u00e0 distance du NOTUS en mode 2 points. Ce produit est con\u00e7u pour les NOTUS de diam\u00e8tre nominal compris entre 315 et 400 mm.<\/p>\n<p>Le kit d&rsquo;actionneur comprend l&rsquo;actionneur Belimo LM230, la transmission et le mat\u00e9riel de fixation.<\/p>\n<p>Alimentation\u00a0: 230\u00a0V CA<\/p>\n<p>Commande\u00a0: 230\u00a0V CA<\/p>\n<p>Consommation\u00a0: 4\u00a0VA<\/p>\n<p>Protection\u00a0: IP54<\/p>\n<\/div>\n<\/div>\n<\/div>\n<\/div>\n<\/div>\n","protected":false},"excerpt":{"rendered":"<div>\n<p>M2B-NOTUS<br \/>\nKit d&rsquo;actionneur pour vannes NOTUS<\/p>\n<p>Montage direct simple<\/p>\n<p>Commande manuelle<\/p>\n<p>Angle de rotation r\u00e9glable<\/p>\n<p>Haute fiabilit\u00e9 de fonctionnement<\/p>\n<\/div>\n<div class=\"flex flex-col gap-200\"><\/div>\n<div class=\"gtm-sku-info flex flex-col gap-y-050 text-label-tiny text-neutral-600\">\n<div class=\"flex flex-wrap items-baseline gap-x-100 gap-y-025\"><span class=\"gtm-article-name\">M2B-NOTUS<\/span><span class=\"whitespace-nowrap gtm-article-number text-base font-bold\">#94812<\/span><\/div>\n<\/div>\n","protected":false},"featured_media":37805,"template":"","meta":[],"product_brand":[],"product_cat":[1889,1866,1841],"product_tag":[],"class_list":{"0":"post-37810","1":"product","2":"type-product","3":"status-publish","4":"has-post-thumbnail","6":"product_cat-accessoires-controle-du-volume-dair","7":"product_cat-controle-du-debit-dair","8":"product_cat-produits-de-distribution-dair","10":"first","11":"instock","12":"shipping-taxable","13":"product-type-simple"},"_links":{"self":[{"href":"https:\/\/airsystems.ge\/shop\/fr\/wp-json\/wp\/v2\/product\/37810","targetHints":{"allow":["GET"]}}],"collection":[{"href":"https:\/\/airsystems.ge\/shop\/fr\/wp-json\/wp\/v2\/product"}],"about":[{"href":"https:\/\/airsystems.ge\/shop\/fr\/wp-json\/wp\/v2\/types\/product"}],"wp:featuredmedia":[{"embeddable":true,"href":"https:\/\/airsystems.ge\/shop\/fr\/wp-json\/wp\/v2\/media\/37805"}],"wp:attachment":[{"href":"https:\/\/airsystems.ge\/shop\/fr\/wp-json\/wp\/v2\/media?parent=37810"}],"wp:term":[{"taxonomy":"product_brand","embeddable":true,"href":"https:\/\/airsystems.ge\/shop\/fr\/wp-json\/wp\/v2\/product_brand?post=37810"},{"taxonomy":"product_cat","embeddable":true,"href":"https:\/\/airsystems.ge\/shop\/fr\/wp-json\/wp\/v2\/product_cat?post=37810"},{"taxonomy":"product_tag","embeddable":true,"href":"https:\/\/airsystems.ge\/shop\/fr\/wp-json\/wp\/v2\/product_tag?post=37810"}],"curies":[{"name":"wp","href":"https:\/\/api.w.org\/{rel}","templated":true}]}}