{"id":37698,"date":"2025-09-08T01:12:28","date_gmt":"2025-09-07T21:12:28","guid":{"rendered":"https:\/\/airsystems.ge\/shop\/product\/optima-r-fcs-variable-air-volume-controllers-circular-vav-unit-suitable-for-enviroments-with-dust-pollution\/"},"modified":"2025-09-08T01:15:36","modified_gmt":"2025-09-07T21:15:36","slug":"optima-r-fcs-variable-air-volume-controllers-circular-vav-unit-suitable-for-enviroments-with-dust-pollution","status":"publish","type":"product","link":"https:\/\/airsystems.ge\/shop\/fr\/produit\/optima-r-fcs-variable-air-volume-controllers-circular-vav-unit-suitable-for-enviroments-with-dust-pollution\/","title":{"rendered":"R\u00e9gulateurs de d\u00e9bit d&rsquo;air variable OPTIMA-R-FCS Unit\u00e9 VAV circulaire adapt\u00e9e aux environnements poussi\u00e9reux"},"content":{"rendered":"<div class=\"content-element content-element-product-benefit col-12 sm:col-6 mb-400\">\n<div class=\"bg-card px-300 py-250 mobile-nav:px-200 mobile-nav:py-150 h-full flex overflow-hidden card-border\">\n<div class=\"min-w-0\">\n<p><strong>Capteur de mesure statique<\/strong><br \/>\nL&rsquo;OPTIMA-R-FCS est \u00e9quip\u00e9 d&rsquo;un capteur de mesure statique, id\u00e9al pour les espaces fortement poussi\u00e9reux (sites industriels et de fabrication, ateliers, salles publiques, etc.).<\/p>\n<p><strong>Acier galvanis\u00e9<\/strong><br \/>\nLe bo\u00eetier de l&rsquo;unit\u00e9 VAV de l&rsquo;OPTIMA-R-FCS ainsi que la lame du registre de r\u00e9gulation sont en t\u00f4le d&rsquo;acier galvanis\u00e9e, ce qui les rend robustes et durables.<\/p>\n<p><strong>Calibr\u00e9 en usine<\/strong><br \/>\nLes r\u00e9gulateurs VAV et Compact sont calibr\u00e9s en usine en standard sur le volume d&rsquo;air indiqu\u00e9 dans le tableau ou, sur demande, peuvent \u00eatre ajust\u00e9s aux param\u00e8tres requis sur site avant exp\u00e9dition.<\/p>\n<\/div>\n<\/div>\n<\/div>\n","protected":false},"excerpt":{"rendered":"<div>\n<p>R\u00e9gulateurs de d\u00e9bit d&rsquo;air variable OPTIMA-R-FCS<br \/>\nUnit\u00e9 VAV circulaire adapt\u00e9e aux environnements poussi\u00e9reux<\/p>\n<p>Capteur de mesure statique<\/p>\n<p>Calibr\u00e9 en usine<\/p>\n<p>Acier galvanis\u00e9<\/p>\n<\/div>\n<div>\n<div class=\"dropdown-wrapper\"><select class=\"form-dropdown form-input\"><option value=\"471810\">OPTIMA-R-FCS-100-BM<\/option><option value=\"458052\">OPTIMA-R-FCS-100-BP<\/option><option value=\"471811\">OPTIMA-R-FCS-125-BM<\/option><option value=\"458053\">OPTIMA-R-FCS-125-BP<\/option><option value=\"471812\">OPTIMA-R-FCS-140-BM<\/option><option value=\"458057\">OPTIMA-R-FCS-140-BP<\/option><option value=\"471813\">OPTIMA-R-FCS-160-BM<\/option><option value=\"458058\">OPTIMA-R-FCS-160-BP<\/option><option value=\"471814\">OPTIMA-R-FCS-180-BM<\/option><option value=\"471738\">OPTIMA-R-FCS-180-BP<\/option><option value=\"471815\">OPTIMA-R-FCS-200-BM<\/option><option value=\"471739\">OPTIMA-R-FCS-200-BP<\/option><option value=\"471816\">OPTIMA-R-FCS-225-BM<\/option><option value=\"471758\">OPTIMA-R-FCS-225-BP<\/option><option value=\"471817\">OPTIMA-R-FCS-250-BM<\/option><option value=\"471759\">OPTIMA-R-FCS-250-BP<\/option><option value=\"471761\">OPTIMA-R-FCS-280-BP<\/option><option value=\"471762\">OPTIMA-R-FCS-315-BP<\/option><option value=\"471763\">OPTIMA-R-FCS-355-BP<\/option><option value=\"471777\">OPTIMA-R-FCS-400-BP<\/option><option value=\"471778\">OPTIMA-R-FCS-500-BP<\/option><option value=\"471779\">OPTIMA-R-FCS-630-BP<\/option><option value=\"471809\">OPTIMA-R-FCS-80-BM<\/option><option value=\"458051\">OPTIMA-R-FCS-80-BP<\/option><option value=\"474232\">OPTIMA-RI-FCS-100-BM<\/option><option value=\"474217\">OPTIMA-RI-FCS-100-BP<\/option><option value=\"474233\">OPTIMA-RI-FCS-125-BM<\/option><option value=\"474218\">OPTIMA-RI-FCS-125-BP<\/option><option value=\"474234\">OPTIMA-RI-FCS-140-BM<\/option><option value=\"474219\">OPTIMA-RI-FCS-140-BP<\/option><option value=\"474235\">OPTIMA-RI-FCS-160-BM<\/option><option value=\"474220\">OPTIMA-RI-FCS-160-BP<\/option><option value=\"474236\">OPTIMA-RI-FCS-180-BM<\/option><option value=\"474221\">OPTIMA-RI-FCS-180-BP<\/option><option value=\"474237\">OPTIMA-RI-FCS-200-BM<\/option><option value=\"474222\">OPTIMA-RI-FCS-200-BP<\/option><option value=\"474238\">OPTIMA-RI-FCS-225-BM<\/option><option value=\"474223\">OPTIMA-RI-FCS-225-BP<\/option><option value=\"474239\">OPTIMA-RI-FCS-250-BM<\/option><option value=\"474224\">OPTIMA-RI-FCS-250-BP<\/option><option value=\"474240\">OPTIMA-RI-FCS-280-BM<\/option><option value=\"474225\">OPTIMA-RI-FCS-280-BP<\/option><option value=\"474241\">OPTIMA-RI-FCS-315-BM<\/option><option value=\"474226\">OPTIMA-RI-FCS-315-BP<\/option><option value=\"474242\">OPTIMA-RI-FCS-355-BM<\/option><option value=\"474227\">OPTIMA-RI-FCS-355-BP<\/option><option value=\"474243\">OPTIMA-RI-FCS-400-BM<\/option><option value=\"474228\">OPTIMA-RI-FCS-400-BP<\/option><option value=\"474244\">OPTIMA-RI-FCS-500-BM<\/option><option value=\"474229\">OPTIMA-RI-FCS-500-BP<\/option><option value=\"474245\">OPTIMA-RI-FCS-630-BM<\/option><option value=\"474230\">OPTIMA-RI-FCS-630-BP<\/option><option value=\"474231\">OPTIMA-RI-FCS-80-BM<\/option><option value=\"474216\">OPTIMA-RI-FCS-80-BP<\/option><\/select><\/div>\n<\/div>\n<div class=\"gtm-sku-info flex flex-col gap-y-050 text-label-tiny text-neutral-600\">\n<div class=\"flex flex-wrap items-baseline gap-x-100 gap-y-025\"><span class=\"gtm-article-name\">\u10ea-100-BM<\/span><span class=\"whitespace-nowrap gtm-article-number text-base font-bold\">#471810<\/span><\/div>\n<\/div>\n","protected":false},"featured_media":37692,"template":"","meta":[],"product_brand":[],"product_cat":[1866,1878,1841],"product_tag":[],"class_list":{"0":"post-37698","1":"product","2":"type-product","3":"status-publish","4":"has-post-thumbnail","6":"product_cat-controle-du-debit-dair","7":"product_cat-controleurs-de-volume-dair-variable","8":"product_cat-produits-de-distribution-dair","10":"first","11":"instock","12":"shipping-taxable","13":"product-type-simple"},"_links":{"self":[{"href":"https:\/\/airsystems.ge\/shop\/fr\/wp-json\/wp\/v2\/product\/37698","targetHints":{"allow":["GET"]}}],"collection":[{"href":"https:\/\/airsystems.ge\/shop\/fr\/wp-json\/wp\/v2\/product"}],"about":[{"href":"https:\/\/airsystems.ge\/shop\/fr\/wp-json\/wp\/v2\/types\/product"}],"wp:featuredmedia":[{"embeddable":true,"href":"https:\/\/airsystems.ge\/shop\/fr\/wp-json\/wp\/v2\/media\/37692"}],"wp:attachment":[{"href":"https:\/\/airsystems.ge\/shop\/fr\/wp-json\/wp\/v2\/media?parent=37698"}],"wp:term":[{"taxonomy":"product_brand","embeddable":true,"href":"https:\/\/airsystems.ge\/shop\/fr\/wp-json\/wp\/v2\/product_brand?post=37698"},{"taxonomy":"product_cat","embeddable":true,"href":"https:\/\/airsystems.ge\/shop\/fr\/wp-json\/wp\/v2\/product_cat?post=37698"},{"taxonomy":"product_tag","embeddable":true,"href":"https:\/\/airsystems.ge\/shop\/fr\/wp-json\/wp\/v2\/product_tag?post=37698"}],"curies":[{"name":"wp","href":"https:\/\/api.w.org\/{rel}","templated":true}]}}