{"id":37681,"date":"2025-09-08T00:59:38","date_gmt":"2025-09-07T20:59:38","guid":{"rendered":"https:\/\/airsystems.ge\/shop\/product\/optima-r-lv-variable-air-volume-controllers-incredibly-precise-low-velocity-vav-controller-for-demand-oriented-ventilation\/"},"modified":"2025-09-08T01:05:04","modified_gmt":"2025-09-07T21:05:04","slug":"optima-r-lv-variable-air-volume-controllers-incredibly-precise-low-velocity-vav-controller-for-demand-oriented-ventilation","status":"publish","type":"product","link":"https:\/\/airsystems.ge\/shop\/fr\/produit\/optima-r-lv-variable-air-volume-controllers-incredibly-precise-low-velocity-vav-controller-for-demand-oriented-ventilation\/","title":{"rendered":"R\u00e9gulateurs de d\u00e9bit d&rsquo;air variable OPTIMA-R-LV R\u00e9gulateur VAV basse vitesse incroyablement pr\u00e9cis pour une ventilation \u00e0 la demande"},"content":{"rendered":"<p><strong>Pr\u00e9cision exceptionnelle<\/strong><br \/>\nL&rsquo;OPTIMA-LV-R fonctionne avec pr\u00e9cision pour des d\u00e9bits d&rsquo;air faibles \u00e0 moyens, mais offre une pr\u00e9cision tout aussi \u00e9lev\u00e9e pour des d\u00e9bits d&rsquo;air extr\u00eamement faibles et des pressions de gaine faibles, jusqu&rsquo;\u00e0 0,2 m\/s et 2 Pa.<\/p>\n<p><strong>Contr\u00f4le total<\/strong><br \/>\nL&rsquo;OPTIMA-LV-R est dot\u00e9 d&rsquo;un ensemble complet de fonctions de commande et de d\u00e9rogation, pour un contr\u00f4le total \u00e0 tout moment. Certains mod\u00e8les sont \u00e9galement \u00e9quip\u00e9s d&rsquo;un port de communication bus pour les protocoles Modbus RTU ou BACnet MS\/TP.<\/p>\n<p><strong>Protection int\u00e9gr\u00e9e<\/strong><br \/>\nEn cas de tr\u00e8s faible vitesse du flux d&rsquo;air, l&rsquo;algorithme du r\u00e9gulateur de d\u00e9bit OPTIMA-LV-R intervient pour prot\u00e9ger l&rsquo;actionneur des dommages m\u00e9caniques.<\/p>\n<p><strong>Fonctionnement de l&rsquo;OPTIMA-LV-R<\/strong><br \/>\nLa sonde de mesure de l&rsquo;OPTIMA-LV-R permet de mesurer en continu la pression dynamique, puis de la calculer et de la comparer \u00e0 la consigne.<\/p>\n<p>En cas d&rsquo;\u00e9cart, l&rsquo;actionneur ajuste automatiquement la position du registre afin que le d\u00e9bit d&rsquo;air reste \u00e0 la consigne.<\/p>\n<p>Cela permet \u00e0 l&rsquo;OPTIMA-LV-R de fonctionner avec pr\u00e9cision \u00e0 des vitesses d&rsquo;air tr\u00e8s faibles (jusqu&rsquo;\u00e0 0,2 m\/s) et \u00e0 des pressions de gaine faibles (\u2265 2 Pa).<\/p>\n<p>Plusieurs mod\u00e8les pour de multiples applications<br \/>\nL&rsquo;OPTIMA-LV-R est disponible en 4 types de mod\u00e8les\u00a0:<\/p>\n<p><strong>Optima-LV-R<\/strong><br \/>\nBo\u00eetier en t\u00f4le simple paroi non isol\u00e9<\/p>\n<p><strong>Optima-LV-RI<\/strong><br \/>\nBo\u00eetier en t\u00f4le double paroi isol\u00e9, avec un matelas de mousse isolant \u00e0 cellules ferm\u00e9es, assurant une isolation phonique et thermique<\/p>\n<p><strong>Optima-LV-R MOD<\/strong><br \/>\nBo\u00eetier en t\u00f4le simple paroi non isol\u00e9<\/p>\n<p>Port de communication bus pour protocole Modbus RTU ou BACnet MS\/TP<\/p>\n<p><strong>Optima-LV-RI MOD<\/strong><br \/>\nBo\u00eetier en t\u00f4le double paroi isol\u00e9, avec un matelas de mousse isolant \u00e0 cellules ferm\u00e9es, assurant une isolation phonique et thermique<\/p>\n<p>Port de communication bus pour protocole Modbus RTU ou BACnet MS\/TP<\/p>\n","protected":false},"excerpt":{"rendered":"<div>\n<p>R\u00e9gulateurs de d\u00e9bit d&rsquo;air variable OPTIMA-R-LV<br \/>\nR\u00e9gulateur VAV basse vitesse incroyablement pr\u00e9cis pour une ventilation \u00e0 la demande<\/p>\n<p>\u00c9largit la gamme des r\u00e9gulateurs VAV pour les zones avec des d\u00e9bits d&rsquo;air aussi faibles que 0,2 m\/s.<\/p>\n<p>Plage de pression de fonctionnement de 2 Pa \u00e0 600 Pa.<\/p>\n<p>Les r\u00e9gulateurs \u00e9lectriques peuvent fonctionner en soufflage ou en extraction d&rsquo;air.<\/p>\n<\/div>\n<div class=\"flex flex-col gap-200\">\n<div class=\"flex flex-col flex-wrap gap-100 md:flex-row md:items-center gtm-purchase-option\" data-gtm-name=\"size\" data-gtm-label=\"Size\">\n<p><label class=\"flex gap-050 md:w-700 leading-none hyphens-auto print:w-full print:max-w-2\/5 text-label-small\">Size<\/label><\/p>\n<div class=\"flex flex-1 flex-wrap gap-050\"><button class=\"select-btn select-btn-small select-btn-selected gtm-purchase-option-value\" type=\"button\" data-gtm-name=\"100\" data-gtm-label=\"100\">100<\/button><button class=\"select-btn select-btn-small select-btn-default gtm-purchase-option-value\" type=\"button\" data-gtm-name=\"125\" data-gtm-label=\"125\">125<\/button><button class=\"select-btn select-btn-small select-btn-default gtm-purchase-option-value\" type=\"button\" data-gtm-name=\"140\" data-gtm-label=\"140\">140<\/button><button class=\"select-btn select-btn-small select-btn-default gtm-purchase-option-value\" type=\"button\" data-gtm-name=\"160\" data-gtm-label=\"160\">160<\/button><button class=\"select-btn select-btn-small select-btn-default gtm-purchase-option-value\" type=\"button\" data-gtm-name=\"180\" data-gtm-label=\"180\">180<\/button><button class=\"select-btn select-btn-small select-btn-default gtm-purchase-option-value\" type=\"button\" data-gtm-name=\"200\" data-gtm-label=\"200\">200<\/button><button class=\"select-btn select-btn-small select-btn-default gtm-purchase-option-value\" type=\"button\" data-gtm-name=\"250\" data-gtm-label=\"250\">250<\/button><button class=\"select-btn select-btn-small select-btn-default gtm-purchase-option-value\" type=\"button\" data-gtm-name=\"315\" data-gtm-label=\"315\">315<\/button><button class=\"select-btn select-btn-small select-btn-default gtm-purchase-option-value\" type=\"button\" data-gtm-name=\"400\" data-gtm-label=\"400\">400<\/button><\/div>\n<\/div>\n<div class=\"flex flex-col flex-wrap gap-100 md:flex-row md:items-center gtm-purchase-option\" data-gtm-name=\"insulation\" data-gtm-label=\"Insulation\">\n<p><label class=\"flex gap-050 md:w-700 leading-none hyphens-auto print:w-full print:max-w-2\/5 text-label-small\">Insulation<\/label><\/p>\n<div class=\"flex flex-1 flex-wrap gap-050\"><button class=\"select-btn select-btn-small select-btn-selected gtm-purchase-option-value\" type=\"button\" data-gtm-name=\"Non-insulated\" data-gtm-label=\"Non-insulated\">Non-insulated<\/button><button class=\"select-btn select-btn-small select-btn-default gtm-purchase-option-value\" type=\"button\" data-gtm-name=\"Insulated\" data-gtm-label=\"Insulated\">Insulated<\/button><\/div>\n<\/div>\n<div class=\"flex flex-col flex-wrap gap-100 md:flex-row md:items-center gtm-purchase-option\" data-gtm-name=\"controller_type\" data-gtm-label=\"Controller type\">\n<p><label class=\"flex gap-050 md:w-700 leading-none hyphens-auto print:w-full print:max-w-2\/5 text-label-small\">Controller type<\/label><\/p>\n<div class=\"flex flex-1 flex-wrap gap-050\">\n<div class=\"dropdown-wrapper dropdown-wrapper-small w-full gtm-purchase-option-value gtm-purchase-option-value-dropdown\"><select class=\"form-dropdown form-input form-dropdown-small\"><option value=\"0\" data-gtm-name=\"Analog communication 0...10 V\" data-gtm-label=\"Analog communication 0...10 V\">Analog communication 0&#8230;10 V<\/option><option value=\"1\" data-gtm-name=\"BUS Communication Modbus \/ BACnet\" data-gtm-label=\"BUS Communication Modbus \/ BACnet\">BUS Communication Modbus \/ BACnet<\/option><\/select><\/div>\n<\/div>\n<\/div>\n<\/div>\n<div class=\"gtm-sku-info flex flex-col gap-y-050 text-label-tiny text-neutral-600\">\n<div class=\"flex flex-wrap items-baseline gap-x-100 gap-y-025\"><span class=\"gtm-article-name\">OPTIMA-R-LV-100-BP<\/span><span class=\"whitespace-nowrap gtm-article-number text-base font-bold\">#93233<\/span><\/div>\n<\/div>\n","protected":false},"featured_media":37664,"template":"","meta":[],"product_brand":[],"product_cat":[1866,1878,1841],"product_tag":[],"class_list":{"0":"post-37681","1":"product","2":"type-product","3":"status-publish","4":"has-post-thumbnail","6":"product_cat-controle-du-debit-dair","7":"product_cat-controleurs-de-volume-dair-variable","8":"product_cat-produits-de-distribution-dair","10":"first","11":"instock","12":"shipping-taxable","13":"product-type-simple"},"_links":{"self":[{"href":"https:\/\/airsystems.ge\/shop\/fr\/wp-json\/wp\/v2\/product\/37681","targetHints":{"allow":["GET"]}}],"collection":[{"href":"https:\/\/airsystems.ge\/shop\/fr\/wp-json\/wp\/v2\/product"}],"about":[{"href":"https:\/\/airsystems.ge\/shop\/fr\/wp-json\/wp\/v2\/types\/product"}],"wp:featuredmedia":[{"embeddable":true,"href":"https:\/\/airsystems.ge\/shop\/fr\/wp-json\/wp\/v2\/media\/37664"}],"wp:attachment":[{"href":"https:\/\/airsystems.ge\/shop\/fr\/wp-json\/wp\/v2\/media?parent=37681"}],"wp:term":[{"taxonomy":"product_brand","embeddable":true,"href":"https:\/\/airsystems.ge\/shop\/fr\/wp-json\/wp\/v2\/product_brand?post=37681"},{"taxonomy":"product_cat","embeddable":true,"href":"https:\/\/airsystems.ge\/shop\/fr\/wp-json\/wp\/v2\/product_cat?post=37681"},{"taxonomy":"product_tag","embeddable":true,"href":"https:\/\/airsystems.ge\/shop\/fr\/wp-json\/wp\/v2\/product_tag?post=37681"}],"curies":[{"name":"wp","href":"https:\/\/api.w.org\/{rel}","templated":true}]}}