{"id":37627,"date":"2025-09-08T00:40:51","date_gmt":"2025-09-07T20:40:51","guid":{"rendered":"https:\/\/airsystems.ge\/shop\/product\/optima-r-pc_gm-variable-air-volume-controllers-pressure-controller-for-air-ducts\/"},"modified":"2025-09-08T00:43:33","modified_gmt":"2025-09-07T20:43:33","slug":"optima-r-pc_gm-variable-air-volume-controllers-pressure-controller-for-air-ducts","status":"publish","type":"product","link":"https:\/\/airsystems.ge\/shop\/fr\/produit\/optima-r-pc_gm-variable-air-volume-controllers-pressure-controller-for-air-ducts\/","title":{"rendered":"R\u00e9gulateurs de d\u00e9bit d&rsquo;air variable OPTIMA-R-PC_GM R\u00e9gulateur de pression pour conduits d&rsquo;air"},"content":{"rendered":"<div class=\"content-element content-element-product-benefit col-12 sm:col-6 mb-400\">\n<div class=\"bg-card px-300 py-250 mobile-nav:px-200 mobile-nav:py-150 h-full flex overflow-hidden card-border\">\n<div class=\"min-w-0\">\n<p><strong>Contr\u00f4le pr\u00e9cis<\/strong><br \/>\nG\u00e8re la pression d&rsquo;air dans les syst\u00e8mes de ventilation avec une erreur de mesure de seulement 5 %. Convient \u00e0 divers environnements tels que les bureaux, les laboratoires et les \u00e9tablissements de sant\u00e9.<\/p>\n<p><strong>Compact et efficace<\/strong><br \/>\nConception optimis\u00e9e pour un gain de place et une rentabilit\u00e9 optimale. Convient aux conduits circulaires de 80 mm \u00e0 630 mm de diam\u00e8tre.<\/p>\n<p><strong>Isolation en option<\/strong><br \/>\nChoisissez le mod\u00e8le isol\u00e9 pour une r\u00e9duction du bruit gr\u00e2ce \u00e0 une mousse \u00e0 cellules ferm\u00e9es durable de 19 mm d&rsquo;\u00e9paisseur. Id\u00e9al pour les applications sensibles au bruit.<\/p>\n<p><strong>Connectivit\u00e9 avanc\u00e9e<\/strong><br \/>\n\u00c9quip\u00e9 de la communication Modbus-RTU pour une int\u00e9gration flexible. Les signaux de consigne et de retour analogiques am\u00e9liorent les options de contr\u00f4le.<\/p>\n<\/div>\n<\/div>\n<\/div>\n","protected":false},"excerpt":{"rendered":"<div>\n<p>R\u00e9gulateurs de d\u00e9bit d&rsquo;air variable OPTIMA-R-PC_GM<br \/>\nR\u00e9gulateur de pression pour conduits d&rsquo;air<\/p>\n<p>Classe d&rsquo;\u00e9tanch\u00e9it\u00e9 4C<\/p>\n<p>Haute pr\u00e9cision de mesure\/r\u00e9gulation<\/p>\n<p>Plage de r\u00e9gulation de pression jusqu&rsquo;\u00e0 500 Pa<\/p>\n<p>Conception compacte et \u00e9conomique<\/p>\n<p>Port de communication bus disponible<\/p>\n<\/div>\n<div>\n<div class=\"dropdown-wrapper\"><select class=\"form-dropdown form-input\"><option value=\"476203\">OPTIMA-R-PC-100-GM<\/option><option value=\"476204\">OPTIMA-R-PC-125-GM<\/option><option value=\"476205\">OPTIMA-R-PC-140-GM<\/option><option value=\"476206\">OPTIMA-R-PC-160-GM<\/option><option value=\"476207\">OPTIMA-R-PC-180-GM<\/option><option value=\"476208\">OPTIMA-R-PC-200-GM<\/option><option value=\"476209\">OPTIMA-R-PC-225-GM<\/option><option value=\"476686\">OPTIMA-R-PC-250-GM<\/option><option value=\"476687\">OPTIMA-R-PC-280-GM<\/option><option value=\"476212\">OPTIMA-R-PC-315-GM<\/option><option value=\"476213\">OPTIMA-R-PC-355-GM<\/option><option value=\"476214\">OPTIMA-R-PC-400-GM<\/option><option value=\"476215\">OPTIMA-R-PC-500-GM<\/option><option value=\"476216\">OPTIMA-R-PC-630-GM<\/option><option value=\"476202\">OPTIMA-R-PC-80-GM<\/option><option value=\"476218\">OPTIMA-RI-PC-100-GM<\/option><option value=\"476219\">OPTIMA-RI-PC-125-GM<\/option><option value=\"476220\">OPTIMA-RI-PC-140-GM<\/option><option value=\"476221\">OPTIMA-RI-PC-160-GM<\/option><option value=\"476222\">OPTIMA-RI-PC-180-GM<\/option><option value=\"476223\">OPTIMA-RI-PC-200-GM<\/option><option value=\"476224\">OPTIMA-RI-PC-225-GM<\/option><option value=\"476225\">OPTIMA-RI-PC-250-GM<\/option><option value=\"476226\">OPTIMA-RI-PC-280-GM<\/option><option value=\"476227\">OPTIMA-RI-PC-315-GM<\/option><option value=\"476228\">OPTIMA-RI-PC-355-GM<\/option><option value=\"476229\">OPTIMA-RI-PC-400-GM<\/option><option value=\"476230\">OPTIMA-RI-PC-500-GM<\/option><option value=\"476231\">OPTIMA-RI-PC-630-GM<\/option><option value=\"476217\">OPTIMA-RI-PC-80-GM<\/option><\/select><\/div>\n<\/div>\n<div class=\"gtm-sku-info flex flex-col gap-y-050 text-label-tiny text-neutral-600\">\n<div class=\"flex flex-wrap items-baseline gap-x-100 gap-y-025\"><span class=\"gtm-article-name\">OPTIMA-R-PC-100-GM<\/span><span class=\"whitespace-nowrap gtm-article-number text-base font-bold\">#476203<\/span><\/div>\n<\/div>\n","protected":false},"featured_media":37622,"template":"","meta":[],"product_brand":[],"product_cat":[1866,1878,1841],"product_tag":[],"class_list":{"0":"post-37627","1":"product","2":"type-product","3":"status-publish","4":"has-post-thumbnail","6":"product_cat-controle-du-debit-dair","7":"product_cat-controleurs-de-volume-dair-variable","8":"product_cat-produits-de-distribution-dair","10":"first","11":"instock","12":"shipping-taxable","13":"product-type-simple"},"_links":{"self":[{"href":"https:\/\/airsystems.ge\/shop\/fr\/wp-json\/wp\/v2\/product\/37627","targetHints":{"allow":["GET"]}}],"collection":[{"href":"https:\/\/airsystems.ge\/shop\/fr\/wp-json\/wp\/v2\/product"}],"about":[{"href":"https:\/\/airsystems.ge\/shop\/fr\/wp-json\/wp\/v2\/types\/product"}],"wp:featuredmedia":[{"embeddable":true,"href":"https:\/\/airsystems.ge\/shop\/fr\/wp-json\/wp\/v2\/media\/37622"}],"wp:attachment":[{"href":"https:\/\/airsystems.ge\/shop\/fr\/wp-json\/wp\/v2\/media?parent=37627"}],"wp:term":[{"taxonomy":"product_brand","embeddable":true,"href":"https:\/\/airsystems.ge\/shop\/fr\/wp-json\/wp\/v2\/product_brand?post=37627"},{"taxonomy":"product_cat","embeddable":true,"href":"https:\/\/airsystems.ge\/shop\/fr\/wp-json\/wp\/v2\/product_cat?post=37627"},{"taxonomy":"product_tag","embeddable":true,"href":"https:\/\/airsystems.ge\/shop\/fr\/wp-json\/wp\/v2\/product_tag?post=37627"}],"curies":[{"name":"wp","href":"https:\/\/api.w.org\/{rel}","templated":true}]}}