{"id":37417,"date":"2025-09-07T23:04:35","date_gmt":"2025-09-07T19:04:35","guid":{"rendered":"https:\/\/airsystems.ge\/shop\/product\/tune-r-b-dampers-control-damper-for-round-ducts-providing-effective-air-volume-regulation\/"},"modified":"2025-09-07T23:07:47","modified_gmt":"2025-09-07T19:07:47","slug":"tune-r-b-dampers-control-damper-for-round-ducts-providing-effective-air-volume-regulation","status":"publish","type":"product","link":"https:\/\/airsystems.ge\/shop\/fr\/produit\/tune-r-b-dampers-control-damper-for-round-ducts-providing-effective-air-volume-regulation\/","title":{"rendered":"Registres TUNE-R-B Registre de r\u00e9gulation pour conduits ronds assurant une r\u00e9gulation efficace du d\u00e9bit d&rsquo;air  Installation facile  Construction en acier  R\u00e9gulation du d\u00e9bit d&rsquo;air  Dimensions disponibles  Installation facile La conception sp\u00e9ciale du registre de r\u00e9gulation TUNE-R-B permet de fixer facilement le d\u00e9bit d&rsquo;air \u00e0 la position souhait\u00e9e sans outil.  Dimensions disponibles Le TUNE-R-B propose diff\u00e9rentes dimensions, de 100 \u00e0 315 mm, adapt\u00e9es \u00e0 une large gamme d&rsquo;installations.  Construction en acier Le registre est fabriqu\u00e9 en acier galvanis\u00e9. Des versions en acier inoxydable sont \u00e9galement disponibles.  Le TUNE-R-B est un registre de r\u00e9gulation con\u00e7u pour les conduits ronds. Il est \u00e9quip\u00e9 d&rsquo;une commande manuelle en plastique et pr\u00e9sente une faible classe d&rsquo;\u00e9tanch\u00e9it\u00e9. Il permet une r\u00e9gulation efficace du d\u00e9bit d&rsquo;air dans le syst\u00e8me de conduits. Sa conception sp\u00e9ciale permet de fixer facilement le d\u00e9bit d&rsquo;air \u00e0 la position souhait\u00e9e sans outil. Le registre est fabriqu\u00e9 en t\u00f4le d&rsquo;acier galvanis\u00e9e. Il peut \u00e9galement \u00eatre fabriqu\u00e9 en acier inoxydable si n\u00e9cessaire, sous les r\u00e9f\u00e9rences A-304 ou A-316. Les bagues en plastique sont en PPO.  Le TUNE-R-B est disponible en diff\u00e9rents diam\u00e8tres, de 100 \u00e0 315 mm. Ce registre de r\u00e9gulation peut fonctionner jusqu&rsquo;\u00e0 une temp\u00e9rature maximale de 80 \u00b0C. Sa pression maximale de fonctionnement dans le conduit est de 500 Pa. Des registres d&rsquo;arr\u00eat et des registres avec une classe d&rsquo;\u00e9tanch\u00e9it\u00e9 sup\u00e9rieure sont disponibles dans le catalogue TUNE-R."},"content":{"rendered":"<div class=\"mb-400 gtm-product-section container-fluid\" data-gtm-name=\"Benefits\" data-gtm-label=\"Benefits (en)\" data-gtm-vis-recent-on-screen53434917_103=\"112677\" data-gtm-vis-first-on-screen53434917_103=\"112677\" data-gtm-vis-total-visible-time53434917_103=\"1500\" data-gtm-vis-has-fired53434917_103=\"1\">\n<div class=\"row\">\n<div class=\"content-element content-element-product-benefit col-12 sm:col-6 mb-400\">\n<div class=\"bg-card px-300 py-250 mobile-nav:px-200 mobile-nav:py-150 h-full flex overflow-hidden card-border\">\n<div class=\"min-w-0\">\n<p><strong>Installation facile<\/strong><br \/>\nLa conception sp\u00e9ciale du registre de r\u00e9gulation TUNE-R-B permet de fixer facilement le d\u00e9bit d&rsquo;air \u00e0 la position souhait\u00e9e sans outil.<\/p>\n<p><strong>Dimensions disponibles<\/strong><br \/>\nLe TUNE-R-B propose diff\u00e9rentes dimensions, de 100 \u00e0 315 mm, adapt\u00e9es \u00e0 une large gamme d&rsquo;installations.<\/p>\n<p><strong>Construction en acier<\/strong><br \/>\nLe registre est fabriqu\u00e9 en acier galvanis\u00e9. Des versions en acier inoxydable sont \u00e9galement disponibles.<\/p>\n<p>Le TUNE-R-B est un registre de r\u00e9gulation con\u00e7u pour les conduits ronds. Il est \u00e9quip\u00e9 d&rsquo;une commande manuelle en plastique et pr\u00e9sente une faible classe d&rsquo;\u00e9tanch\u00e9it\u00e9. Il permet une r\u00e9gulation efficace du d\u00e9bit d&rsquo;air dans le syst\u00e8me de conduits. Sa conception sp\u00e9ciale permet de fixer facilement le d\u00e9bit d&rsquo;air \u00e0 la position souhait\u00e9e sans outil. Le registre est fabriqu\u00e9 en t\u00f4le d&rsquo;acier galvanis\u00e9e. Il peut \u00e9galement \u00eatre fabriqu\u00e9 en acier inoxydable si n\u00e9cessaire, sous les r\u00e9f\u00e9rences A-304 ou A-316. Les bagues en plastique sont en PPO.<\/p>\n<p>Le TUNE-R-B est disponible en diff\u00e9rents diam\u00e8tres, de 100 \u00e0 315 mm. Ce registre de r\u00e9gulation peut fonctionner jusqu&rsquo;\u00e0 une temp\u00e9rature maximale de 80 \u00b0C. Sa pression maximale de fonctionnement dans le conduit est de 500 Pa. Des registres d&rsquo;arr\u00eat et des registres avec une classe d&rsquo;\u00e9tanch\u00e9it\u00e9 sup\u00e9rieure sont disponibles dans le catalogue TUNE-R.<\/p>\n<\/div>\n<\/div>\n<\/div>\n<\/div>\n<\/div>\n","protected":false},"excerpt":{"rendered":"<div class=\"row\">\n<div class=\"col-12 text-style-body-small\">\n<div class=\"richtext-wrap reset-margin-last\">\n<p>Registres TUNE-R-B<br \/>\nRegistre de r\u00e9gulation pour conduits ronds assurant une r\u00e9gulation efficace du d\u00e9bit d&rsquo;air<\/p>\n<p>Installation facile<\/p>\n<p>Construction en acier<\/p>\n<p>R\u00e9gulation du d\u00e9bit d&rsquo;air<\/p>\n<p>Dimensions disponibles<\/p>\n<p>&nbsp;<\/p>\n<\/div>\n<\/div>\n<\/div>\n<div class=\"flex flex-col gap-200\">\n<div class=\"flex flex-col flex-wrap gap-100 md:flex-row md:items-center gtm-purchase-option\" data-gtm-name=\"size\" data-gtm-label=\"Size\">\n<p><label class=\"flex gap-050 md:w-700 leading-none hyphens-auto print:w-full print:max-w-2\/5 text-label-small\">Size<\/label><\/p>\n<div class=\"flex flex-1 flex-wrap gap-050\"><button class=\"select-btn select-btn-small select-btn-selected gtm-purchase-option-value\" type=\"button\" data-gtm-name=\"100\" data-gtm-label=\"100\">100<\/button><button class=\"select-btn select-btn-small select-btn-default gtm-purchase-option-value\" type=\"button\" data-gtm-name=\"125\" data-gtm-label=\"125\">125<\/button><button class=\"select-btn select-btn-small select-btn-default gtm-purchase-option-value\" type=\"button\" data-gtm-name=\"140\" data-gtm-label=\"140\">140<\/button><button class=\"select-btn select-btn-small select-btn-default gtm-purchase-option-value\" type=\"button\" data-gtm-name=\"160\" data-gtm-label=\"160\">160<\/button><button class=\"select-btn select-btn-small select-btn-default gtm-purchase-option-value\" type=\"button\" data-gtm-name=\"180\" data-gtm-label=\"180\">180<\/button><button class=\"select-btn select-btn-small select-btn-default gtm-purchase-option-value\" type=\"button\" data-gtm-name=\"200\" data-gtm-label=\"200\">200<\/button><button class=\"select-btn select-btn-small select-btn-default gtm-purchase-option-value\" type=\"button\" data-gtm-name=\"250\" data-gtm-label=\"250\">250<\/button><button class=\"select-btn select-btn-small select-btn-default gtm-purchase-option-value\" type=\"button\" data-gtm-name=\"280\" data-gtm-label=\"280\">280<\/button><button class=\"select-btn select-btn-small select-btn-default gtm-purchase-option-value\" type=\"button\" data-gtm-name=\"315\" data-gtm-label=\"315\">315<\/button><\/div>\n<\/div>\n<\/div>\n<div class=\"gtm-sku-info flex flex-col gap-y-050 text-label-tiny text-neutral-600\">\n<div class=\"flex flex-wrap items-baseline gap-x-100 gap-y-025\"><span class=\"gtm-article-name\">TUNE-R-100-B<\/span><span class=\"whitespace-nowrap gtm-article-number text-base font-bold\">#311900<\/span><\/div>\n<\/div>\n","protected":false},"featured_media":37406,"template":"","meta":[],"product_brand":[],"product_cat":[1884,1866,1841],"product_tag":[],"class_list":{"0":"post-37417","1":"product","2":"type-product","3":"status-publish","4":"has-post-thumbnail","6":"product_cat-amortisseurs","7":"product_cat-controle-du-debit-dair","8":"product_cat-produits-de-distribution-dair","10":"first","11":"instock","12":"shipping-taxable","13":"product-type-simple"},"_links":{"self":[{"href":"https:\/\/airsystems.ge\/shop\/fr\/wp-json\/wp\/v2\/product\/37417","targetHints":{"allow":["GET"]}}],"collection":[{"href":"https:\/\/airsystems.ge\/shop\/fr\/wp-json\/wp\/v2\/product"}],"about":[{"href":"https:\/\/airsystems.ge\/shop\/fr\/wp-json\/wp\/v2\/types\/product"}],"wp:featuredmedia":[{"embeddable":true,"href":"https:\/\/airsystems.ge\/shop\/fr\/wp-json\/wp\/v2\/media\/37406"}],"wp:attachment":[{"href":"https:\/\/airsystems.ge\/shop\/fr\/wp-json\/wp\/v2\/media?parent=37417"}],"wp:term":[{"taxonomy":"product_brand","embeddable":true,"href":"https:\/\/airsystems.ge\/shop\/fr\/wp-json\/wp\/v2\/product_brand?post=37417"},{"taxonomy":"product_cat","embeddable":true,"href":"https:\/\/airsystems.ge\/shop\/fr\/wp-json\/wp\/v2\/product_cat?post=37417"},{"taxonomy":"product_tag","embeddable":true,"href":"https:\/\/airsystems.ge\/shop\/fr\/wp-json\/wp\/v2\/product_tag?post=37417"}],"curies":[{"name":"wp","href":"https:\/\/api.w.org\/{rel}","templated":true}]}}