{"id":37379,"date":"2025-09-07T22:42:11","date_gmt":"2025-09-07T18:42:11","guid":{"rendered":"https:\/\/airsystems.ge\/shop\/product\/tune-r-ahu-dampers-circular-air-flow-adjustment-and-shut-off-damper-suitable-for-indoor-and-outdoor-settings\/"},"modified":"2025-09-07T22:45:57","modified_gmt":"2025-09-07T18:45:57","slug":"tune-r-ahu-dampers-circular-air-flow-adjustment-and-shut-off-damper-suitable-for-indoor-and-outdoor-settings","status":"publish","type":"product","link":"https:\/\/airsystems.ge\/shop\/fr\/produit\/tune-r-ahu-dampers-circular-air-flow-adjustment-and-shut-off-damper-suitable-for-indoor-and-outdoor-settings\/","title":{"rendered":"Registres TUNE-R-AHU Registre de r\u00e9glage et d&rsquo;arr\u00eat du d\u00e9bit d&rsquo;air circulaire, adapt\u00e9 aux environnements int\u00e9rieurs et ext\u00e9rieurs"},"content":{"rendered":"<div class=\"mb-400 gtm-product-section container-fluid\" data-gtm-name=\"Benefits\" data-gtm-label=\"Benefits (en)\" data-gtm-vis-first-on-screen53434917_103=\"46433\" data-gtm-vis-total-visible-time53434917_103=\"1500\" data-gtm-vis-has-fired53434917_103=\"1\">\n<div class=\"row\">\n<div class=\"content-element content-element-product-benefit col-12 sm:col-6 mb-400\">\n<div class=\"bg-card px-300 py-250 mobile-nav:px-200 mobile-nav:py-150 h-full flex overflow-hidden card-border\">\n<div class=\"min-w-0\">\n<p><strong>Registre de r\u00e9glage et d&rsquo;arr\u00eat du d\u00e9bit d&rsquo;air<\/strong><br \/>\nLe TUNE-R pour CTA agit \u00e0 la fois comme r\u00e9gulateur de d\u00e9bit d&rsquo;air et comme registre d&rsquo;arr\u00eat lorsqu&rsquo;il est install\u00e9 dans des conduits circulaires.<\/p>\n<p><strong>Acier galvanis\u00e9<\/strong><br \/>\nLes registres Tune-R sont fabriqu\u00e9s en t\u00f4le d&rsquo;acier galvanis\u00e9. La lame est \u00e9quip\u00e9e d&rsquo;un joint en caoutchouc qui emp\u00eache toute fuite lorsqu&rsquo;elle est ferm\u00e9e.<\/p>\n<p><strong>Utilisation int\u00e9rieure\/ext\u00e9rieure<\/strong><br \/>\nLes registres peuvent \u00eatre utilis\u00e9s efficacement en int\u00e9rieur et, de mani\u00e8re conditionnelle, en ext\u00e9rieur.<\/p>\n<p>Le TUNE-R pour CTA est principalement con\u00e7u pour \u00eatre int\u00e9gr\u00e9 aux centrales de traitement d&rsquo;air et aux syst\u00e8mes de ventilation afin de garantir le r\u00e9glage du d\u00e9bit d&rsquo;air et l&rsquo;\u00e9tanch\u00e9it\u00e9 \u00e0 l&rsquo;air. Les registres peuvent \u00eatre utilis\u00e9s en int\u00e9rieur et, de mani\u00e8re conditionnelle, en ext\u00e9rieur. Ils sont \u00e9quip\u00e9s d&rsquo;un actionneur \u00e9lectrique avec ressort de rappel en position ferm\u00e9e en cas de coupure de courant. Une commande et un r\u00e9glage manuels sont \u00e9galement possibles.<\/p>\n<p>Disponibles en diff\u00e9rentes tailles, les registres fonctionnent dans les deux sens du flux d&rsquo;air. Leur \u00e9tanch\u00e9it\u00e9 \u00e0 l&rsquo;air est class\u00e9e C4 selon la norme EN1751 pour une plage de pression maximale de 1\u00a0000 Pa. Leur plage de temp\u00e9rature de fonctionnement s&rsquo;\u00e9tend de -20 \u00b0C \u00e0 100 \u00b0C en gaine, ou jusqu&rsquo;\u00e0 50 \u00b0C avec un actionneur. Les registres TUNE-R sont fabriqu\u00e9s en t\u00f4le d&rsquo;acier galvanis\u00e9e. La lame est \u00e9quip\u00e9e d&rsquo;un joint en caoutchouc qui \u00e9limine les fuites en position ferm\u00e9e. L&rsquo;arbre de la lame repose sur des paliers polym\u00e8res autolubrifiants.<\/p>\n<\/div>\n<\/div>\n<\/div>\n<\/div>\n<\/div>\n","protected":false},"excerpt":{"rendered":"<div>\n<p>Registres TUNE-R-AHU<br \/>\nRegistre de r\u00e9glage et d&rsquo;arr\u00eat du d\u00e9bit d&rsquo;air circulaire, adapt\u00e9 aux environnements int\u00e9rieurs et ext\u00e9rieurs<\/p>\n<p>Utilisation int\u00e9rieure\/ext\u00e9rieure<\/p>\n<p>Construction en acier<\/p>\n<p>Manuel ou par servomoteur<\/p>\n<p>Sans entretien<\/p>\n<\/div>\n<div class=\"flex flex-col gap-200\">\n<div class=\"flex flex-col flex-wrap gap-100 md:flex-row md:items-center gtm-purchase-option\" data-gtm-name=\"size\" data-gtm-label=\"Size\">\n<p><label class=\"flex gap-050 md:w-700 leading-none hyphens-auto print:w-full print:max-w-2\/5 text-label-small\">Size<\/label><\/p>\n<div class=\"flex flex-1 flex-wrap gap-050\"><button class=\"select-btn select-btn-small select-btn-selected gtm-purchase-option-value\" type=\"button\" data-gtm-name=\"200\" data-gtm-label=\"200\">200<\/button><button class=\"select-btn select-btn-small select-btn-default gtm-purchase-option-value\" type=\"button\" data-gtm-name=\"250\" data-gtm-label=\"250\">250<\/button><button class=\"select-btn select-btn-small select-btn-default gtm-purchase-option-value\" type=\"button\" data-gtm-name=\"315\" data-gtm-label=\"315\">315<\/button><button class=\"select-btn select-btn-small select-btn-default gtm-purchase-option-value\" type=\"button\" data-gtm-name=\"400\" data-gtm-label=\"400\">400<\/button><button class=\"select-btn select-btn-small select-btn-default gtm-purchase-option-value\" type=\"button\" data-gtm-name=\"500\" data-gtm-label=\"500\">500<\/button><button class=\"select-btn select-btn-small select-btn-default gtm-purchase-option-value\" type=\"button\" data-gtm-name=\"630\" data-gtm-label=\"630\">630<\/button><\/div>\n<\/div>\n<\/div>\n<div class=\"gtm-sku-info flex flex-col gap-y-050 text-label-tiny text-neutral-600\">\n<div class=\"flex flex-wrap items-baseline gap-x-100 gap-y-025\"><span class=\"gtm-article-name\">TUNE-R-200-3-LF24<\/span><span class=\"whitespace-nowrap gtm-article-number text-base font-bold\">#87582<\/span><\/div>\n<div class=\"flex flex-wrap items-baseline gap-x-100 gap-y-025\"><span class=\"hyphens-auto\">Frequency:<\/span>\u00a050 Hz<\/div>\n<\/div>\n","protected":false},"featured_media":37368,"template":"","meta":[],"product_brand":[],"product_cat":[1884,1866,1841],"product_tag":[],"class_list":{"0":"post-37379","1":"product","2":"type-product","3":"status-publish","4":"has-post-thumbnail","6":"product_cat-amortisseurs","7":"product_cat-controle-du-debit-dair","8":"product_cat-produits-de-distribution-dair","10":"first","11":"instock","12":"shipping-taxable","13":"product-type-simple"},"_links":{"self":[{"href":"https:\/\/airsystems.ge\/shop\/fr\/wp-json\/wp\/v2\/product\/37379","targetHints":{"allow":["GET"]}}],"collection":[{"href":"https:\/\/airsystems.ge\/shop\/fr\/wp-json\/wp\/v2\/product"}],"about":[{"href":"https:\/\/airsystems.ge\/shop\/fr\/wp-json\/wp\/v2\/types\/product"}],"wp:featuredmedia":[{"embeddable":true,"href":"https:\/\/airsystems.ge\/shop\/fr\/wp-json\/wp\/v2\/media\/37368"}],"wp:attachment":[{"href":"https:\/\/airsystems.ge\/shop\/fr\/wp-json\/wp\/v2\/media?parent=37379"}],"wp:term":[{"taxonomy":"product_brand","embeddable":true,"href":"https:\/\/airsystems.ge\/shop\/fr\/wp-json\/wp\/v2\/product_brand?post=37379"},{"taxonomy":"product_cat","embeddable":true,"href":"https:\/\/airsystems.ge\/shop\/fr\/wp-json\/wp\/v2\/product_cat?post=37379"},{"taxonomy":"product_tag","embeddable":true,"href":"https:\/\/airsystems.ge\/shop\/fr\/wp-json\/wp\/v2\/product_tag?post=37379"}],"curies":[{"name":"wp","href":"https:\/\/api.w.org\/{rel}","templated":true}]}}