{"id":37346,"date":"2025-09-07T22:27:56","date_gmt":"2025-09-07T18:27:56","guid":{"rendered":"https:\/\/airsystems.ge\/shop\/product\/37337\/"},"modified":"2025-09-07T22:30:54","modified_gmt":"2025-09-07T18:30:54","slug":"37337","status":"publish","type":"product","link":"https:\/\/airsystems.ge\/shop\/fr\/produit\/37337\/","title":{"rendered":"Registres TUNE-S-AHU Registres rectangulaires multi-lames adapt\u00e9s aux centrales de traitement d&rsquo;air et aux syst\u00e8mes de ventilation"},"content":{"rendered":"<div class=\"mb-400 gtm-product-section container-fluid\" data-gtm-name=\"Benefits\" data-gtm-label=\"Benefits (en)\" data-gtm-vis-recent-on-screen53434917_103=\"23189\" data-gtm-vis-first-on-screen53434917_103=\"23190\" data-gtm-vis-total-visible-time53434917_103=\"1500\" data-gtm-vis-has-fired53434917_103=\"1\">\n<div class=\"row\">\n<div class=\"content-element content-element-product-benefit col-12 sm:col-6 mb-400\">\n<div class=\"bg-card px-300 py-250 mobile-nav:px-200 mobile-nav:py-150 h-full flex overflow-hidden card-border\">\n<div class=\"min-w-0\">\n<p><strong>Fonctionnement manuel ou par servomoteur<\/strong><br \/>\nLe TUNE-S-AHU est \u00e9quip\u00e9 d&rsquo;un servomoteur \u00e9lectrique \u00e0 ressort de rappel qui se ferme en cas de coupure de courant. Un fonctionnement manuel est \u00e9galement possible.<\/p>\n<p><strong>Construction en acier galvanis\u00e9<\/strong><br \/>\nLe bo\u00eetier et la bride du TUNE-AHU-SE sont en t\u00f4le d&rsquo;acier galvanis\u00e9e.<\/p>\n<p><strong>Large plage de temp\u00e9ratures de fonctionnement<\/strong><br \/>\nLe TUNE-S-AHU offre une plage de temp\u00e9ratures de fonctionnement de -20 \u00b0C \u00e0 100 \u00b0C lorsqu&rsquo;il est install\u00e9 en gaine, ou jusqu&rsquo;\u00e0 50 \u00b0C lorsqu&rsquo;il est install\u00e9 sur le servomoteur.<\/p>\n<p>Les TUNE-S-AHU sont des registres rectangulaires multi-lames qui assurent un r\u00e9glage efficace du d\u00e9bit d&rsquo;air et une fonction d&rsquo;arr\u00eat dans les centrales de traitement d&rsquo;air et les syst\u00e8mes de ventilation. Disponibles en diff\u00e9rentes tailles, ces registres sont con\u00e7us pour une utilisation en int\u00e9rieur et en ext\u00e9rieur, sous certaines conditions climatiques, lorsqu&rsquo;ils sont install\u00e9s sur le corps d&rsquo;un ventilateur ou dans une section de conduit rectangulaire. L&rsquo;unit\u00e9 est \u00e9quip\u00e9e d&rsquo;un actionneur \u00e9lectrique \u00e0 ressort de rappel qui se ferme en cas de panne de courant. Le fonctionnement et le r\u00e9glage manuels sont \u00e9galement possibles.<\/p>\n<p>Les unit\u00e9s peuvent fonctionner dans les deux sens du flux d&rsquo;air. L&rsquo;\u00e9tanch\u00e9it\u00e9 du registre est class\u00e9e C4 selon la norme EN 1751, pour une plage de pression allant jusqu&rsquo;\u00e0 1\u00a0000 Pa. Il s&rsquo;agit de la pression maximale recommand\u00e9e dans le conduit pour ce produit. La temp\u00e9rature de fonctionnement est comprise entre -20 \u00b0C et 100 \u00b0C dans le conduit, et jusqu&rsquo;\u00e0 50 \u00b0C maximum sur l&rsquo;actionneur. La bride et le bo\u00eetier du TUNE-S-AHU sont en t\u00f4le d&rsquo;acier galvanis\u00e9e. Les ailettes \u00e0 action oppos\u00e9e sont en profil\u00e9s d&rsquo;aluminium extrud\u00e9 et sont \u00e9quip\u00e9es d&rsquo;un joint en caoutchouc, \u00e9liminant ainsi les fuites d&rsquo;air en position ferm\u00e9e.<\/p>\n<\/div>\n<\/div>\n<\/div>\n<\/div>\n<\/div>\n","protected":false},"excerpt":{"rendered":"<div>\n<p>Registres TUNE-S-AHU<br \/>\nRegistres rectangulaires multi-lames adapt\u00e9s aux centrales de traitement d&rsquo;air et aux syst\u00e8mes de ventilation<\/p>\n<p>Manuel ou par servomoteur<\/p>\n<p>Construction en acier<\/p>\n<p>Sans entretien<\/p>\n<p>Utilisation int\u00e9rieure ou ext\u00e9rieure sous certaines conditions<\/p>\n<\/div>\n<div>\n<div class=\"dropdown-wrapper\"><select class=\"form-dropdown form-input\"><option value=\"79894\">TUNE-AHU-SE001-500&#215;250-TF24<\/option><option value=\"79895\">TUNE-AHU-SE002-500&#215;300-TF24<\/option><option value=\"79896\">TUNE-AHU-SE003-600&#215;300-TF24<\/option><option value=\"79897\">TUNE-AHU-SE004-600&#215;400-TF24<\/option><option value=\"79898\">TUNE-AHU-SE005-600&#215;500-LF24<\/option><option value=\"79899\">TUNE-AHU-SE006-700&#215;300-TF24<\/option><option value=\"79937\">TUNE-AHU-SE007-700&#215;400-LF24<\/option><option value=\"79938\">TUNE-AHU-SE008-800&#215;350-LF24<\/option><option value=\"79939\">TUNE-AHU-SE009-800&#215;400-LF24<\/option><option value=\"79940\">TUNE-AHU-SE010-1000&#215;350-LF24<\/option><option value=\"79941\">TUNE-AHU-SE011-400&#215;200-TF24<\/option><option value=\"234980\">TUNE-AHU-SE014-500&#215;400-TF24<\/option><option value=\"251030\">TUNE-AHU-SE015-900&#215;300-LF24<\/option><option value=\"251031\">TUNE-AHU-SE016-1000&#215;500-LF24<\/option><option value=\"251032\">TUNE-AHU-SE017-1100&#215;300-LF24<\/option><option value=\"251033\">TUNE-AHU-SE018-1200&#215;500-NF24<\/option><option value=\"466506\">TUNE-AHU-SE021-300&#215;150-TF24<\/option><option value=\"474179\">TUNE-AHU-SE022-300&#215;250-TF24<\/option><option value=\"474180\">TUNE-AHU-SE023-400&#215;350-TF24<\/option><option value=\"474181\">TUNE-AHU-SE024-700&#215;500-LF24<\/option><\/select><\/div>\n<\/div>\n<div class=\"gtm-sku-info flex flex-col gap-y-050 text-label-tiny text-neutral-600\">\n<div class=\"flex flex-wrap items-baseline gap-x-100 gap-y-025\"><span class=\"gtm-article-name\">TUNE-AHU-SE001-500&#215;250-TF24<\/span><span class=\"whitespace-nowrap gtm-article-number text-base font-bold\">#79894<\/span><\/div>\n<div class=\"flex flex-wrap items-baseline gap-x-100 gap-y-025\"><span class=\"hyphens-auto\">Frequency:<\/span>\u00a050 Hz<\/div>\n<\/div>\n","protected":false},"featured_media":37341,"template":"","meta":[],"product_brand":[],"product_cat":[1884,1866,1841],"product_tag":[],"class_list":{"0":"post-37346","1":"product","2":"type-product","3":"status-publish","4":"has-post-thumbnail","6":"product_cat-amortisseurs","7":"product_cat-controle-du-debit-dair","8":"product_cat-produits-de-distribution-dair","10":"first","11":"instock","12":"shipping-taxable","13":"product-type-simple"},"_links":{"self":[{"href":"https:\/\/airsystems.ge\/shop\/fr\/wp-json\/wp\/v2\/product\/37346","targetHints":{"allow":["GET"]}}],"collection":[{"href":"https:\/\/airsystems.ge\/shop\/fr\/wp-json\/wp\/v2\/product"}],"about":[{"href":"https:\/\/airsystems.ge\/shop\/fr\/wp-json\/wp\/v2\/types\/product"}],"wp:featuredmedia":[{"embeddable":true,"href":"https:\/\/airsystems.ge\/shop\/fr\/wp-json\/wp\/v2\/media\/37341"}],"wp:attachment":[{"href":"https:\/\/airsystems.ge\/shop\/fr\/wp-json\/wp\/v2\/media?parent=37346"}],"wp:term":[{"taxonomy":"product_brand","embeddable":true,"href":"https:\/\/airsystems.ge\/shop\/fr\/wp-json\/wp\/v2\/product_brand?post=37346"},{"taxonomy":"product_cat","embeddable":true,"href":"https:\/\/airsystems.ge\/shop\/fr\/wp-json\/wp\/v2\/product_cat?post=37346"},{"taxonomy":"product_tag","embeddable":true,"href":"https:\/\/airsystems.ge\/shop\/fr\/wp-json\/wp\/v2\/product_tag?post=37346"}],"curies":[{"name":"wp","href":"https:\/\/api.w.org\/{rel}","templated":true}]}}