{"id":37223,"date":"2025-09-07T16:02:09","date_gmt":"2025-09-07T12:02:09","guid":{"rendered":"https:\/\/airsystems.ge\/shop\/product\/oden-insulated-plenum-box-for-use-with-nova-grilles\/"},"modified":"2025-09-07T16:05:59","modified_gmt":"2025-09-07T12:05:59","slug":"oden-insulated-plenum-box-for-use-with-nova-grilles","status":"publish","type":"product","link":"https:\/\/airsystems.ge\/shop\/fr\/produit\/oden-insulated-plenum-box-for-use-with-nova-grilles\/","title":{"rendered":"ODEN Pl\u00e9num de raccordement isol\u00e9 pour grilles NOVA plenum box"},"content":{"rendered":"<div class=\"mb-400 gtm-product-section container-fluid\" data-gtm-name=\"Benefits\" data-gtm-label=\"Benefits (en)\" data-gtm-vis-first-on-screen53434917_103=\"4504727\" data-gtm-vis-total-visible-time53434917_103=\"1500\" data-gtm-vis-has-fired53434917_103=\"1\">\n<div class=\"row\">\n<div class=\"content-element content-element-product-benefit col-12 sm:col-6 mb-400\">\n<div class=\"bg-card px-300 py-250 mobile-nav:px-200 mobile-nav:py-150 h-full flex overflow-hidden card-border\">\n<div class=\"min-w-0\">\n<p><strong>Pl\u00e9num de raccordement<\/strong><br \/>\nODEN est un pl\u00e9num de raccordement con\u00e7u pour les grilles NOVA et s&rsquo;installe \u00e0 l&rsquo;extr\u00e9mit\u00e9 des conduits circulaires.<\/p>\n<p><strong>\u00c9quilibrage de la distribution<\/strong><br \/>\nCe produit est con\u00e7u pour \u00e9quilibrer la distribution de l&rsquo;air sur l&rsquo;ensemble de la grille.<\/p>\n<p><strong>Soufflage\/Reprise d&rsquo;air<\/strong><br \/>\nLe pl\u00e9num de raccordement isol\u00e9 ODEN est con\u00e7u pour le soufflage et l&rsquo;extraction d&rsquo;air.<\/p>\n<p>ODEN est un pl\u00e9num de raccordement isol\u00e9 con\u00e7u pour les grilles NOVA. Il s&rsquo;installe \u00e0 l&rsquo;extr\u00e9mit\u00e9 des conduits circulaires et supprime le recours \u00e0 l&rsquo;UR-NOVA. Il est dot\u00e9 d&rsquo;une entr\u00e9e circulaire et d&rsquo;une sortie rectangulaire. Fabriqu\u00e9 en t\u00f4le d&rsquo;acier galvanis\u00e9e, ODEN se compose d&rsquo;un caisson, d&rsquo;un carter, d&rsquo;une isolation interne, d&rsquo;un raccord de grille, d&rsquo;un raccord de conduit et d&rsquo;un registre ZEUS.<\/p>\n<p>Le raccord de grille est dot\u00e9 d&rsquo;un manchon de longueur r\u00e9glable. Le raccordement du conduit se fait \u00e0 l&rsquo;arri\u00e8re, sur le c\u00f4t\u00e9 long ou court, et est \u00e9quip\u00e9 d&rsquo;un joint en caoutchouc. Le registre ZEUS contient des tubes en plastique pour la mesure de la perte de charge.<\/p>\n<\/div>\n<\/div>\n<\/div>\n<\/div>\n<\/div>\n","protected":false},"excerpt":{"rendered":"<p>Pl\u00e9num de raccordement isol\u00e9 pour grilles NOVA<\/p>\n<p>Soufflage\/Reprise d&rsquo;air<\/p>\n<p>Distribution \u00e9quilibr\u00e9e<\/p>\n<p>Installation de conduits circulaires<\/p>\n<p>T\u00f4le d&rsquo;acier galvanis\u00e9e<\/p>\n","protected":false},"featured_media":38327,"template":"","meta":[],"product_brand":[],"product_cat":[1860,1850,1841],"product_tag":[],"class_list":{"0":"post-37223","1":"product","2":"type-product","3":"status-publish","4":"has-post-thumbnail","6":"product_cat-accessoires-grilles-de-ventilation","7":"product_cat-grilles-de-ventilation","8":"product_cat-produits-de-distribution-dair","10":"first","11":"instock","12":"shipping-taxable","13":"product-type-simple"},"_links":{"self":[{"href":"https:\/\/airsystems.ge\/shop\/fr\/wp-json\/wp\/v2\/product\/37223","targetHints":{"allow":["GET"]}}],"collection":[{"href":"https:\/\/airsystems.ge\/shop\/fr\/wp-json\/wp\/v2\/product"}],"about":[{"href":"https:\/\/airsystems.ge\/shop\/fr\/wp-json\/wp\/v2\/types\/product"}],"wp:featuredmedia":[{"embeddable":true,"href":"https:\/\/airsystems.ge\/shop\/fr\/wp-json\/wp\/v2\/media\/38327"}],"wp:attachment":[{"href":"https:\/\/airsystems.ge\/shop\/fr\/wp-json\/wp\/v2\/media?parent=37223"}],"wp:term":[{"taxonomy":"product_brand","embeddable":true,"href":"https:\/\/airsystems.ge\/shop\/fr\/wp-json\/wp\/v2\/product_brand?post=37223"},{"taxonomy":"product_cat","embeddable":true,"href":"https:\/\/airsystems.ge\/shop\/fr\/wp-json\/wp\/v2\/product_cat?post=37223"},{"taxonomy":"product_tag","embeddable":true,"href":"https:\/\/airsystems.ge\/shop\/fr\/wp-json\/wp\/v2\/product_tag?post=37223"}],"curies":[{"name":"wp","href":"https:\/\/api.w.org\/{rel}","templated":true}]}}