{"id":36868,"date":"2025-09-07T12:04:12","date_gmt":"2025-09-07T08:04:12","guid":{"rendered":"https:\/\/airsystems.ge\/shop\/product\/nova-d-grilles-non-transparent-diffusion-grille-ideal-for-door-or-wall-installations\/"},"modified":"2025-09-07T12:19:40","modified_gmt":"2025-09-07T08:19:40","slug":"nova-d-grilles-non-transparent-diffusion-grille-ideal-for-door-or-wall-installations","status":"publish","type":"product","link":"https:\/\/airsystems.ge\/shop\/fr\/produit\/nova-d-grilles-non-transparent-diffusion-grille-ideal-for-door-or-wall-installations\/","title":{"rendered":"Grilles NOVA-D Grille de diffusion opaque id\u00e9ale pour les installations sur portes ou murs"},"content":{"rendered":"<div class=\"mb-400 gtm-product-section container-fluid\" data-gtm-name=\"Benefits\" data-gtm-label=\"Benefits (en)\" data-gtm-vis-first-on-screen53434917_103=\"105782\" data-gtm-vis-total-visible-time53434917_103=\"1500\" data-gtm-vis-recent-on-screen53434917_103=\"302947\" data-gtm-vis-has-fired53434917_103=\"1\">\n<div class=\"row\">\n<div class=\"content-element content-element-product-benefit col-12 sm:col-6 mb-400\">\n<div class=\"bg-card px-300 py-250 mobile-nav:px-200 mobile-nav:py-150 h-full flex overflow-hidden card-border\">\n<div class=\"min-w-0\">\n<p><strong>L\u00e9g\u00e8re<\/strong><br \/>\nLa grille NOVA-D est une grille de diffusion l\u00e9g\u00e8re et opaque, qui peut \u00eatre install\u00e9e sur des portes ou des murs.<\/p>\n<p><strong>Utilisation industrielle et commerciale<\/strong><br \/>\nLa grille NOVA-D est con\u00e7ue pour une utilisation dans les environnements industriels et commerciaux o\u00f9 l&rsquo;esth\u00e9tique est un crit\u00e8re important.<\/p>\n<p><strong>Aluminium<\/strong><br \/>\nLa grille NOVA-D est fabriqu\u00e9e \u00e0 partir de profil\u00e9s en aluminium anodis\u00e9 et se compose d&rsquo;un cadre et d&rsquo;une couche de lamelles fixes.<\/p>\n<p>La grille NOVA-D est une grille de diffusion opaque con\u00e7ue pour une circulation d&rsquo;air libre des deux c\u00f4t\u00e9s. Disponible en diff\u00e9rentes tailles, l&rsquo;unit\u00e9 est con\u00e7ue pour une installation dans les portes et les murs et assure une ventilation discr\u00e8te dans les environnements o\u00f9 l&rsquo;esth\u00e9tique est primordiale. Elle est couramment utilis\u00e9e dans de nombreux locaux industriels et commerciaux.<\/p>\n<p>NOVA-D est fabriqu\u00e9 \u00e0 partir de profil\u00e9s en aluminium anodis\u00e9, ce qui les rend \u00e0 la fois l\u00e9gers et robustes. Il est compos\u00e9 d&rsquo;un cadre et d&rsquo;une rang\u00e9e de lames fixes. Il est propos\u00e9 en finition anodis\u00e9e ou thermolaqu\u00e9e blanc de s\u00e9curit\u00e9 RAL9003 en standard. D&rsquo;autres couleurs RAL sont disponibles sur demande si l&rsquo;installation l&rsquo;exige.<\/p>\n<p><strong>Votre commande, votre style\u00a0!<\/strong><br \/>\nNotre produit est personnalisable selon vos pr\u00e9f\u00e9rences, vous permettant de le commander avec n&rsquo;importe quelle finition RAL pour une harmonie parfaite avec votre vision esth\u00e9tique.<\/p>\n<\/div>\n<\/div>\n<\/div>\n<\/div>\n<\/div>\n","protected":false},"excerpt":{"rendered":"<div>\n<p>Grille de diffusion opaque id\u00e9ale pour les installations sur portes ou murs<\/p>\n<p>Ombre<\/p>\n<p>L\u00e9g\u00e8re<\/p>\n<p>Design esth\u00e9tique<\/p>\n<p>Utilisation industrielle et commerciale<\/p>\n<\/div>\n<div class=\"flex flex-col gap-200\">\n<div class=\"flex flex-col flex-wrap gap-100 md:flex-row md:items-center gtm-purchase-option\" data-gtm-name=\"length\" data-gtm-label=\"Length\">\n<p>Longueur<\/p>\n<div class=\"flex flex-1 flex-wrap gap-050\"><button class=\"select-btn select-btn-small select-btn-selected gtm-purchase-option-value\" type=\"button\" data-gtm-name=\"200\" data-gtm-label=\"200\">200<\/button><button class=\"select-btn select-btn-small select-btn-default gtm-purchase-option-value\" type=\"button\" data-gtm-name=\"300\" data-gtm-label=\"300\">300<\/button><button class=\"select-btn select-btn-small select-btn-default gtm-purchase-option-value\" type=\"button\" data-gtm-name=\"400\" data-gtm-label=\"400\">400<\/button><button class=\"select-btn select-btn-small select-btn-default gtm-purchase-option-value\" type=\"button\" data-gtm-name=\"500\" data-gtm-label=\"500\">500<\/button><button class=\"select-btn select-btn-small select-btn-default gtm-purchase-option-value\" type=\"button\" data-gtm-name=\"600\" data-gtm-label=\"600\">600<\/button><button class=\"select-btn select-btn-small select-btn-default gtm-purchase-option-value\" type=\"button\" data-gtm-name=\"800\" data-gtm-label=\"800\">800<\/button><button class=\"select-btn select-btn-small select-btn-default gtm-purchase-option-value\" type=\"button\" data-gtm-name=\"225\" data-gtm-label=\"225\">225<\/button><button class=\"select-btn select-btn-small select-btn-default gtm-purchase-option-value\" type=\"button\" data-gtm-name=\"325\" data-gtm-label=\"325\">325<\/button><button class=\"select-btn select-btn-small select-btn-default gtm-purchase-option-value\" type=\"button\" data-gtm-name=\"425\" data-gtm-label=\"425\">425<\/button><button class=\"select-btn select-btn-small select-btn-default gtm-purchase-option-value\" type=\"button\" data-gtm-name=\"525\" data-gtm-label=\"525\">525<\/button><button class=\"select-btn select-btn-small select-btn-default gtm-purchase-option-value\" type=\"button\" data-gtm-name=\"625\" data-gtm-label=\"625\">625<\/button><button class=\"select-btn select-btn-small select-btn-default gtm-purchase-option-value\" type=\"button\" data-gtm-name=\"825\" data-gtm-label=\"825\">825<\/button><button class=\"select-btn select-btn-small select-btn-default gtm-purchase-option-value\" type=\"button\" data-gtm-name=\"1025\" data-gtm-label=\"1025\">1025<\/button><\/div>\n<\/div>\n<div class=\"flex flex-col flex-wrap gap-100 md:flex-row md:items-center gtm-purchase-option\" data-gtm-name=\"height\" data-gtm-label=\"Height\">\n<p>Hauteur<\/p>\n<div class=\"flex flex-1 flex-wrap gap-050\"><button class=\"select-btn select-btn-small select-btn-selected gtm-purchase-option-value\" type=\"button\" data-gtm-name=\"100\" data-gtm-label=\"100\">100<\/button><button class=\"select-btn select-btn-small select-btn-default gtm-purchase-option-value\" type=\"button\" data-gtm-name=\"150\" data-gtm-label=\"150\">150<\/button><button class=\"select-btn select-btn-small select-btn-default select-btn-disabled gtm-purchase-option-value\" type=\"button\" data-gtm-name=\"200\" data-gtm-label=\"200\">200<\/button><button class=\"select-btn select-btn-small select-btn-default select-btn-disabled gtm-purchase-option-value\" type=\"button\" data-gtm-name=\"300\" data-gtm-label=\"300\">300<\/button><button class=\"select-btn select-btn-small select-btn-default select-btn-disabled gtm-purchase-option-value\" type=\"button\" data-gtm-name=\"400\" data-gtm-label=\"400\">400<\/button><button class=\"select-btn select-btn-small select-btn-default select-btn-disabled gtm-purchase-option-value\" type=\"button\" data-gtm-name=\"500\" data-gtm-label=\"500\">500<\/button><button class=\"select-btn select-btn-small select-btn-default select-btn-disabled gtm-purchase-option-value\" type=\"button\" data-gtm-name=\"125\" data-gtm-label=\"125\">125<\/button><button class=\"select-btn select-btn-small select-btn-default select-btn-disabled gtm-purchase-option-value\" type=\"button\" data-gtm-name=\"225\" data-gtm-label=\"225\">225<\/button><button class=\"select-btn select-btn-small select-btn-default select-btn-disabled gtm-purchase-option-value\" type=\"button\" data-gtm-name=\"325\" data-gtm-label=\"325\">325<\/button><button class=\"select-btn select-btn-small select-btn-default select-btn-disabled gtm-purchase-option-value\" type=\"button\" data-gtm-name=\"425\" data-gtm-label=\"425\">425<\/button><button class=\"select-btn select-btn-small select-btn-default select-btn-disabled gtm-purchase-option-value\" type=\"button\" data-gtm-name=\"525\" data-gtm-label=\"525\">525<\/button><\/div>\n<\/div>\n<div class=\"flex flex-col flex-wrap gap-100 md:flex-row md:items-center gtm-purchase-option\" data-gtm-name=\"mounting\" data-gtm-label=\"Mounting\">\n<p>Fixation<\/p>\n<div class=\"flex flex-1 flex-wrap gap-050\"><button class=\"select-btn select-btn-small select-btn-default gtm-purchase-option-value\" type=\"button\" data-gtm-name=\"Glue\" data-gtm-label=\"Glue\">Vis Colle<\/button><\/div>\n<\/div>\n<div class=\"flex flex-col flex-wrap gap-100 md:flex-row md:items-center gtm-purchase-option\" data-gtm-name=\"mounting_frame\" data-gtm-label=\"Mounting frame\">\n<p>Cadre de montage<\/p>\n<div class=\"flex flex-1 flex-wrap gap-050\">\n<div class=\"dropdown-wrapper dropdown-wrapper-small w-full gtm-purchase-option-value gtm-purchase-option-value-dropdown\"><select class=\"form-dropdown form-input form-dropdown-small\"><option value=\"0\" data-gtm-name=\"Without mounting frame\" data-gtm-label=\"Without mounting frame\">[Without mounting frame]<\/option><option value=\"1\" data-gtm-name=\"UR1 - 26 \u00f7 42 mm door thickness\" data-gtm-label=\"UR1 - 26 \u00f7 42 mm door thickness\">UR1 &#8211; 26 \u00f7 42 mm door thickness<\/option><option value=\"2\" data-gtm-name=\"UR2 - 38 \u00f7 65 mm door thickness\" data-gtm-label=\"UR2 - 38 \u00f7 65 mm door thickness\">UR2 &#8211; 38 \u00f7 65 mm door thickness<\/option><\/select><\/div>\n<\/div>\n<\/div>\n<div class=\"flex flex-col flex-wrap gap-100 md:flex-row md:items-center gtm-purchase-option\" data-gtm-name=\"surface_finish\" data-gtm-label=\"Surface finish\">\n<p>Finition<\/p>\n<div class=\"flex flex-1 flex-wrap gap-050\"><button class=\"select-btn select-btn-small select-btn-selected gtm-purchase-option-value\" type=\"button\" data-gtm-name=\"Anodized aluminium finish\" data-gtm-label=\"Anodized aluminium finish\">Anodized aluminium finish<\/button><button class=\"select-btn select-btn-small select-btn-default gtm-purchase-option-value\" type=\"button\" data-gtm-name=\"Signal white (RAL9003)\" data-gtm-label=\"Signal white (RAL9003)\">Signal white (RAL9003)<\/button><\/div>\n<\/div>\n<\/div>\n","protected":false},"featured_media":36863,"template":"","meta":[],"product_brand":[],"product_cat":[1850,1854,1841],"product_tag":[],"class_list":{"0":"post-36868","1":"product","2":"type-product","3":"status-publish","4":"has-post-thumbnail","6":"product_cat-grilles-de-ventilation","7":"product_cat-grilles-nova","8":"product_cat-produits-de-distribution-dair","10":"first","11":"instock","12":"shipping-taxable","13":"product-type-simple"},"_links":{"self":[{"href":"https:\/\/airsystems.ge\/shop\/fr\/wp-json\/wp\/v2\/product\/36868","targetHints":{"allow":["GET"]}}],"collection":[{"href":"https:\/\/airsystems.ge\/shop\/fr\/wp-json\/wp\/v2\/product"}],"about":[{"href":"https:\/\/airsystems.ge\/shop\/fr\/wp-json\/wp\/v2\/types\/product"}],"wp:featuredmedia":[{"embeddable":true,"href":"https:\/\/airsystems.ge\/shop\/fr\/wp-json\/wp\/v2\/media\/36863"}],"wp:attachment":[{"href":"https:\/\/airsystems.ge\/shop\/fr\/wp-json\/wp\/v2\/media?parent=36868"}],"wp:term":[{"taxonomy":"product_brand","embeddable":true,"href":"https:\/\/airsystems.ge\/shop\/fr\/wp-json\/wp\/v2\/product_brand?post=36868"},{"taxonomy":"product_cat","embeddable":true,"href":"https:\/\/airsystems.ge\/shop\/fr\/wp-json\/wp\/v2\/product_cat?post=36868"},{"taxonomy":"product_tag","embeddable":true,"href":"https:\/\/airsystems.ge\/shop\/fr\/wp-json\/wp\/v2\/product_tag?post=36868"}],"curies":[{"name":"wp","href":"https:\/\/api.w.org\/{rel}","templated":true}]}}