{"id":36578,"date":"2025-09-04T16:44:41","date_gmt":"2025-09-04T12:44:41","guid":{"rendered":"https:\/\/airsystems.ge\/shop\/product\/krm-accessories-fire-dampers\/"},"modified":"2025-09-04T16:48:29","modified_gmt":"2025-09-04T12:48:29","slug":"krm-accessories-fire-dampers","status":"publish","type":"product","link":"https:\/\/airsystems.ge\/shop\/fr\/produit\/krm-accessories-fire-dampers\/","title":{"rendered":"Accessoires KRM pour clapets coupe-feu"},"content":{"rendered":"<div class=\"mb-400 gtm-product-section container-fluid\" data-gtm-name=\"Benefits\" data-gtm-label=\"Benefits (en)\" data-gtm-vis-first-on-screen53434917_103=\"1564\" data-gtm-vis-total-visible-time53434917_103=\"1500\" data-gtm-vis-has-fired53434917_103=\"1\">\n<div class=\"row\">\n<div class=\"content-element content-element-product-benefit col-12 sm:col-6 mb-400\">\n<div class=\"bg-card px-300 py-250 mobile-nav:px-200 mobile-nav:py-150 h-full flex overflow-hidden card-border\">\n<div class=\"min-w-0\">\n<p><strong>Support pour d\u00e9tecteur de fum\u00e9e<\/strong><br \/>\nLe KRM-KS est un accessoire pour le d\u00e9tecteur de fum\u00e9e pour conduit KRM. Il facilite le montage et assure un fonctionnement efficace.<\/p>\n<p><strong>L\u00e9ger<\/strong><br \/>\nLe KRM-KS est un support l\u00e9ger, robuste et durable.<\/p>\n<p><strong>Installation simple<\/strong><br \/>\nLe KRM-KS est simple \u00e0 installer et offre un support solide et robuste pour le d\u00e9tecteur de fum\u00e9e pour conduit KRM.<\/p>\n<p>Caract\u00e9ristiques techniques<\/p>\n<\/div>\n<\/div>\n<\/div>\n<\/div>\n<\/div>\n<div class=\"mb-400 mt-700 relative container-fluid\">\n<div class=\"gtm-product-section\" data-gtm-name=\"Tech specs\" data-gtm-label=\"Tech specs\" data-offset=\"0\" data-gtm-vis-first-on-screen53434917_103=\"7201\" data-gtm-vis-total-visible-time53434917_103=\"1500\" data-gtm-vis-has-fired53434917_103=\"1\">\n<div class=\"row gap-y-150 mb-200 desktop-nav:mb-0 md ProductPageISSections_product-info-header___9p5M\">\n<div class=\" col-12 md:col-6 md:text-right print:hidden flex items-center justify-end mobile-nav:flex-col gap-050 \">\n<div class=\"whitespace-nowrap mobile-nav:w-full\"><button class=\"gtm-product-specsheet-link btn btn-secondary btn-small btn-icon-left xs-max:btn-block\">Download spec sheet<\/button><\/div>\n<\/div>\n<\/div>\n<\/div>\n<\/div>\n","protected":false},"excerpt":{"rendered":"<p>Support pour d\u00e9tecteur de fum\u00e9e pour conduit KRM<\/p>\n<p>Support pour d\u00e9tecteur de fum\u00e9e<\/p>\n<p>L\u00e9ger<\/p>\n<p>Durable<\/p>\n<p>Installation simple<\/p>\n","protected":false},"featured_media":36566,"template":"","meta":[],"product_brand":[],"product_cat":[1818,1772],"product_tag":[],"class_list":{"0":"post-36578","1":"product","2":"type-product","3":"status-publish","4":"has-post-thumbnail","6":"product_cat-controles-de-securite-incendie","7":"product_cat-securite-incendie","9":"first","10":"instock","11":"shipping-taxable","12":"product-type-simple"},"_links":{"self":[{"href":"https:\/\/airsystems.ge\/shop\/fr\/wp-json\/wp\/v2\/product\/36578","targetHints":{"allow":["GET"]}}],"collection":[{"href":"https:\/\/airsystems.ge\/shop\/fr\/wp-json\/wp\/v2\/product"}],"about":[{"href":"https:\/\/airsystems.ge\/shop\/fr\/wp-json\/wp\/v2\/types\/product"}],"wp:featuredmedia":[{"embeddable":true,"href":"https:\/\/airsystems.ge\/shop\/fr\/wp-json\/wp\/v2\/media\/36566"}],"wp:attachment":[{"href":"https:\/\/airsystems.ge\/shop\/fr\/wp-json\/wp\/v2\/media?parent=36578"}],"wp:term":[{"taxonomy":"product_brand","embeddable":true,"href":"https:\/\/airsystems.ge\/shop\/fr\/wp-json\/wp\/v2\/product_brand?post=36578"},{"taxonomy":"product_cat","embeddable":true,"href":"https:\/\/airsystems.ge\/shop\/fr\/wp-json\/wp\/v2\/product_cat?post=36578"},{"taxonomy":"product_tag","embeddable":true,"href":"https:\/\/airsystems.ge\/shop\/fr\/wp-json\/wp\/v2\/product_tag?post=36578"}],"curies":[{"name":"wp","href":"https:\/\/api.w.org\/{rel}","templated":true}]}}