{"id":36442,"date":"2025-09-03T20:34:35","date_gmt":"2025-09-03T16:34:35","guid":{"rendered":"https:\/\/airsystems.ge\/shop\/product\/f-c2_va-circular-fire-dampers\/"},"modified":"2025-09-03T20:36:48","modified_gmt":"2025-09-03T16:36:48","slug":"f-c2_va-circular-fire-dampers","status":"publish","type":"product","link":"https:\/\/airsystems.ge\/shop\/fr\/produit\/f-c2_va-circular-fire-dampers\/","title":{"rendered":"Clapets coupe-feu circulaires F-C2_VA"},"content":{"rendered":"<div class=\"mb-400 container-fluid\">\n<div class=\"row\">\n<div class=\"md:offset-1 md:col-10\">\n<div class=\"richtext-wrap reset-margin-last text-label-small\">\n<p>Les clapets coupe-feu constituent une protection passive contre l&rsquo;incendie et sont con\u00e7us pour utiliser le compartimentage afin d&#8217;emp\u00eacher la propagation des gaz toxiques, de la fum\u00e9e et du feu. Par d\u00e9faut, les clapets coupe-feu F-C2 sont uniquement fournis avec un syst\u00e8me d&rsquo;activation \u00e0 ressort. En cas d&rsquo;incendie, le clapet se ferme automatiquement lorsque la temp\u00e9rature de l&rsquo;air dans le conduit atteint 72 \u00b0C. Le clapet F-C2 se ferme apr\u00e8s la fusion du fusible thermique. Apr\u00e8s la fermeture de la lame, celle-ci est verrouill\u00e9e m\u00e9caniquement en position ferm\u00e9e et ne peut \u00eatre ouverte que manuellement. L&rsquo;inspection peut \u00eatre effectu\u00e9e via le terminal d&rsquo;air. Le F-C2-VA est \u00e9quip\u00e9 d&rsquo;une vanne (BOR-S, BOR-R, Balance-S, Balance-E, EFF, TFF) pour le soufflage ou l&rsquo;extraction d&rsquo;air. Il offre une solution simple et compacte pour la travers\u00e9e d&rsquo;un conduit d&rsquo;air dans un compartiment coupe-feu, compl\u00e9t\u00e9e par un diffuseur.<\/p>\n<p>Documentation<\/p>\n<\/div>\n<\/div>\n<\/div>\n<\/div>\n<div class=\"mb-400 mt-700 relative container-fluid\">\n<div class=\"gtm-product-section\" data-gtm-name=\"Documentation\" data-gtm-label=\"Documentation\" data-offset=\"0\" data-gtm-vis-first-on-screen53434917_103=\"72548\" data-gtm-vis-total-visible-time53434917_103=\"1500\" data-gtm-vis-recent-on-screen53434917_103=\"91457\" data-gtm-vis-has-fired53434917_103=\"1\">\n<div class=\"row gap-y-150 mb-200 desktop-nav:mb-0 md ProductPageISSections_product-info-header___9p5M\">\n<div class=\" col-12 md:col-6 md:text-right print:hidden flex items-center justify-end mobile-nav:flex-col gap-050 \">\n<div class=\"\"><button class=\"gtm-product-specsheet-link btn btn-secondary btn-small btn-icon-left xs-max:btn-block\">Download spec sheet<\/button><\/div>\n<\/div>\n<\/div>\n<\/div>\n<\/div>\n","protected":false},"excerpt":{"rendered":"<p>Climatisation coupe-feu \u00e0 cartouche int\u00e9gr\u00e9e \u00e0 la vanne<\/p>\n<p>Performance jusqu&rsquo;\u00e0 2 heures<\/p>\n<p>Un seul produit pour plusieurs r\u00e9sistivit\u00e9s<\/p>\n<p>Les vannes sont incluses dans la livraison du clapet.<\/p>\n<p>Gain de place et facilit\u00e9 d&rsquo;installation<\/p>\n<p>Petits diam\u00e8tres<\/p>\n<p>Aucune alimentation \u00e9lectrique requise<\/p>\n<p>Inspection facile via le terminal d&rsquo;air<\/p>\n","protected":false},"featured_media":36413,"template":"","meta":[],"product_brand":[],"product_cat":[1884,1778,1789,1841],"product_tag":[],"class_list":{"0":"post-36442","1":"product","2":"type-product","3":"status-publish","4":"has-post-thumbnail","6":"product_cat-amortisseurs","7":"product_cat-clapets-coupe-feu","8":"product_cat-claques-coupe-feu-circulaires","9":"product_cat-produits-de-distribution-dair","11":"first","12":"instock","13":"shipping-taxable","14":"product-type-simple"},"_links":{"self":[{"href":"https:\/\/airsystems.ge\/shop\/fr\/wp-json\/wp\/v2\/product\/36442","targetHints":{"allow":["GET"]}}],"collection":[{"href":"https:\/\/airsystems.ge\/shop\/fr\/wp-json\/wp\/v2\/product"}],"about":[{"href":"https:\/\/airsystems.ge\/shop\/fr\/wp-json\/wp\/v2\/types\/product"}],"wp:featuredmedia":[{"embeddable":true,"href":"https:\/\/airsystems.ge\/shop\/fr\/wp-json\/wp\/v2\/media\/36413"}],"wp:attachment":[{"href":"https:\/\/airsystems.ge\/shop\/fr\/wp-json\/wp\/v2\/media?parent=36442"}],"wp:term":[{"taxonomy":"product_brand","embeddable":true,"href":"https:\/\/airsystems.ge\/shop\/fr\/wp-json\/wp\/v2\/product_brand?post=36442"},{"taxonomy":"product_cat","embeddable":true,"href":"https:\/\/airsystems.ge\/shop\/fr\/wp-json\/wp\/v2\/product_cat?post=36442"},{"taxonomy":"product_tag","embeddable":true,"href":"https:\/\/airsystems.ge\/shop\/fr\/wp-json\/wp\/v2\/product_tag?post=36442"}],"curies":[{"name":"wp","href":"https:\/\/api.w.org\/{rel}","templated":true}]}}