{"id":36406,"date":"2025-09-03T20:27:12","date_gmt":"2025-09-03T16:27:12","guid":{"rendered":"https:\/\/airsystems.ge\/shop\/product\/f-c2_of-circular-fire-dampers\/"},"modified":"2025-09-03T20:30:39","modified_gmt":"2025-09-03T16:30:39","slug":"f-c2_of-circular-fire-dampers","status":"publish","type":"product","link":"https:\/\/airsystems.ge\/shop\/fr\/produit\/f-c2_of-circular-fire-dampers\/","title":{"rendered":"Clapets coupe-feu circulaires F-C2_OF"},"content":{"rendered":"<div class=\"mb-400 container-fluid\">\n<div class=\"row\">\n<div class=\"md:offset-1 md:col-10\">\n<div class=\"richtext-wrap reset-margin-last text-label-small\">\n<p>Les clapets coupe-feu constituent une protection passive contre l&rsquo;incendie et sont con\u00e7us pour utiliser le compartimentage afin d&#8217;emp\u00eacher la propagation des gaz toxiques, de la fum\u00e9e et du feu. Par d\u00e9faut, les clapets coupe-feu F-C2 sont uniquement fournis avec un syst\u00e8me d&rsquo;activation \u00e0 ressort. En cas d&rsquo;incendie, le clapet se ferme automatiquement lorsque la temp\u00e9rature de l&rsquo;air dans le conduit atteint 72 \u00b0C. Le clapet F-C2 se ferme apr\u00e8s la fusion du fusible thermique. Apr\u00e8s la fermeture de la lame, le clapet est verrouill\u00e9 m\u00e9caniquement en position ferm\u00e9e et ne peut \u00eatre ouvert que manuellement. L&rsquo;inspection peut \u00eatre effectu\u00e9e via le terminal d&rsquo;air. Le F-C2-OF est \u00e9quip\u00e9 d&rsquo;\u00e9l\u00e9ments muraux (BOR-S, OV-R, KM) des deux c\u00f4t\u00e9s. Il est adapt\u00e9 au transfert d&rsquo;air entre les compartiments coupe-feu.<\/p>\n<p>Documentation<\/p>\n<\/div>\n<\/div>\n<\/div>\n<\/div>\n<div class=\"mb-400 mt-700 relative container-fluid\">\n<div class=\"gtm-product-section\" data-gtm-name=\"Documentation\" data-gtm-label=\"Documentation\" data-offset=\"0\" data-gtm-vis-first-on-screen53434917_103=\"36206\" data-gtm-vis-total-visible-time53434917_103=\"1500\" data-gtm-vis-recent-on-screen53434917_103=\"50558\" data-gtm-vis-has-fired53434917_103=\"1\">\n<div class=\"row gap-y-150 mb-200 desktop-nav:mb-0 md ProductPageISSections_product-info-header___9p5M\">\n<div class=\" col-12 md:col-6 md:text-right print:hidden flex items-center justify-end mobile-nav:flex-col gap-050 \">\n<div class=\"\"><button class=\"gtm-product-specsheet-link btn btn-secondary btn-small btn-icon-left xs-max:btn-block\">Download spec sheet<\/button><\/div>\n<\/div>\n<\/div>\n<\/div>\n<\/div>\n","protected":false},"excerpt":{"rendered":"<p>Claque coupe-feu \u00e0 cartouche \u00e0 d\u00e9bordement<\/p>\n<p>Performance jusqu&rsquo;\u00e0 2 heures<\/p>\n<p>Un seul produit pour plusieurs r\u00e9sistivit\u00e9s<\/p>\n<p>Les \u00e9l\u00e9ments muraux sont inclus dans la livraison du clapet.<\/p>\n<p>Con\u00e7u pour le transfert d&rsquo;air<\/p>\n<p>Possibilit\u00e9 de commander avec ou sans conduit<\/p>\n<p>Gain d&rsquo;espace et facilit\u00e9 d&rsquo;installation<\/p>\n<p>Petits diam\u00e8tres<\/p>\n<p>Aucune alimentation \u00e9lectrique requise<\/p>\n<p>Inspection facile via le terminal d&rsquo;air<\/p>\n","protected":false},"featured_media":36383,"template":"","meta":[],"product_brand":[],"product_cat":[1778,1789,1772],"product_tag":[],"class_list":{"0":"post-36406","1":"product","2":"type-product","3":"status-publish","4":"has-post-thumbnail","6":"product_cat-clapets-coupe-feu","7":"product_cat-claques-coupe-feu-circulaires","8":"product_cat-securite-incendie","10":"first","11":"instock","12":"shipping-taxable","13":"product-type-simple"},"_links":{"self":[{"href":"https:\/\/airsystems.ge\/shop\/fr\/wp-json\/wp\/v2\/product\/36406","targetHints":{"allow":["GET"]}}],"collection":[{"href":"https:\/\/airsystems.ge\/shop\/fr\/wp-json\/wp\/v2\/product"}],"about":[{"href":"https:\/\/airsystems.ge\/shop\/fr\/wp-json\/wp\/v2\/types\/product"}],"wp:featuredmedia":[{"embeddable":true,"href":"https:\/\/airsystems.ge\/shop\/fr\/wp-json\/wp\/v2\/media\/36383"}],"wp:attachment":[{"href":"https:\/\/airsystems.ge\/shop\/fr\/wp-json\/wp\/v2\/media?parent=36406"}],"wp:term":[{"taxonomy":"product_brand","embeddable":true,"href":"https:\/\/airsystems.ge\/shop\/fr\/wp-json\/wp\/v2\/product_brand?post=36406"},{"taxonomy":"product_cat","embeddable":true,"href":"https:\/\/airsystems.ge\/shop\/fr\/wp-json\/wp\/v2\/product_cat?post=36406"},{"taxonomy":"product_tag","embeddable":true,"href":"https:\/\/airsystems.ge\/shop\/fr\/wp-json\/wp\/v2\/product_tag?post=36406"}],"curies":[{"name":"wp","href":"https:\/\/api.w.org\/{rel}","templated":true}]}}