{"id":36359,"date":"2025-09-03T20:02:26","date_gmt":"2025-09-03T16:02:26","guid":{"rendered":"https:\/\/airsystems.ge\/shop\/product\/fdr-3g_ex-circular-fire-dampers\/"},"modified":"2025-09-03T20:08:51","modified_gmt":"2025-09-03T16:08:51","slug":"fdr-3g_ex-circular-fire-dampers","status":"publish","type":"product","link":"https:\/\/airsystems.ge\/shop\/fr\/produit\/fdr-3g_ex-circular-fire-dampers\/","title":{"rendered":"Clapets coupe-feu circulaires FDR-3G_EX"},"content":{"rendered":"<div class=\"mb-400 gtm-product-section container-fluid\" data-gtm-name=\"Benefits\" data-gtm-label=\"Benefits (en)\" data-gtm-vis-first-on-screen53434917_103=\"95449\" data-gtm-vis-total-visible-time53434917_103=\"1500\" data-gtm-vis-has-fired53434917_103=\"1\">\n<div class=\"row\">\n<div class=\"content-element content-element-product-benefit col-12 sm:col-6 mb-400\">\n<div class=\"bg-card px-300 py-250 mobile-nav:px-200 mobile-nav:py-150 h-full flex overflow-hidden card-border\">\n<div class=\"min-w-0\">\n<p><strong>Classe Atex<\/strong><br \/>\nGroupe II, cat\u00e9gories 2 G et 2 D.<\/p>\n<p><strong>M\u00e9canisme manuel ou \u00e0 actionneur.<\/strong><br \/>\nLe m\u00e9canisme manuel fabriqu\u00e9 par Systemair, en plastique conducteur, est con\u00e7u pour \u00e9viter les \u00e9tincelles.<\/p>\n<p><strong>Trappes d&rsquo;inspection.<\/strong><br \/>\nTous les clapets rectangulaires FDR-3G&#8230;EX de plus de 200 mm sont \u00e9quip\u00e9s de deux trappes d&rsquo;inspection.<\/p>\n<p>Efficacit\u00e9 garantie. Classe d&rsquo;\u00e9tanch\u00e9it\u00e9 sup\u00e9rieure \u00e0 la limite requise par la norme CE harmonis\u00e9e.<\/p>\n<p>Les clapets coupe-feu Atex offrent une protection incendie passive, con\u00e7ue par compartimentation pour emp\u00eacher la propagation des gaz toxiques, des fum\u00e9es et du feu. Les clapets coupe-feu standard sont con\u00e7us et certifi\u00e9s conform\u00e9ment \u00e0 la norme EN 15650 et test\u00e9s selon les crit\u00e8res EIS conform\u00e9ment \u00e0 la norme EN 1366\u20132. Les clapets coupe-feu, ainsi que leur installation, constituent un \u00e9l\u00e9ment indissociable de la r\u00e9sistance au feu.<\/p>\n<p>Cette version Atex est modifi\u00e9e par la directive 2014\/34\/UE, qui d\u00e9finit les exigences techniques applicables aux \u00e9quipements et syst\u00e8mes de protection destin\u00e9s \u00e0 \u00eatre utilis\u00e9s en atmosph\u00e8res explosibles.<\/p>\n<p><strong>Contre l&rsquo;inflammation<\/strong><br \/>\ndes gaz, groupe d&rsquo;explosion IIB,<\/p>\n<p>des poussi\u00e8res, groupe d&rsquo;explosion IIIB<\/p>\n<p><strong>Niveau de protection des \u00e9quipements<\/strong><br \/>\nDb et Gb<\/p>\n<p>Conform\u00e9ment \u00e0 la norme EN ISO 80079-36.2016<\/p>\n<p><strong>Classe de temp\u00e9rature<\/strong><br \/>\nT85 \u00b0C \u00e0 T100 \u00b0C pour Db<\/p>\n<p>T6 \u00e0 T5 pour Gb<\/p>\n<p><strong>Documentation<\/strong><\/p>\n<\/div>\n<\/div>\n<\/div>\n<\/div>\n<\/div>\n<div class=\"mb-400 mt-700 relative container-fluid\">\n<div class=\"gtm-product-section\" data-gtm-name=\"Documentation\" data-gtm-label=\"Documentation\" data-offset=\"0\" data-gtm-vis-first-on-screen53434917_103=\"98448\" data-gtm-vis-total-visible-time53434917_103=\"1500\" data-gtm-vis-has-fired53434917_103=\"1\">\n<div class=\"row gap-y-150 mb-200 desktop-nav:mb-0 md ProductPageISSections_product-info-header___9p5M\">\n<div class=\" col-12 md:col-6 md:text-right print:hidden flex items-center justify-end mobile-nav:flex-col gap-050 \">\n<div class=\"\"><button class=\"gtm-product-specsheet-link btn btn-secondary btn-small btn-icon-left xs-max:btn-block\">Download spec sheet<\/button><\/div>\n<\/div>\n<\/div>\n<\/div>\n<\/div>\n","protected":false},"excerpt":{"rendered":"<p>Claque coupe-feu adapt\u00e9 aux atmosph\u00e8res potentiellement explosives, conform\u00e9ment \u00e0 la directive 2014\/34\/UE.<\/p>\n<p>Adapt\u00e9 aux atmosph\u00e8res explosives gazeuses et poussi\u00e9reuses.<\/p>\n<p>Trappe d&rsquo;inspection int\u00e9gr\u00e9e.<\/p>\n<p>Classe d&rsquo;\u00e9tanch\u00e9it\u00e9 3C de s\u00e9rie.<\/p>\n<p>Large gamme d&rsquo;installations jusqu&rsquo;\u00e0 EI120S.<\/p>\n","protected":false},"featured_media":36354,"template":"","meta":[],"product_brand":[],"product_cat":[1778,1789,1772],"product_tag":[],"class_list":{"0":"post-36359","1":"product","2":"type-product","3":"status-publish","4":"has-post-thumbnail","6":"product_cat-clapets-coupe-feu","7":"product_cat-claques-coupe-feu-circulaires","8":"product_cat-securite-incendie","10":"first","11":"instock","12":"shipping-taxable","13":"product-type-simple"},"_links":{"self":[{"href":"https:\/\/airsystems.ge\/shop\/fr\/wp-json\/wp\/v2\/product\/36359","targetHints":{"allow":["GET"]}}],"collection":[{"href":"https:\/\/airsystems.ge\/shop\/fr\/wp-json\/wp\/v2\/product"}],"about":[{"href":"https:\/\/airsystems.ge\/shop\/fr\/wp-json\/wp\/v2\/types\/product"}],"wp:featuredmedia":[{"embeddable":true,"href":"https:\/\/airsystems.ge\/shop\/fr\/wp-json\/wp\/v2\/media\/36354"}],"wp:attachment":[{"href":"https:\/\/airsystems.ge\/shop\/fr\/wp-json\/wp\/v2\/media?parent=36359"}],"wp:term":[{"taxonomy":"product_brand","embeddable":true,"href":"https:\/\/airsystems.ge\/shop\/fr\/wp-json\/wp\/v2\/product_brand?post=36359"},{"taxonomy":"product_cat","embeddable":true,"href":"https:\/\/airsystems.ge\/shop\/fr\/wp-json\/wp\/v2\/product_cat?post=36359"},{"taxonomy":"product_tag","embeddable":true,"href":"https:\/\/airsystems.ge\/shop\/fr\/wp-json\/wp\/v2\/product_tag?post=36359"}],"curies":[{"name":"wp","href":"https:\/\/api.w.org\/{rel}","templated":true}]}}