{"id":36347,"date":"2025-09-03T19:54:36","date_gmt":"2025-09-03T15:54:36","guid":{"rendered":"https:\/\/airsystems.ge\/shop\/product\/fdr-3g_kr-circular-fire-dampers\/"},"modified":"2025-09-03T19:57:47","modified_gmt":"2025-09-03T15:57:47","slug":"fdr-3g_kr-circular-fire-dampers","status":"publish","type":"product","link":"https:\/\/airsystems.ge\/shop\/fr\/produit\/fdr-3g_kr-circular-fire-dampers\/","title":{"rendered":"Clapets coupe-feu circulaires FDR-3G_KR"},"content":{"rendered":"<div class=\"mb-400 gtm-product-section container-fluid\" data-gtm-name=\"Benefits\" data-gtm-label=\"Benefits (en)\" data-gtm-vis-first-on-screen53434917_103=\"21297\" data-gtm-vis-total-visible-time53434917_103=\"1500\" data-gtm-vis-has-fired53434917_103=\"1\">\n<div class=\"row\">\n<div class=\"content-element content-element-product-benefit col-12 sm:col-6 mb-400\">\n<div class=\"bg-card px-300 py-250 mobile-nav:px-200 mobile-nav:py-150 h-full flex overflow-hidden card-border\">\n<div class=\"min-w-0\">\n<p><strong>Possibilit\u00e9s de fonctionnement<\/strong><br \/>\nChoisissez un m\u00e9canisme \u00e0 commande par actionneur ou manuel.<\/p>\n<p><strong>Conception \u00e9volutive<\/strong><br \/>\nLes m\u00e9canismes d&rsquo;activation sont amovibles et interchangeables.<\/p>\n<p><strong>Installation rapide<\/strong><br \/>\nLes clapets coupe-feu \u00e9quip\u00e9s d&rsquo;un kit offrent la solution la plus rapide pour installer un clapet.<\/p>\n<p>Les clapets coupe-feu FDR-3G&#8230;KR \u00e9quip\u00e9s d&rsquo;un kit sont faciles \u00e0 installer. Ils facilitent la protection incendie passive et emp\u00eachent la propagation des gaz toxiques, de la fum\u00e9e et du feu gr\u00e2ce au compartimentage.<\/p>\n<p>Les clapets coupe-feu sont certifi\u00e9s CE conform\u00e9ment \u00e0 la r\u00e9glementation sur les produits de construction (EN 15650). Ils sont test\u00e9s selon la norme EN 1366-2 et class\u00e9s selon la norme EN 13501-3.<\/p>\n<p>Les clapets coupe-feu sont con\u00e7us pour les installations r\u00e9pertori\u00e9es et d\u00e9crites dans leur manuel.<\/p>\n<p>Les clapets coupe-feu FDR-3G&#8230;KR sont fournis par d\u00e9faut avec un m\u00e9canisme manuel ou un m\u00e9canisme d&rsquo;actionnement. Un bo\u00eetier d&rsquo;alimentation et de communication est \u00e9galement disponible en option.<\/p>\n<p>Les clapets coupe-feu sont dot\u00e9s d&rsquo;un carter en t\u00f4le galvanis\u00e9e. Les lames sont fabriqu\u00e9es avec des isolants sans amiante et sont \u00e9quip\u00e9es d&rsquo;un joint en caoutchouc pour les fum\u00e9es froides et d&rsquo;un joint intumescent. Ce joint intumescent se dilate en cas d&rsquo;incendie.<\/p>\n<p><strong>Documentation<\/strong><\/p>\n<\/div>\n<\/div>\n<\/div>\n<\/div>\n<\/div>\n<div class=\"mb-400 mt-700 relative container-fluid\">\n<div class=\"gtm-product-section\" data-gtm-name=\"Documentation\" data-gtm-label=\"Documentation\" data-offset=\"0\" data-gtm-vis-recent-on-screen53434917_103=\"24211\" data-gtm-vis-first-on-screen53434917_103=\"24211\" data-gtm-vis-total-visible-time53434917_103=\"1500\" data-gtm-vis-has-fired53434917_103=\"1\">\n<div class=\"row gap-y-150 mb-200 desktop-nav:mb-0 md ProductPageISSections_product-info-header___9p5M\">\n<div class=\" col-12 md:col-6 md:text-right print:hidden flex items-center justify-end mobile-nav:flex-col gap-050 \">\n<div class=\"\"><button class=\"gtm-product-specsheet-link btn btn-secondary btn-small btn-icon-left xs-max:btn-block\">Download spec sheet<\/button><\/div>\n<\/div>\n<\/div>\n<\/div>\n<\/div>\n","protected":false},"excerpt":{"rendered":"<p>Protection incendie passive efficace gr\u00e2ce \u00e0 un kit d&rsquo;installation facile dans les murs en b\u00e9ton<\/p>\n<p>Id\u00e9al pour les murs en b\u00e9ton<\/p>\n<p>Classe d&rsquo;\u00e9tanch\u00e9it\u00e9 3C en standard<\/p>\n<p>Faible perte de charge<\/p>\n<p>Trappe d&rsquo;inspection int\u00e9gr\u00e9e<\/p>\n","protected":false},"featured_media":36342,"template":"","meta":[],"product_brand":[],"product_cat":[1778,1789,1772],"product_tag":[],"class_list":{"0":"post-36347","1":"product","2":"type-product","3":"status-publish","4":"has-post-thumbnail","6":"product_cat-clapets-coupe-feu","7":"product_cat-claques-coupe-feu-circulaires","8":"product_cat-securite-incendie","10":"first","11":"instock","12":"shipping-taxable","13":"product-type-simple"},"_links":{"self":[{"href":"https:\/\/airsystems.ge\/shop\/fr\/wp-json\/wp\/v2\/product\/36347","targetHints":{"allow":["GET"]}}],"collection":[{"href":"https:\/\/airsystems.ge\/shop\/fr\/wp-json\/wp\/v2\/product"}],"about":[{"href":"https:\/\/airsystems.ge\/shop\/fr\/wp-json\/wp\/v2\/types\/product"}],"wp:featuredmedia":[{"embeddable":true,"href":"https:\/\/airsystems.ge\/shop\/fr\/wp-json\/wp\/v2\/media\/36342"}],"wp:attachment":[{"href":"https:\/\/airsystems.ge\/shop\/fr\/wp-json\/wp\/v2\/media?parent=36347"}],"wp:term":[{"taxonomy":"product_brand","embeddable":true,"href":"https:\/\/airsystems.ge\/shop\/fr\/wp-json\/wp\/v2\/product_brand?post=36347"},{"taxonomy":"product_cat","embeddable":true,"href":"https:\/\/airsystems.ge\/shop\/fr\/wp-json\/wp\/v2\/product_cat?post=36347"},{"taxonomy":"product_tag","embeddable":true,"href":"https:\/\/airsystems.ge\/shop\/fr\/wp-json\/wp\/v2\/product_tag?post=36347"}],"curies":[{"name":"wp","href":"https:\/\/api.w.org\/{rel}","templated":true}]}}