{"id":36321,"date":"2025-09-03T19:17:49","date_gmt":"2025-09-03T15:17:49","guid":{"rendered":"https:\/\/airsystems.ge\/shop\/product\/fdr-3g_of-circular-fire-dampers\/"},"modified":"2025-09-03T19:20:58","modified_gmt":"2025-09-03T15:20:58","slug":"fdr-3g_of-circular-fire-dampers","status":"publish","type":"product","link":"https:\/\/airsystems.ge\/shop\/fr\/produit\/fdr-3g_of-circular-fire-dampers\/","title":{"rendered":"Clapets coupe-feu circulaires FDR-3G_OF"},"content":{"rendered":"<div class=\"mb-400 gtm-product-section container-fluid\" data-gtm-name=\"Benefits\" data-gtm-label=\"Benefits (en)\" data-gtm-vis-recent-on-screen53434917_103=\"77571\" data-gtm-vis-first-on-screen53434917_103=\"77571\" data-gtm-vis-total-visible-time53434917_103=\"1500\" data-gtm-vis-has-fired53434917_103=\"1\">\n<div class=\"row\">\n<div class=\"content-element content-element-product-benefit col-12 sm:col-6 mb-400\">\n<div class=\"bg-card px-300 py-250 mobile-nav:px-200 mobile-nav:py-150 h-full flex overflow-hidden card-border\">\n<div class=\"min-w-0\">\n<p><strong>Manuel ou motoris\u00e9<\/strong><br \/>\nLe clapet coupe-feu \u00e0 d\u00e9bordement FDR-3G&#8230;OF est \u00e9quip\u00e9 d&rsquo;un m\u00e9canisme interchangeable pour une utilisation manuelle ou motoris\u00e9e.<\/p>\n<p><strong>S\u00e9curit\u00e9 test\u00e9e<\/strong><br \/>\nLes clapets coupe-feu standard sont con\u00e7us et certifi\u00e9s conform\u00e9ment \u00e0 la norme EN 15650 et test\u00e9s selon les crit\u00e8res EIS selon la norme EN 1366\u20132.<\/p>\n<p><strong>Compartimentation<\/strong><br \/>\nLes clapets coupe-feu FDR-3G&#8230;OF offrent une protection passive contre l&rsquo;incendie gr\u00e2ce au compartimentage afin d&#8217;emp\u00eacher la propagation des gaz toxiques, de la fum\u00e9e et du feu.<\/p>\n<p>Les clapets coupe-feu \u00e0 d\u00e9bordement FDR-3G&#8230;OF sont certifi\u00e9s CE conform\u00e9ment au R\u00e8glement sur les produits de construction (EN 15650:2010). Les clapets sont test\u00e9s selon la norme EN 1366-2:2015 et class\u00e9s selon la norme EN 13501-3 + A1:2009.<\/p>\n<p>Le clapet coupe-feu et son installation constituent un \u00e9l\u00e9ment indissociable de la r\u00e9sistance au feu.<\/p>\n<p>Les clapets coupe-feu FDR-3G&#8230;OF sont con\u00e7us pour les installations list\u00e9es et d\u00e9crites dans leur manuel d&rsquo;utilisation.<\/p>\n<p>Les clapets coupe-feu \u00e0 d\u00e9bordement peuvent \u00eatre fournis avec un m\u00e9canisme manuel ou avec un m\u00e9canisme d&rsquo;actionnement et un d\u00e9tecteur de fum\u00e9e.<\/p>\n<p>Le FDR-3G&#8230;OF est \u00e9quip\u00e9 \u00e0 ses deux extr\u00e9mit\u00e9s de grilles qui, avec les extensions de conduit, couvrent les surplombs des lames.<\/p>\n<p><strong>Documentation<\/strong><\/p>\n<\/div>\n<\/div>\n<\/div>\n<\/div>\n<\/div>\n<div class=\"mb-400 mt-700 relative container-fluid\">\n<div class=\"gtm-product-section\" data-gtm-name=\"Documentation\" data-gtm-label=\"Documentation\" data-offset=\"0\" data-gtm-vis-recent-on-screen53434917_103=\"80340\" data-gtm-vis-first-on-screen53434917_103=\"80340\" data-gtm-vis-total-visible-time53434917_103=\"1500\" data-gtm-vis-has-fired53434917_103=\"1\">\n<div class=\"row gap-y-150 mb-200 desktop-nav:mb-0 md ProductPageISSections_product-info-header___9p5M\">\n<div class=\" col-12 md:col-6 md:text-right print:hidden flex items-center justify-end mobile-nav:flex-col gap-050 \">\n<div class=\"\"><button class=\"gtm-product-specsheet-link btn btn-secondary btn-small btn-icon-left xs-max:btn-block\">Download spec sheet<\/button><\/div>\n<\/div>\n<\/div>\n<\/div>\n<\/div>\n","protected":false},"excerpt":{"rendered":"<p>limatisation coupe-feu \u00e0 d\u00e9bordement offrant une protection passive contre l&rsquo;incendie gr\u00e2ce au compartimentage<\/p>\n<p>Installations jusqu&rsquo;\u00e0 EI120S<\/p>\n<p>Types d&rsquo;activation du d\u00e9tecteur de fum\u00e9e<\/p>\n<p>M\u00e9canisme interchangeable<\/p>\n<p>Trou d&rsquo;inspection int\u00e9gr\u00e9<\/p>\n","protected":false},"featured_media":36316,"template":"","meta":[],"product_brand":[],"product_cat":[1778,1789,1772],"product_tag":[],"class_list":{"0":"post-36321","1":"product","2":"type-product","3":"status-publish","4":"has-post-thumbnail","6":"product_cat-clapets-coupe-feu","7":"product_cat-claques-coupe-feu-circulaires","8":"product_cat-securite-incendie","10":"first","11":"instock","12":"shipping-taxable","13":"product-type-simple"},"_links":{"self":[{"href":"https:\/\/airsystems.ge\/shop\/fr\/wp-json\/wp\/v2\/product\/36321","targetHints":{"allow":["GET"]}}],"collection":[{"href":"https:\/\/airsystems.ge\/shop\/fr\/wp-json\/wp\/v2\/product"}],"about":[{"href":"https:\/\/airsystems.ge\/shop\/fr\/wp-json\/wp\/v2\/types\/product"}],"wp:featuredmedia":[{"embeddable":true,"href":"https:\/\/airsystems.ge\/shop\/fr\/wp-json\/wp\/v2\/media\/36316"}],"wp:attachment":[{"href":"https:\/\/airsystems.ge\/shop\/fr\/wp-json\/wp\/v2\/media?parent=36321"}],"wp:term":[{"taxonomy":"product_brand","embeddable":true,"href":"https:\/\/airsystems.ge\/shop\/fr\/wp-json\/wp\/v2\/product_brand?post=36321"},{"taxonomy":"product_cat","embeddable":true,"href":"https:\/\/airsystems.ge\/shop\/fr\/wp-json\/wp\/v2\/product_cat?post=36321"},{"taxonomy":"product_tag","embeddable":true,"href":"https:\/\/airsystems.ge\/shop\/fr\/wp-json\/wp\/v2\/product_tag?post=36321"}],"curies":[{"name":"wp","href":"https:\/\/api.w.org\/{rel}","templated":true}]}}