{"id":35804,"date":"2025-06-14T13:29:11","date_gmt":"2025-06-14T09:29:11","guid":{"rendered":"https:\/\/airsystems.ge\/shop\/product\/bsk-three-pass-hot-water-boiler\/"},"modified":"2025-06-14T13:35:46","modified_gmt":"2025-06-14T09:35:46","slug":"bsk-three-pass-hot-water-boiler","status":"publish","type":"product","link":"https:\/\/airsystems.ge\/shop\/fr\/produit\/bsk-three-pass-hot-water-boiler\/","title":{"rendered":"BSK &#8211; Chaudi\u00e8re \u00e0 eau chaude \u00e0 trois parcours"},"content":{"rendered":"<p>Chauffage fiable et \u00e0 haut rendement<\/p>\n<p>Les chaudi\u00e8res \u00e0 eau chaude permettent aux entreprises de r\u00e9aliser des \u00e9conomies de combustible gr\u00e2ce \u00e0 leur haut rendement pour le chauffage central et la production d&rsquo;eau chaude industrielle. Leur conception respectueuse de l&rsquo;environnement contribue \u00e0 r\u00e9duire l&#8217;empreinte carbone.<\/p>\n","protected":false},"excerpt":{"rendered":"<p>Chaudi\u00e8re \u00e0 eau chaude \u00e0 trois parcours, aliment\u00e9e au gaz et au liquide<\/p>\n<p>Transfert thermique \u00e9lev\u00e9\u00a0: Offre un rendement \u00e9lev\u00e9 dans toutes les conditions de fonctionnement gr\u00e2ce \u00e0 sa grande surface.<br \/>\nRendement\u00a0: Augmente les \u00e9conomies d&rsquo;\u00e9nergie gr\u00e2ce \u00e0 un rendement \u00e9lev\u00e9 compris entre 90 et 94\u00a0%.<br \/>\nPlage de puissance nominale\u00a0: Plage de puissance de 93\u00a0kW \u00e0 2\u00a0326\u00a0kW, adapt\u00e9e \u00e0 des applications de diff\u00e9rentes tailles.<br \/>\nPression de service\u00a0: 3 \u00e0 10\u00a0bars<br \/>\nDiff\u00e9rentes options de combustible\u00a0: Permet de fonctionner avec diff\u00e9rents types de combustibles gazeux ou liquides, tels que le gaz naturel et le fioul.<br \/>\nFaibles \u00e9missions\u00a0: Faibles \u00e9missions gr\u00e2ce \u00e0 sa conception \u00e0 trois parcours.<br \/>\nProduction conforme aux normes\u00a0: Fabriqu\u00e9 conform\u00e9ment aux normes europ\u00e9ennes et nationales (UE 2016\/426\/UE, TS EN 303, TS 497).<br \/>\nFaible maintenance\u00a0: Faibles co\u00fbts de maintenance gr\u00e2ce \u00e0 sa conception robuste et simple.<\/p>\n","protected":false},"featured_media":35781,"template":"","meta":[],"product_brand":[],"product_cat":[1741,1736],"product_tag":[],"class_list":{"0":"post-35804","1":"product","2":"type-product","3":"status-publish","4":"has-post-thumbnail","6":"product_cat-chaudiere-a-eau-chaude-chaudieres","7":"product_cat-chaudiere-a-vapeur-industrielle-chaudieres","9":"first","10":"instock","11":"shipping-taxable","12":"product-type-simple"},"_links":{"self":[{"href":"https:\/\/airsystems.ge\/shop\/fr\/wp-json\/wp\/v2\/product\/35804","targetHints":{"allow":["GET"]}}],"collection":[{"href":"https:\/\/airsystems.ge\/shop\/fr\/wp-json\/wp\/v2\/product"}],"about":[{"href":"https:\/\/airsystems.ge\/shop\/fr\/wp-json\/wp\/v2\/types\/product"}],"wp:featuredmedia":[{"embeddable":true,"href":"https:\/\/airsystems.ge\/shop\/fr\/wp-json\/wp\/v2\/media\/35781"}],"wp:attachment":[{"href":"https:\/\/airsystems.ge\/shop\/fr\/wp-json\/wp\/v2\/media?parent=35804"}],"wp:term":[{"taxonomy":"product_brand","embeddable":true,"href":"https:\/\/airsystems.ge\/shop\/fr\/wp-json\/wp\/v2\/product_brand?post=35804"},{"taxonomy":"product_cat","embeddable":true,"href":"https:\/\/airsystems.ge\/shop\/fr\/wp-json\/wp\/v2\/product_cat?post=35804"},{"taxonomy":"product_tag","embeddable":true,"href":"https:\/\/airsystems.ge\/shop\/fr\/wp-json\/wp\/v2\/product_tag?post=35804"}],"curies":[{"name":"wp","href":"https:\/\/api.w.org\/{rel}","templated":true}]}}