{"id":35726,"date":"2025-06-12T21:49:32","date_gmt":"2025-06-12T17:49:32","guid":{"rendered":"https:\/\/airsystems.ge\/shop\/product\/p-yuyt-above-ground-package-fuel-tank\/"},"modified":"2025-06-12T21:52:34","modified_gmt":"2025-06-12T17:52:34","slug":"p-yuyt-above-ground-package-fuel-tank","status":"publish","type":"product","link":"https:\/\/airsystems.ge\/shop\/fr\/produit\/p-yuyt-above-ground-package-fuel-tank\/","title":{"rendered":"P-YUYT &#8211; R\u00e9servoir de carburant hors sol"},"content":{"rendered":"<p>Stockage s\u00e9curis\u00e9, production flexible, solutions durables<br \/>\nT\u00f4le noire St37<br \/>\nConforme \u00e0 la norme TS-EN-12285-2<br \/>\nRev\u00eatement anticorrosion et peinture de finition appliqu\u00e9s.<\/p>\n<p>Secteur \/ Description du secteur<br \/>\nStations-service\u00a0: Stockage et distribution de carburants tels que le diesel et l&rsquo;essence.<\/p>\n<p>Installations industrielles\u00a0: Stockage de carburants tels que le diesel et le fioul utilis\u00e9s dans les processus de production.<\/p>\n<p>Centrales \u00e9lectriques\u00a0: Solutions de stockage s\u00e9curis\u00e9es pour les syst\u00e8mes de carburant de secours.<br \/>\nEntreprises agricoles et d&rsquo;\u00e9levage\u00a0: Stockage de diesel pour machines agricoles et syst\u00e8mes de chauffage.<\/p>\n<p>Chantiers et zones de construction\u00a0: Stockage temporaire de carburant pour \u00e9quipements mobiles.<\/p>\n<p>H\u00f4pitaux et h\u00f4tels\u00a0: Approvisionnement continu en carburant pour g\u00e9n\u00e9rateurs de secours.<\/p>\n<p>Entreprises de transport et de logistique\u00a0: Syst\u00e8mes centralis\u00e9s d&rsquo;approvisionnement en carburant pour flottes de v\u00e9hicules.<\/p>\n<p>Municipalit\u00e9s et institutions publiques\u00a0: Pour le ravitaillement en carburant des v\u00e9hicules et \u00e9quipements.<br \/>\nContactez-nous pour des solutions de stockage s\u00fbres, durables et personnalis\u00e9es. Nous abordons chaque projet avec une approche technique et \u00e9laborons ensemble la solution la plus adapt\u00e9e.<\/p>\n","protected":false},"excerpt":{"rendered":"<p>R\u00e9servoirs de carburant hors sol cylindriques horizontaux, \u00e0 base de polyur\u00e9thane r\u00e9sistant aux UV et rev\u00eatus d&rsquo;\u00e9poxy<\/p>\n<p>Notre entreprise propose des solutions s\u00fbres, durables et personnalis\u00e9es gr\u00e2ce \u00e0 la production de r\u00e9servoirs de carburant hors sol conformes \u00e0 la norme TS EN 12285-2. Ces r\u00e9servoirs sont \u00e9quip\u00e9s de dispositifs d&rsquo;\u00e9tanch\u00e9it\u00e9 et de s\u00e9curit\u00e9 et peuvent \u00eatre personnalis\u00e9s selon les besoins de l&rsquo;utilisateur. Diff\u00e9rents diam\u00e8tres et longueurs sont disponibles pour r\u00e9pondre aux exigences du client.<\/p>\n","protected":false},"featured_media":35715,"template":"","meta":[],"product_brand":[],"product_cat":[1736,1760],"product_tag":[],"class_list":{"0":"post-35726","1":"product","2":"type-product","3":"status-publish","4":"has-post-thumbnail","6":"product_cat-chaudiere-a-vapeur-industrielle-chaudieres","7":"product_cat-reservoir-de-carburant","9":"first","10":"instock","11":"shipping-taxable","12":"product-type-simple"},"_links":{"self":[{"href":"https:\/\/airsystems.ge\/shop\/fr\/wp-json\/wp\/v2\/product\/35726","targetHints":{"allow":["GET"]}}],"collection":[{"href":"https:\/\/airsystems.ge\/shop\/fr\/wp-json\/wp\/v2\/product"}],"about":[{"href":"https:\/\/airsystems.ge\/shop\/fr\/wp-json\/wp\/v2\/types\/product"}],"wp:featuredmedia":[{"embeddable":true,"href":"https:\/\/airsystems.ge\/shop\/fr\/wp-json\/wp\/v2\/media\/35715"}],"wp:attachment":[{"href":"https:\/\/airsystems.ge\/shop\/fr\/wp-json\/wp\/v2\/media?parent=35726"}],"wp:term":[{"taxonomy":"product_brand","embeddable":true,"href":"https:\/\/airsystems.ge\/shop\/fr\/wp-json\/wp\/v2\/product_brand?post=35726"},{"taxonomy":"product_cat","embeddable":true,"href":"https:\/\/airsystems.ge\/shop\/fr\/wp-json\/wp\/v2\/product_cat?post=35726"},{"taxonomy":"product_tag","embeddable":true,"href":"https:\/\/airsystems.ge\/shop\/fr\/wp-json\/wp\/v2\/product_tag?post=35726"}],"curies":[{"name":"wp","href":"https:\/\/api.w.org\/{rel}","templated":true}]}}