{"id":35564,"date":"2025-06-10T13:59:21","date_gmt":"2025-06-10T09:59:21","guid":{"rendered":"https:\/\/airsystems.ge\/shop\/product\/ghe-dehumidifiers-for-radiant-cooling-systems-with-heat-recovery\/"},"modified":"2025-06-10T14:01:30","modified_gmt":"2025-06-10T10:01:30","slug":"ghe-dehumidifiers-for-radiant-cooling-systems-with-heat-recovery","status":"publish","type":"product","link":"https:\/\/airsystems.ge\/shop\/fr\/produit\/ghe-dehumidifiers-for-radiant-cooling-systems-with-heat-recovery\/","title":{"rendered":"GHE D\u00e9shumidificateurs pour syst\u00e8mes de refroidissement radiant avec r\u00e9cup\u00e9ration de chaleur"},"content":{"rendered":"<div class=\"elementor-element elementor-element-70da8153 elementor-widget elementor-widget-theme-page-title elementor-page-title elementor-widget-heading\" data-id=\"70da8153\" data-element_type=\"widget\" data-widget_type=\"theme-page-title.default\">\n<div class=\"elementor-widget-container\">\n<p>Les d\u00e9shumidificateurs \u00e0 r\u00e9cup\u00e9ration de chaleur haute efficacit\u00e9 de la s\u00e9rie GHE ont \u00e9t\u00e9 con\u00e7us pour assurer la d\u00e9shumidification et le renouvellement d&rsquo;air dans les zones r\u00e9sidentielles avec une tr\u00e8s haute efficacit\u00e9 \u00e9nerg\u00e9tique, en association avec des syst\u00e8mes de refroidissement radiant. Ces unit\u00e9s permettent la d\u00e9shumidification en conditions d&rsquo;air neutre ou refroidi par air, g\u00e9rant de faibles d\u00e9bits d&rsquo;air et \u00e9vitant ainsi les courants d&rsquo;air infimes g\u00eanants typiques des syst\u00e8mes de climatisation traditionnels. Elles sont \u00e9quip\u00e9es d&rsquo;un syst\u00e8me de refroidissement \u00e0 d\u00e9tente directe associ\u00e9 \u00e0 un \u00e9changeur de chaleur \u00e0 flux crois\u00e9s haute performance, con\u00e7u pour la r\u00e9cup\u00e9ration de chaleur et le renouvellement d&rsquo;air, conform\u00e9ment aux normes r\u00e9gionales et nationales en vigueur.<\/p>\n<\/div>\n<\/div>\n","protected":false},"excerpt":{"rendered":"<div class=\"elementor-element elementor-element-f80f489 elementor-widget elementor-widget-heading\" data-id=\"f80f489\" data-element_type=\"widget\" data-widget_type=\"heading.default\">\n<div class=\"elementor-widget-container\">\n<div class=\"elementor-heading-title elementor-size-default\">Capacit\u00e9 de d\u00e9shumidification de 30,1 l\/24 h \u00e0 61,8 l\/24 h<br \/>\nD\u00e9bit d&rsquo;air de 130 m\u00b3\/h \u00e0 500 m\u00b3\/h<\/div>\n<\/div>\n<\/div>\n","protected":false},"featured_media":35559,"template":"","meta":[],"product_brand":[],"product_cat":[682,1723],"product_tag":[],"class_list":{"0":"post-35564","1":"product","2":"type-product","3":"status-publish","4":"has-post-thumbnail","6":"product_cat-climatiseurs-fr-industriels","7":"product_cat-deshumidificateur-fr","9":"first","10":"instock","11":"shipping-taxable","12":"product-type-simple"},"_links":{"self":[{"href":"https:\/\/airsystems.ge\/shop\/fr\/wp-json\/wp\/v2\/product\/35564","targetHints":{"allow":["GET"]}}],"collection":[{"href":"https:\/\/airsystems.ge\/shop\/fr\/wp-json\/wp\/v2\/product"}],"about":[{"href":"https:\/\/airsystems.ge\/shop\/fr\/wp-json\/wp\/v2\/types\/product"}],"wp:featuredmedia":[{"embeddable":true,"href":"https:\/\/airsystems.ge\/shop\/fr\/wp-json\/wp\/v2\/media\/35559"}],"wp:attachment":[{"href":"https:\/\/airsystems.ge\/shop\/fr\/wp-json\/wp\/v2\/media?parent=35564"}],"wp:term":[{"taxonomy":"product_brand","embeddable":true,"href":"https:\/\/airsystems.ge\/shop\/fr\/wp-json\/wp\/v2\/product_brand?post=35564"},{"taxonomy":"product_cat","embeddable":true,"href":"https:\/\/airsystems.ge\/shop\/fr\/wp-json\/wp\/v2\/product_cat?post=35564"},{"taxonomy":"product_tag","embeddable":true,"href":"https:\/\/airsystems.ge\/shop\/fr\/wp-json\/wp\/v2\/product_tag?post=35564"}],"curies":[{"name":"wp","href":"https:\/\/api.w.org\/{rel}","templated":true}]}}