{"id":35533,"date":"2025-06-10T13:49:06","date_gmt":"2025-06-10T09:49:06","guid":{"rendered":"https:\/\/airsystems.ge\/shop\/product\/hma-z-industrial-dehumidifiers-with-temperature-control\/"},"modified":"2025-06-10T13:51:02","modified_gmt":"2025-06-10T09:51:02","slug":"hma-z-industrial-dehumidifiers-with-temperature-control","status":"publish","type":"product","link":"https:\/\/airsystems.ge\/shop\/fr\/produit\/hma-z-industrial-dehumidifiers-with-temperature-control\/","title":{"rendered":"HMA-Z D\u00e9shumidificateurs industriels avec contr\u00f4le de temp\u00e9rature"},"content":{"rendered":"<div class=\"elementor-element elementor-element-70da8153 elementor-widget elementor-widget-theme-page-title elementor-page-title elementor-widget-heading\" data-id=\"70da8153\" data-element_type=\"widget\" data-widget_type=\"theme-page-title.default\">\n<div class=\"elementor-widget-container\">\n<p>Les d\u00e9shumidificateurs sont des appareils hautes performances sp\u00e9cialement con\u00e7us pour les applications industrielles ou commerciales n\u00e9cessitant un contr\u00f4le simultan\u00e9 de la temp\u00e9rature et de l&rsquo;humidit\u00e9, afin d&rsquo;\u00e9viter la condensation de vapeur d&rsquo;eau. Ces appareils sont particuli\u00e8rement adapt\u00e9s aux archives, salles de repassage, librairies, fromageries, locaux souterrains, caves et sites industriels pr\u00e9sentant un taux d&rsquo;humidit\u00e9 \u00e9lev\u00e9. Cette s\u00e9rie comprend 6 mod\u00e8les couvrant une plage de capacit\u00e9 de 263 \u00e0 940 l\/24 h. Con\u00e7us pour une maintenance et un entretien faciles, les composants internes sont principalement situ\u00e9s dans un compartiment technique insonoris\u00e9, facilement accessible m\u00eame lorsque l&rsquo;appareil est en fonctionnement. Les unit\u00e9s sont \u00e9quip\u00e9es d&rsquo;\u00e9lectrovannes pour l&rsquo;injection de gaz chauds, permettant de d\u00e9givrer l&rsquo;\u00e9vaporateur en cas de conditions de fonctionnement difficiles.<br \/>\nMode d\u00e9shumidification\u00a0: le condenseur interne est activ\u00e9\u00a0; l&rsquo;unit\u00e9 d\u00e9shumidifie et r\u00e9chauffe la pi\u00e8ce. Mode refroidissement\u00a0: le condenseur \u00e0 distance est activ\u00e9\u00a0; l&rsquo;unit\u00e9 d\u00e9shumidifie et refroidit la pi\u00e8ce.<br \/>\nLes unit\u00e9s sont \u00e9quip\u00e9es d&rsquo;un microprocesseur avanc\u00e9 avec connexion RS485 (en option).<br \/>\nLes sondes de temp\u00e9rature et d&rsquo;humidit\u00e9 sont fournies en accessoires sur demande.<\/p>\n<\/div>\n<\/div>\n","protected":false},"excerpt":{"rendered":"<div class=\"elementor-element elementor-element-f80f489 elementor-widget elementor-widget-heading\" data-id=\"f80f489\" data-element_type=\"widget\" data-widget_type=\"heading.default\">\n<div class=\"elementor-widget-container\">\n<div class=\"elementor-heading-title elementor-size-default\">Capacit\u00e9 de d\u00e9shumidification de 260 l\/24 h \u00e0 940 l\/24 h<br \/>\nD\u00e9bit d&rsquo;air de 3\u00a0500 m\u00b3\/h \u00e0 8\u00a0500 m\u00b3\/h<\/div>\n<\/div>\n<\/div>\n","protected":false},"featured_media":35528,"template":"","meta":[],"product_brand":[],"product_cat":[682,1723],"product_tag":[],"class_list":{"0":"post-35533","1":"product","2":"type-product","3":"status-publish","4":"has-post-thumbnail","6":"product_cat-climatiseurs-fr-industriels","7":"product_cat-deshumidificateur-fr","9":"first","10":"instock","11":"shipping-taxable","12":"product-type-simple"},"_links":{"self":[{"href":"https:\/\/airsystems.ge\/shop\/fr\/wp-json\/wp\/v2\/product\/35533","targetHints":{"allow":["GET"]}}],"collection":[{"href":"https:\/\/airsystems.ge\/shop\/fr\/wp-json\/wp\/v2\/product"}],"about":[{"href":"https:\/\/airsystems.ge\/shop\/fr\/wp-json\/wp\/v2\/types\/product"}],"wp:featuredmedia":[{"embeddable":true,"href":"https:\/\/airsystems.ge\/shop\/fr\/wp-json\/wp\/v2\/media\/35528"}],"wp:attachment":[{"href":"https:\/\/airsystems.ge\/shop\/fr\/wp-json\/wp\/v2\/media?parent=35533"}],"wp:term":[{"taxonomy":"product_brand","embeddable":true,"href":"https:\/\/airsystems.ge\/shop\/fr\/wp-json\/wp\/v2\/product_brand?post=35533"},{"taxonomy":"product_cat","embeddable":true,"href":"https:\/\/airsystems.ge\/shop\/fr\/wp-json\/wp\/v2\/product_cat?post=35533"},{"taxonomy":"product_tag","embeddable":true,"href":"https:\/\/airsystems.ge\/shop\/fr\/wp-json\/wp\/v2\/product_tag?post=35533"}],"curies":[{"name":"wp","href":"https:\/\/api.w.org\/{rel}","templated":true}]}}