{"id":35500,"date":"2025-06-10T13:38:24","date_gmt":"2025-06-10T09:38:24","guid":{"rendered":"https:\/\/airsystems.ge\/shop\/product\/hda-industrial-dehumidifiers\/"},"modified":"2025-06-10T13:40:59","modified_gmt":"2025-06-10T09:40:59","slug":"hda-industrial-dehumidifiers","status":"publish","type":"product","link":"https:\/\/airsystems.ge\/shop\/fr\/produit\/hda-industrial-dehumidifiers\/","title":{"rendered":"HDA D\u00e9shumidificateurs industriels"},"content":{"rendered":"<div class=\"elementor-element elementor-element-70da8153 elementor-widget elementor-widget-theme-page-title elementor-page-title elementor-widget-heading\" data-id=\"70da8153\" data-element_type=\"widget\" data-widget_type=\"theme-page-title.default\">\n<div class=\"elementor-widget-container\">\n<p>Les d\u00e9shumidificateurs de la s\u00e9rie HDA sont des unit\u00e9s hautes performances sp\u00e9cialement con\u00e7ues pour les applications industrielles ou commerciales o\u00f9 le taux d&rsquo;humidit\u00e9 doit \u00eatre contr\u00f4l\u00e9 ou la condensation de vapeur d&rsquo;eau \u00e9vit\u00e9e. Ces unit\u00e9s sont particuli\u00e8rement adapt\u00e9es aux archives, salles de repassage, librairies, fromageries, locaux souterrains, caves et sites industriels pr\u00e9sentant un taux d&rsquo;humidit\u00e9 \u00e9lev\u00e9. Cette s\u00e9rie comprend 4 mod\u00e8les couvrant une plage de capacit\u00e9 de 73 \u00e0 200 l\/24 h. Les unit\u00e9s HDA sont con\u00e7ues pour une maintenance et un entretien faciles, chaque pi\u00e8ce \u00e9tant facilement accessible et, si n\u00e9cessaire, rempla\u00e7able, r\u00e9duisant ainsi les co\u00fbts d&rsquo;entretien. Les unit\u00e9s sont \u00e9quip\u00e9es d&rsquo;\u00e9lectrovannes pour l&rsquo;injection de gaz chauds, permettant de d\u00e9givrer l&rsquo;\u00e9vaporateur en cas de conditions de fonctionnement difficiles. Les sondes de temp\u00e9rature et d&rsquo;humidit\u00e9 sont des accessoires fournis sur demande.<\/p>\n<\/div>\n<\/div>\n<div class=\"elementor-element elementor-element-427e8a79 e-flex e-con-boxed e-con e-child\" data-id=\"427e8a79\" data-element_type=\"container\">\n<div class=\"e-con-inner\">\n<div class=\"elementor-element elementor-element-6e19ed90 hidebutton mc-bl elementor-align-left elementor-widget elementor-widget-button\" data-id=\"6e19ed90\" data-element_type=\"widget\" data-widget_type=\"button.default\">\n<div class=\"elementor-widget-container\">\n<div class=\"elementor-button-wrapper\"><a class=\"elementor-button elementor-button-link elementor-size-sm\" href=\"https:\/\/www.enextechnologies.com\/wp-content\/uploads\/2024\/09\/HDA_ENG.pdf\" target=\"_blank\" rel=\"noopener\"><span class=\"elementor-button-content-wrapper\"><span class=\"elementor-button-text\">BROCHURE<\/span><\/span><\/a><\/div>\n<\/div>\n<\/div>\n<\/div>\n<\/div>\n","protected":false},"excerpt":{"rendered":"<div class=\"elementor-element elementor-element-f80f489 elementor-widget elementor-widget-heading\" data-id=\"f80f489\" data-element_type=\"widget\" data-widget_type=\"heading.default\">\n<div class=\"elementor-widget-container\">\n<div class=\"elementor-heading-title elementor-size-default\">Capacit\u00e9 de d\u00e9shumidification de 73 l\/24 h \u00e0 200 l\/24 h<br \/>\nD\u00e9bit d&rsquo;air de 800 m\u00b3\/h \u00e0 1800 m\u00b3\/h<\/div>\n<\/div>\n<\/div>\n","protected":false},"featured_media":35495,"template":"","meta":[],"product_brand":[],"product_cat":[682,1723],"product_tag":[],"class_list":{"0":"post-35500","1":"product","2":"type-product","3":"status-publish","4":"has-post-thumbnail","6":"product_cat-climatiseurs-fr-industriels","7":"product_cat-deshumidificateur-fr","9":"first","10":"instock","11":"shipping-taxable","12":"product-type-simple"},"_links":{"self":[{"href":"https:\/\/airsystems.ge\/shop\/fr\/wp-json\/wp\/v2\/product\/35500","targetHints":{"allow":["GET"]}}],"collection":[{"href":"https:\/\/airsystems.ge\/shop\/fr\/wp-json\/wp\/v2\/product"}],"about":[{"href":"https:\/\/airsystems.ge\/shop\/fr\/wp-json\/wp\/v2\/types\/product"}],"wp:featuredmedia":[{"embeddable":true,"href":"https:\/\/airsystems.ge\/shop\/fr\/wp-json\/wp\/v2\/media\/35495"}],"wp:attachment":[{"href":"https:\/\/airsystems.ge\/shop\/fr\/wp-json\/wp\/v2\/media?parent=35500"}],"wp:term":[{"taxonomy":"product_brand","embeddable":true,"href":"https:\/\/airsystems.ge\/shop\/fr\/wp-json\/wp\/v2\/product_brand?post=35500"},{"taxonomy":"product_cat","embeddable":true,"href":"https:\/\/airsystems.ge\/shop\/fr\/wp-json\/wp\/v2\/product_cat?post=35500"},{"taxonomy":"product_tag","embeddable":true,"href":"https:\/\/airsystems.ge\/shop\/fr\/wp-json\/wp\/v2\/product_tag?post=35500"}],"curies":[{"name":"wp","href":"https:\/\/api.w.org\/{rel}","templated":true}]}}