{"id":35389,"date":"2025-06-10T12:28:45","date_gmt":"2025-06-10T08:28:45","guid":{"rendered":"https:\/\/airsystems.ge\/shop\/product\/sha-swimming-pool-dehumidifiers\/"},"modified":"2025-06-10T12:30:39","modified_gmt":"2025-06-10T08:30:39","slug":"sha-swimming-pool-dehumidifiers","status":"publish","type":"product","link":"https:\/\/airsystems.ge\/shop\/fr\/produit\/sha-swimming-pool-dehumidifiers\/","title":{"rendered":"SHA D\u00e9shumidificateurs de piscine"},"content":{"rendered":"<div class=\"elementor-element elementor-element-70da8153 elementor-widget elementor-widget-theme-page-title elementor-page-title elementor-widget-heading\" data-id=\"70da8153\" data-element_type=\"widget\" data-widget_type=\"theme-page-title.default\">\n<div class=\"elementor-widget-container\">\n<p>Les d\u00e9shumidificateurs de la s\u00e9rie SHA sont sp\u00e9cialement con\u00e7us pour une utilisation en piscine o\u00f9 l&rsquo;humidit\u00e9 doit \u00eatre contr\u00f4l\u00e9e avec pr\u00e9cision afin de garantir un confort optimal.<br \/>\nCes appareils sont destin\u00e9s \u00e0 \u00eatre install\u00e9s dans un local technique \u00e0 proximit\u00e9 de la piscine. Un ventilateur centrifuge \u00e0 haute pression statique permet le raccordement de l&rsquo;appareil aux gaines, tant pour l&rsquo;aspiration que pour le refoulement de l&rsquo;air.<br \/>\nCette s\u00e9rie comprend 5 mod\u00e8les de base couvrant une plage de capacit\u00e9s de 50 \u00e0 190 l\/24 h.<br \/>\nSondes de temp\u00e9rature et d&rsquo;humidit\u00e9 disponibles en accessoires sur demande.<\/p>\n<\/div>\n<\/div>\n<div class=\"elementor-element elementor-element-427e8a79 e-flex e-con-boxed e-con e-child\" data-id=\"427e8a79\" data-element_type=\"container\">\n<div class=\"e-con-inner\">\n<div class=\"elementor-element elementor-element-6e19ed90 hidebutton mc-bl elementor-align-left elementor-widget elementor-widget-button\" data-id=\"6e19ed90\" data-element_type=\"widget\" data-widget_type=\"button.default\">\n<div class=\"elementor-widget-container\">\n<div class=\"elementor-button-wrapper\"><a class=\"elementor-button elementor-button-link elementor-size-sm\" href=\"https:\/\/www.enextechnologies.com\/wp-content\/uploads\/2024\/09\/SHA_ENG.pdf\" target=\"_blank\" rel=\"noopener\"><span class=\"elementor-button-content-wrapper\"><span class=\"elementor-button-text\">BROCHURE<\/span><\/span><\/a><\/div>\n<\/div>\n<\/div>\n<\/div>\n<\/div>\n","protected":false},"excerpt":{"rendered":"<div class=\"elementor-element elementor-element-f80f489 elementor-widget elementor-widget-heading\" data-id=\"f80f489\" data-element_type=\"widget\" data-widget_type=\"heading.default\">\n<div class=\"elementor-widget-container\">\n<div class=\"elementor-heading-title elementor-size-default\">Capacit\u00e9 de d\u00e9shumidification de 25 l\/24 h \u00e0 190 l\/24 h<br \/>\nD\u00e9bit d&rsquo;air de 500 m\u00b3\/h \u00e0 1650 m\u00b3\/h<\/div>\n<\/div>\n<\/div>\n","protected":false},"featured_media":35384,"template":"","meta":[],"product_brand":[],"product_cat":[682,1723],"product_tag":[],"class_list":{"0":"post-35389","1":"product","2":"type-product","3":"status-publish","4":"has-post-thumbnail","6":"product_cat-climatiseurs-fr-industriels","7":"product_cat-deshumidificateur-fr","9":"first","10":"instock","11":"shipping-taxable","12":"product-type-simple"},"_links":{"self":[{"href":"https:\/\/airsystems.ge\/shop\/fr\/wp-json\/wp\/v2\/product\/35389","targetHints":{"allow":["GET"]}}],"collection":[{"href":"https:\/\/airsystems.ge\/shop\/fr\/wp-json\/wp\/v2\/product"}],"about":[{"href":"https:\/\/airsystems.ge\/shop\/fr\/wp-json\/wp\/v2\/types\/product"}],"wp:featuredmedia":[{"embeddable":true,"href":"https:\/\/airsystems.ge\/shop\/fr\/wp-json\/wp\/v2\/media\/35384"}],"wp:attachment":[{"href":"https:\/\/airsystems.ge\/shop\/fr\/wp-json\/wp\/v2\/media?parent=35389"}],"wp:term":[{"taxonomy":"product_brand","embeddable":true,"href":"https:\/\/airsystems.ge\/shop\/fr\/wp-json\/wp\/v2\/product_brand?post=35389"},{"taxonomy":"product_cat","embeddable":true,"href":"https:\/\/airsystems.ge\/shop\/fr\/wp-json\/wp\/v2\/product_cat?post=35389"},{"taxonomy":"product_tag","embeddable":true,"href":"https:\/\/airsystems.ge\/shop\/fr\/wp-json\/wp\/v2\/product_tag?post=35389"}],"curies":[{"name":"wp","href":"https:\/\/api.w.org\/{rel}","templated":true}]}}