{"id":35310,"date":"2025-06-09T19:53:11","date_gmt":"2025-06-09T15:53:11","guid":{"rendered":"https:\/\/airsystems.ge\/shop\/product\/acoustic-doors-alphafon-ad\/"},"modified":"2025-06-09T19:55:59","modified_gmt":"2025-06-09T15:55:59","slug":"acoustic-doors-alphafon-ad","status":"publish","type":"product","link":"https:\/\/airsystems.ge\/shop\/fr\/produit\/acoustic-doors-alphafon-ad\/","title":{"rendered":"Portes acoustiques ALPHAfon-AD"},"content":{"rendered":"<p>Les portes acoustiques ALPHAfon-AD sont un produit de protection acoustique avanc\u00e9, d\u00e9velopp\u00e9 par notre \u00e9quipe forte de nombreuses ann\u00e9es d&rsquo;exp\u00e9rience en conseil et fabrication d&rsquo;applications acoustiques et de contr\u00f4le du bruit. Gr\u00e2ce \u00e0 nos recherches acad\u00e9miques et techniques men\u00e9es \u00e0 l&rsquo;Universit\u00e9 nationale polytechnique d&rsquo;Ath\u00e8nes, les portes acoustiques ALPHAfon-AD garantissent une qualit\u00e9 irr\u00e9prochable et une r\u00e9duction acoustique significative.<\/p>\n<p>Les portes acoustiques ALPHAfon-AD sont disponibles en trois types\u00a0: m\u00e9tal, verre ou bois. Elles sont disponibles en diff\u00e9rentes dimensions pour r\u00e9pondre \u00e0 toutes les exigences.<\/p>\n<p>Leur indice d&rsquo;isolation acoustique, compris entre Rw = 36\u00a0dB et Rw = 50\u00a0dB, est mesur\u00e9 et \u00e9valu\u00e9 conform\u00e9ment aux normes ISO\u00a0140.3 (ISO\u00a010140) et ISO\u00a0717.1.<\/p>\n<p>C\u00f4t\u00e9 ouverture<\/p>\n<p><img loading=\"lazy\" decoding=\"async\" class=\"alignnone size-full wp-image-3814\" src=\"https:\/\/alphacoustic.com\/wp-content\/uploads\/2013\/09\/ALPHAfon-AD-%CF%86%CE%BF%CF%81%CE%AC-%CE%B1%CE%BD%CE%BF%CE%AF%CE%B3%CE%BC%CE%B1%CF%84%CE%BF%CF%82.png\" alt=\"\" width=\"279\" height=\"78\" \/><\/p>\n<div class=\"boxes clearfix\">\n<div class=\"box two first\">\n<p>Elles peuvent \u00eatre \u00e9quip\u00e9es de\u00a0:<\/p>\n<p>Profil\u00e9s \u00e9lastiques pour une \u00e9tanch\u00e9it\u00e9 acoustique compl\u00e8te.<br \/>\nM\u00e9canisme d&rsquo;\u00e9tanch\u00e9it\u00e9 sp\u00e9cial en partie basse.<br \/>\nPoign\u00e9e rotative pour une pression suppl\u00e9mentaire sur les profil\u00e9s d&rsquo;\u00e9tanch\u00e9it\u00e9 \u00e9lastiques.<br \/>\nUn hublot insonorisant, offrant des performances d&rsquo;isolation acoustique \u00e9quivalentes, peut \u00e9galement \u00eatre install\u00e9 sur la porte.<br \/>\nApplications\u00a0:<\/p>\n<p>Th\u00e9\u00e2tres<br \/>\nSalles de conf\u00e9rence<br \/>\nInstallations industrielles<br \/>\nSalles de contr\u00f4le\/d&rsquo;essai<br \/>\nStudios<br \/>\nLocals techniques<br \/>\nLes portes acoustiques ALPHAfon-AD sont certifi\u00e9es par le Laboratoire national d&rsquo;acoustique. De plus, les portes acoustiques m\u00e9talliques ALPHAfon-AD peuvent \u00eatre fabriqu\u00e9es pour \u00eatre ignifuges sur demande.<\/p>\n<p>Types d&rsquo;\u00e9tanch\u00e9it\u00e9 dans la partie inf\u00e9rieure<\/p>\n<\/div>\n<\/div>\n<p><img loading=\"lazy\" decoding=\"async\" class=\"alignnone size-full wp-image-3815\" src=\"https:\/\/alphacoustic.com\/wp-content\/uploads\/2013\/09\/ALPHAfon-AD-sealing-types.jpg\" sizes=\"auto, (max-width: 800px) 100vw, 800px\" srcset=\"https:\/\/alphacoustic.com\/wp-content\/uploads\/2013\/09\/ALPHAfon-AD-sealing-types.jpg 800w, https:\/\/alphacoustic.com\/wp-content\/uploads\/2013\/09\/ALPHAfon-AD-sealing-types-300x53.jpg 300w\" alt=\"\" width=\"800\" height=\"142\" \/><\/p>\n","protected":false},"excerpt":{"rendered":"<p>Les portes acoustiques ALPHAfon-AD sont un produit de protection acoustique avanc\u00e9, d\u00e9velopp\u00e9 par notre \u00e9quipe forte de nombreuses ann\u00e9es d&rsquo;exp\u00e9rience en conseil et fabrication d&rsquo;applications acoustiques et de contr\u00f4le du bruit. Gr\u00e2ce \u00e0 nos recherches acad\u00e9miques et techniques men\u00e9es \u00e0 l&rsquo;Universit\u00e9 nationale polytechnique d&rsquo;Ath\u00e8nes, les portes acoustiques ALPHAfon-AD garantissent une qualit\u00e9 irr\u00e9prochable et une r\u00e9duction acoustique significative.<\/p>\n<p>Les portes acoustiques ALPHAfon-AD sont disponibles en trois types\u00a0: m\u00e9tal, verre ou bois, et peuvent \u00eatre fabriqu\u00e9es en diff\u00e9rentes dimensions afin de r\u00e9pondre \u00e0 toutes les exigences.<\/p>\n","protected":false},"featured_media":35215,"template":"","meta":[],"product_brand":[],"product_cat":[778,1716],"product_tag":[],"class_list":{"0":"post-35310","1":"product","2":"type-product","3":"status-publish","4":"has-post-thumbnail","6":"product_cat-acoustics-noise-fr","7":"product_cat-mechanical-noise-control-fr","9":"first","10":"instock","11":"shipping-taxable","12":"product-type-simple"},"_links":{"self":[{"href":"https:\/\/airsystems.ge\/shop\/fr\/wp-json\/wp\/v2\/product\/35310","targetHints":{"allow":["GET"]}}],"collection":[{"href":"https:\/\/airsystems.ge\/shop\/fr\/wp-json\/wp\/v2\/product"}],"about":[{"href":"https:\/\/airsystems.ge\/shop\/fr\/wp-json\/wp\/v2\/types\/product"}],"wp:featuredmedia":[{"embeddable":true,"href":"https:\/\/airsystems.ge\/shop\/fr\/wp-json\/wp\/v2\/media\/35215"}],"wp:attachment":[{"href":"https:\/\/airsystems.ge\/shop\/fr\/wp-json\/wp\/v2\/media?parent=35310"}],"wp:term":[{"taxonomy":"product_brand","embeddable":true,"href":"https:\/\/airsystems.ge\/shop\/fr\/wp-json\/wp\/v2\/product_brand?post=35310"},{"taxonomy":"product_cat","embeddable":true,"href":"https:\/\/airsystems.ge\/shop\/fr\/wp-json\/wp\/v2\/product_cat?post=35310"},{"taxonomy":"product_tag","embeddable":true,"href":"https:\/\/airsystems.ge\/shop\/fr\/wp-json\/wp\/v2\/product_tag?post=35310"}],"curies":[{"name":"wp","href":"https:\/\/api.w.org\/{rel}","templated":true}]}}