{"id":35028,"date":"2025-06-09T19:11:15","date_gmt":"2025-06-09T15:11:15","guid":{"rendered":"https:\/\/airsystems.ge\/shop\/product\/generator-sound-insulation-alphafon-ic\/"},"modified":"2025-06-09T19:14:10","modified_gmt":"2025-06-09T15:14:10","slug":"generator-sound-insulation-alphafon-ic","status":"publish","type":"product","link":"https:\/\/airsystems.ge\/shop\/fr\/produit\/generator-sound-insulation-alphafon-ic\/","title":{"rendered":"Isolation acoustique pour g\u00e9n\u00e9rateur ALPHAfon \u2013 IC"},"content":{"rendered":"<p>Le capot d&rsquo;insonorisation pour g\u00e9n\u00e9rateur ALPHAfon \u2013 IC est utilis\u00e9 pour l&rsquo;insonorisation des g\u00e9n\u00e9rateurs de petite et grande taille afin de minimiser les \u00e9missions sonores.<\/p>\n<p>Le ch\u00e2ssis est en profil\u00e9s d&rsquo;aluminium ou m\u00e9talliques standardis\u00e9s, et sa partie inf\u00e9rieure horizontale peut \u00eatre pos\u00e9e au sol ou sur le ch\u00e2ssis m\u00e9tallique du g\u00e9n\u00e9rateur. Les panneaux d&rsquo;insonorisation sont fabriqu\u00e9s \u00e0 partir d&rsquo;une feuille d&rsquo;acier galvanis\u00e9 sp\u00e9cialement profil\u00e9e, remplie de mat\u00e9riaux insonorisants ignifuges.<\/p>\n<p>Des portes acoustiques peuvent \u00eatre install\u00e9es de chaque c\u00f4t\u00e9 du capot. Leur emplacement pr\u00e9cis est d\u00e9termin\u00e9 en fonction des besoins sp\u00e9cifiques, afin de faciliter l&rsquo;entretien du g\u00e9n\u00e9rateur (par exemple, devant les filtres \u00e0 huile, les pompes \u00e0 huile, etc.). Les portes sont \u00e9quip\u00e9es d&rsquo;une poign\u00e9e pivotante sp\u00e9ciale et de deux charni\u00e8res.<\/p>\n<p>Des pi\u00e8ges \u00e0 son sp\u00e9cialement con\u00e7us sont install\u00e9s dans les entr\u00e9es et sorties d&rsquo;air. Ces pi\u00e8ges \u00e0 sons r\u00e9duisent l\u00e9g\u00e8rement la pression d&rsquo;air et n&rsquo;ont aucun effet n\u00e9gatif sur le refroidissement du g\u00e9n\u00e9rateur.<\/p>\n<p><img loading=\"lazy\" decoding=\"async\" src=\"https:\/\/alphacoustic.com\/wp-content\/uploads\/2013\/09\/ALPHAfon-IC-design.jpg%22\" alt=\"\" width=\"300\" height=\"200\" \/><\/p>\n<div class=\"boxes clearfix\">\n<div class=\"box two first\">Conception ALPHAfon-IC<br \/>\nDes grilles de protection peuvent \u00eatre install\u00e9es \u00e0 l&rsquo;ext\u00e9rieur des pi\u00e8ges \u00e0 sons.<br \/>\nSi n\u00e9cessaire, un silencieux sp\u00e9cial peut \u00eatre install\u00e9 dans l&rsquo;\u00e9chappement des gaz.<\/div>\n<\/div>\n","protected":false},"excerpt":{"rendered":"<div class=\"woocommerce-product-details__short-description\">\n<p>Fabriqu\u00e9 en profil\u00e9s d&rsquo;aluminium ou m\u00e9talliques standardis\u00e9s et en mat\u00e9riaux insonorisants ignifuges.<\/p>\n<\/div>\n","protected":false},"featured_media":34975,"template":"","meta":[],"product_brand":[],"product_cat":[778,1716],"product_tag":[],"class_list":{"0":"post-35028","1":"product","2":"type-product","3":"status-publish","4":"has-post-thumbnail","6":"product_cat-acoustics-noise-fr","7":"product_cat-mechanical-noise-control-fr","9":"first","10":"instock","11":"shipping-taxable","12":"product-type-simple"},"_links":{"self":[{"href":"https:\/\/airsystems.ge\/shop\/fr\/wp-json\/wp\/v2\/product\/35028","targetHints":{"allow":["GET"]}}],"collection":[{"href":"https:\/\/airsystems.ge\/shop\/fr\/wp-json\/wp\/v2\/product"}],"about":[{"href":"https:\/\/airsystems.ge\/shop\/fr\/wp-json\/wp\/v2\/types\/product"}],"wp:featuredmedia":[{"embeddable":true,"href":"https:\/\/airsystems.ge\/shop\/fr\/wp-json\/wp\/v2\/media\/34975"}],"wp:attachment":[{"href":"https:\/\/airsystems.ge\/shop\/fr\/wp-json\/wp\/v2\/media?parent=35028"}],"wp:term":[{"taxonomy":"product_brand","embeddable":true,"href":"https:\/\/airsystems.ge\/shop\/fr\/wp-json\/wp\/v2\/product_brand?post=35028"},{"taxonomy":"product_cat","embeddable":true,"href":"https:\/\/airsystems.ge\/shop\/fr\/wp-json\/wp\/v2\/product_cat?post=35028"},{"taxonomy":"product_tag","embeddable":true,"href":"https:\/\/airsystems.ge\/shop\/fr\/wp-json\/wp\/v2\/product_tag?post=35028"}],"curies":[{"name":"wp","href":"https:\/\/api.w.org\/{rel}","templated":true}]}}