{"id":34916,"date":"2025-06-09T18:27:39","date_gmt":"2025-06-09T14:27:39","guid":{"rendered":"https:\/\/airsystems.ge\/shop\/product\/industrial-silencers-alphafon-se\/"},"modified":"2025-06-09T18:38:41","modified_gmt":"2025-06-09T14:38:41","slug":"industrial-silencers-alphafon-se","status":"publish","type":"product","link":"https:\/\/airsystems.ge\/shop\/fr\/produit\/industrial-silencers-alphafon-se\/","title":{"rendered":"Silencieux industriels ALPHAfon \u2013 SE"},"content":{"rendered":"<p>Les silencieux ALPHAfon-SE sont constitu\u00e9s d&rsquo;un corps cylindrique. Des \u00e9l\u00e9ments absorbants sont int\u00e9gr\u00e9s \u00e0 l&rsquo;int\u00e9rieur.<br \/>\nChaque surface est peinte avec une peinture sp\u00e9ciale r\u00e9sistante \u00e0 la temp\u00e9rature.<\/p>\n<p>Les silencieux ALPHAfon-SE offrent\u00a0:<\/p>\n<p>R\u00e9duction acoustique \u00e9lev\u00e9e<br \/>\nConception avanc\u00e9e des baffles absorbants<br \/>\nFaible perte de charge<br \/>\nDimensions personnalis\u00e9es<br \/>\nAssistance technique<br \/>\nPour choisir le silencieux optimal pour chaque application, les param\u00e8tres suivants sont obligatoires\u00a0:<\/p>\n<p>Type, temp\u00e9rature et pression du gaz\u00a0; diam\u00e8tre du tuyau, perte de charge acceptable\u00a0; position du silencieux\u00a0;<br \/>\nLa r\u00e9duction acoustique requise, ou le niveau sonore \u00e9mis, et le niveau sonore requis.<br \/>\nContactez notre service technique pour plus d&rsquo;informations concernant votre application sp\u00e9cifique.<\/p>\n","protected":false},"excerpt":{"rendered":"<div class=\"woocommerce-product-details__short-description\">\n<p>Offrant une r\u00e9duction acoustique \u00e9lev\u00e9e et une faible perte de charge, disponibles sur mesure<\/p>\n<\/div>\n","protected":false},"featured_media":34887,"template":"","meta":[],"product_brand":[],"product_cat":[778,1716],"product_tag":[],"class_list":{"0":"post-34916","1":"product","2":"type-product","3":"status-publish","4":"has-post-thumbnail","6":"product_cat-acoustics-noise-fr","7":"product_cat-mechanical-noise-control-fr","9":"first","10":"instock","11":"shipping-taxable","12":"product-type-simple"},"_links":{"self":[{"href":"https:\/\/airsystems.ge\/shop\/fr\/wp-json\/wp\/v2\/product\/34916","targetHints":{"allow":["GET"]}}],"collection":[{"href":"https:\/\/airsystems.ge\/shop\/fr\/wp-json\/wp\/v2\/product"}],"about":[{"href":"https:\/\/airsystems.ge\/shop\/fr\/wp-json\/wp\/v2\/types\/product"}],"wp:featuredmedia":[{"embeddable":true,"href":"https:\/\/airsystems.ge\/shop\/fr\/wp-json\/wp\/v2\/media\/34887"}],"wp:attachment":[{"href":"https:\/\/airsystems.ge\/shop\/fr\/wp-json\/wp\/v2\/media?parent=34916"}],"wp:term":[{"taxonomy":"product_brand","embeddable":true,"href":"https:\/\/airsystems.ge\/shop\/fr\/wp-json\/wp\/v2\/product_brand?post=34916"},{"taxonomy":"product_cat","embeddable":true,"href":"https:\/\/airsystems.ge\/shop\/fr\/wp-json\/wp\/v2\/product_cat?post=34916"},{"taxonomy":"product_tag","embeddable":true,"href":"https:\/\/airsystems.ge\/shop\/fr\/wp-json\/wp\/v2\/product_tag?post=34916"}],"curies":[{"name":"wp","href":"https:\/\/api.w.org\/{rel}","templated":true}]}}