{"id":34878,"date":"2025-06-09T17:58:02","date_gmt":"2025-06-09T13:58:02","guid":{"rendered":"https:\/\/airsystems.ge\/shop\/product\/industrial-sound-proofing-curtains-alphafon-ac-poly\/"},"modified":"2025-06-09T18:10:13","modified_gmt":"2025-06-09T14:10:13","slug":"industrial-sound-proofing-curtains-alphafon-ac-poly","status":"publish","type":"product","link":"https:\/\/airsystems.ge\/shop\/fr\/produit\/industrial-sound-proofing-curtains-alphafon-ac-poly\/","title":{"rendered":"Rideaux insonorisants industriels ALPHAfon \u2013 AC.Poly"},"content":{"rendered":"<p>Les rideaux acoustiques r\u00e9tractables flexibles ALPHAfon-AC.Poly constituent une solution efficace et \u00e9conomique pour l&rsquo;isolation acoustique. Ils sont con\u00e7us pour r\u00e9duire, att\u00e9nuer ou absorber le bruit, m\u00eame en ext\u00e9rieur.<\/p>\n<p>Le rideau insonorisant ALPHAfon-AC.Poly est compos\u00e9 d&rsquo;un mat\u00e9riau absorbant interne recouvert d&rsquo;un rev\u00eatement en polyester PVC sur les deux faces.<\/p>\n<p>Il existe deux types de rideaux acoustiques selon l&rsquo;usage pr\u00e9vu\u00a0:<\/p>\n<p>ALPHAfon-AC.Poly\/sp\u00a0: Rideaux insonorisants avec rev\u00eatement en polyester PVC \u00e9pais sur les deux faces ext\u00e9rieures.<br \/>\nALPHAfon-AC.Poly\/sa\u00a0: Rideaux insonorisants avec rev\u00eatement en polyester PVC maill\u00e9 sur une face ext\u00e9rieure.<br \/>\nLes rideaux acoustiques ALPHAfon-AC.Poly, gr\u00e2ce \u00e0 leur composition, offrent une isolation acoustique efficace, une faible \u00e9paisseur et une installation facile. Elles peuvent \u00eatre utilis\u00e9es comme portails\/portes flexibles, comme barri\u00e8res ou membranes d&rsquo;insonorisation pour la construction de tentes ou les applications industrielles ext\u00e9rieures.<\/p>\n<p>Isolation phonique et thermique efficace.<br \/>\nUtilis\u00e9es pour contr\u00f4ler les flux de temp\u00e9rature, la pollution sonore, la contamination par la poussi\u00e8re et les particules.<br \/>\nL\u00e9g\u00e8res et faciles \u00e0 nettoyer, \u00e0 manipuler et \u00e0 ranger.<br \/>\nGrande flexibilit\u00e9.<br \/>\nLes membranes composites externes sont imperm\u00e9ables et r\u00e9sistantes aux intemp\u00e9ries et aux UV.<br \/>\nTraitement anti-moisissure.<br \/>\nSimples \u00e0 installer et \u00e0 utiliser.<br \/>\nLe syst\u00e8me de volutes robuste peut \u00eatre facilement d\u00e9plac\u00e9 \u00e0 un endroit pratique, rendant la zone prot\u00e9g\u00e9e facilement accessible.<\/p>\n<p>L&rsquo;efficacit\u00e9 de ces rideaux d\u00e9pend de l&rsquo;\u00e9tanch\u00e9it\u00e9 des passages.<\/p>\n<p>&nbsp;<\/p>\n<p><iframe loading=\"lazy\" title=\"Industrial Soundproofing PVC Curtain - In application!\" width=\"500\" height=\"281\" src=\"https:\/\/www.youtube.com\/embed\/HKcwsWR1w4M?feature=oembed\" frameborder=\"0\" allow=\"accelerometer; autoplay; clipboard-write; encrypted-media; gyroscope; picture-in-picture; web-share\" referrerpolicy=\"strict-origin-when-cross-origin\" allowfullscreen><\/iframe><\/p>\n","protected":false},"excerpt":{"rendered":"<p>Rideaux efficaces et \u00e9conomiques pour l&rsquo;isolation acoustique, con\u00e7us pour r\u00e9duire, att\u00e9nuer ou absorber le bruit, m\u00eame en ext\u00e9rieur.<\/p>\n","protected":false},"featured_media":34855,"template":"","meta":[],"product_brand":[],"product_cat":[778,1716],"product_tag":[],"class_list":{"0":"post-34878","1":"product","2":"type-product","3":"status-publish","4":"has-post-thumbnail","6":"product_cat-acoustics-noise-fr","7":"product_cat-mechanical-noise-control-fr","9":"first","10":"instock","11":"shipping-taxable","12":"product-type-simple"},"_links":{"self":[{"href":"https:\/\/airsystems.ge\/shop\/fr\/wp-json\/wp\/v2\/product\/34878","targetHints":{"allow":["GET"]}}],"collection":[{"href":"https:\/\/airsystems.ge\/shop\/fr\/wp-json\/wp\/v2\/product"}],"about":[{"href":"https:\/\/airsystems.ge\/shop\/fr\/wp-json\/wp\/v2\/types\/product"}],"wp:featuredmedia":[{"embeddable":true,"href":"https:\/\/airsystems.ge\/shop\/fr\/wp-json\/wp\/v2\/media\/34855"}],"wp:attachment":[{"href":"https:\/\/airsystems.ge\/shop\/fr\/wp-json\/wp\/v2\/media?parent=34878"}],"wp:term":[{"taxonomy":"product_brand","embeddable":true,"href":"https:\/\/airsystems.ge\/shop\/fr\/wp-json\/wp\/v2\/product_brand?post=34878"},{"taxonomy":"product_cat","embeddable":true,"href":"https:\/\/airsystems.ge\/shop\/fr\/wp-json\/wp\/v2\/product_cat?post=34878"},{"taxonomy":"product_tag","embeddable":true,"href":"https:\/\/airsystems.ge\/shop\/fr\/wp-json\/wp\/v2\/product_tag?post=34878"}],"curies":[{"name":"wp","href":"https:\/\/api.w.org\/{rel}","templated":true}]}}