{"id":34839,"date":"2025-06-09T16:16:38","date_gmt":"2025-06-09T12:16:38","guid":{"rendered":"https:\/\/airsystems.ge\/shop\/product\/lhe-p4-high-efficiency-air-to-water-multipurpose-unit-and-4-pipe-heat-pumps-equipped-with-scroll-compressor-and-axial-fans-with-low-gwp-refrigerant\/"},"modified":"2025-06-09T16:18:32","modified_gmt":"2025-06-09T12:18:32","slug":"lhe-p4-high-efficiency-air-to-water-multipurpose-unit-and-4-pipe-heat-pumps-equipped-with-scroll-compressor-and-axial-fans-with-low-gwp-refrigerant","status":"publish","type":"product","link":"https:\/\/airsystems.ge\/shop\/fr\/produit\/lhe-p4-high-efficiency-air-to-water-multipurpose-unit-and-4-pipe-heat-pumps-equipped-with-scroll-compressor-and-axial-fans-with-low-gwp-refrigerant\/","title":{"rendered":"LHE P4 Unit\u00e9 polyvalente air\/eau \u00e0 haut rendement et pompes \u00e0 chaleur 4 tubes \u00e9quip\u00e9es d&rsquo;un compresseur scroll et de ventilateurs axiaux \u00e0 faible PRG"},"content":{"rendered":"<div class=\"elementor-element elementor-element-70da8153 elementor-widget elementor-widget-theme-page-title elementor-page-title elementor-widget-heading\" data-id=\"70da8153\" data-element_type=\"widget\" data-widget_type=\"theme-page-title.default\">\n<div class=\"elementor-widget-container\">\n<p>Les pompes \u00e0 chaleur air\/eau \u00e0 haut rendement LHE sont particuli\u00e8rement adapt\u00e9es aux applications exigeant une efficacit\u00e9 maximale en mode chauffage et un faible niveau sonore.<br \/>\nSp\u00e9cialement con\u00e7ues pour offrir une efficacit\u00e9 optimale en mode chauffage, elles peuvent fonctionner jusqu&rsquo;\u00e0 -20 \u00b0C et produire de l&rsquo;eau jusqu&rsquo;\u00e0 60 \u00b0C.<br \/>\nToutes les tailles sont \u00e9quip\u00e9es d&rsquo;une vanne d&rsquo;inversion de cycle pour le d\u00e9givrage hivernal\u00a0; les versions RV permettent \u00e9galement de produire de l&rsquo;eau froide en \u00e9t\u00e9.<\/p>\n<\/div>\n<\/div>\n<div class=\"elementor-element elementor-element-427e8a79 e-flex e-con-boxed e-con e-child\" data-id=\"427e8a79\" data-element_type=\"container\">\n<div class=\"e-con-inner\">\n<div class=\"elementor-element elementor-element-6e19ed90 hidebutton mc-bl elementor-align-left elementor-widget elementor-widget-button\" data-id=\"6e19ed90\" data-element_type=\"widget\" data-widget_type=\"button.default\">\n<div class=\"elementor-widget-container\">\n<div class=\"elementor-button-wrapper\"><a class=\"elementor-button elementor-button-link elementor-size-sm\" href=\"https:\/\/www.enextechnologies.com\/wp-content\/uploads\/2024\/11\/LHE-P4_ENG.pdf\" target=\"_blank\" rel=\"noopener\"><span class=\"elementor-button-content-wrapper\"><span class=\"elementor-button-text\">BROCHURE<\/span><\/span><\/a><\/div>\n<\/div>\n<\/div>\n<\/div>\n<\/div>\n","protected":false},"excerpt":{"rendered":"<p>Puissance de chauffage de 45 kW \u00e0 457 kW<\/p>\n","protected":false},"featured_media":34834,"template":"","meta":[],"product_brand":[],"product_cat":[682,1667],"product_tag":[],"class_list":{"0":"post-34839","1":"product","2":"type-product","3":"status-publish","4":"has-post-thumbnail","6":"product_cat-climatiseurs-fr-industriels","7":"product_cat-pompe-a-chaleur","9":"first","10":"instock","11":"shipping-taxable","12":"product-type-simple"},"_links":{"self":[{"href":"https:\/\/airsystems.ge\/shop\/fr\/wp-json\/wp\/v2\/product\/34839","targetHints":{"allow":["GET"]}}],"collection":[{"href":"https:\/\/airsystems.ge\/shop\/fr\/wp-json\/wp\/v2\/product"}],"about":[{"href":"https:\/\/airsystems.ge\/shop\/fr\/wp-json\/wp\/v2\/types\/product"}],"wp:featuredmedia":[{"embeddable":true,"href":"https:\/\/airsystems.ge\/shop\/fr\/wp-json\/wp\/v2\/media\/34834"}],"wp:attachment":[{"href":"https:\/\/airsystems.ge\/shop\/fr\/wp-json\/wp\/v2\/media?parent=34839"}],"wp:term":[{"taxonomy":"product_brand","embeddable":true,"href":"https:\/\/airsystems.ge\/shop\/fr\/wp-json\/wp\/v2\/product_brand?post=34839"},{"taxonomy":"product_cat","embeddable":true,"href":"https:\/\/airsystems.ge\/shop\/fr\/wp-json\/wp\/v2\/product_cat?post=34839"},{"taxonomy":"product_tag","embeddable":true,"href":"https:\/\/airsystems.ge\/shop\/fr\/wp-json\/wp\/v2\/product_tag?post=34839"}],"curies":[{"name":"wp","href":"https:\/\/api.w.org\/{rel}","templated":true}]}}