{"id":34767,"date":"2025-06-09T15:30:04","date_gmt":"2025-06-09T11:30:04","guid":{"rendered":"https:\/\/airsystems.ge\/shop\/product\/lzt-p4-high-efficiency-air-to-water-multipurpose-unit-and-4-pipe-heat-pumps-equipped-with-e-v-i-compressors-and-axial-fans\/"},"modified":"2025-06-09T15:37:34","modified_gmt":"2025-06-09T11:37:34","slug":"lzt-p4-high-efficiency-air-to-water-multipurpose-unit-and-4-pipe-heat-pumps-equipped-with-e-v-i-compressors-and-axial-fans","status":"publish","type":"product","link":"https:\/\/airsystems.ge\/shop\/fr\/produit\/lzt-p4-high-efficiency-air-to-water-multipurpose-unit-and-4-pipe-heat-pumps-equipped-with-e-v-i-compressors-and-axial-fans\/","title":{"rendered":"LZT P4 Unit\u00e9 polyvalente air\/eau \u00e0 haut rendement et pompes \u00e0 chaleur 4 tubes \u00e9quip\u00e9es de compresseurs E.V.I. et de ventilateurs axiaux"},"content":{"rendered":"<div class=\"elementor-element elementor-element-391e72ec elementor-widget elementor-widget-theme-post-content\" data-id=\"391e72ec\" data-element_type=\"widget\" data-widget_type=\"theme-post-content.default\">\n<div class=\"elementor-widget-container\">\n<p>Les pompes \u00e0 chaleur air\/eau \u00e0 haut rendement de la s\u00e9rie LZT\/P4 sont des unit\u00e9s con\u00e7ues pour les syst\u00e8mes de climatisation et de chauffage 4 tubes. Elles permettent la production simultan\u00e9e ou s\u00e9par\u00e9e d&rsquo;eau froide pour le refroidissement et d&rsquo;eau chaude pour le chauffage. Elles sont \u00e9quip\u00e9es d&rsquo;un \u00e9changeur suppl\u00e9mentaire, utilis\u00e9 comme condenseur pour l&rsquo;eau chaude, dont la production est ind\u00e9pendante du mode de fonctionnement de l&rsquo;unit\u00e9. L&rsquo;activation de l&rsquo;\u00e9changeur s&rsquo;effectue automatiquement via la commande \u00e0 microprocesseur lorsque la temp\u00e9rature de retour de l&rsquo;eau chaude est inf\u00e9rieure \u00e0 la consigne. Ces unit\u00e9s permettent de produire de l&rsquo;eau chaude et de l&rsquo;eau froide simultan\u00e9ment et\/ou s\u00e9par\u00e9ment, avec un rendement \u00e9nerg\u00e9tique tr\u00e8s \u00e9lev\u00e9. Elles sont toutes \u00e9quip\u00e9es d&rsquo;une commande \u00e0 microprocesseur avanc\u00e9e sp\u00e9cifique, dot\u00e9e d&rsquo;un logiciel de gestion des diff\u00e9rentes priorit\u00e9s. Les versions XL pr\u00e9sentent \u00e9galement un niveau sonore extr\u00eamement faible gr\u00e2ce \u00e0 l&rsquo;utilisation d&rsquo;un syst\u00e8me sp\u00e9cial d&rsquo;amortissement des vibrations flottant qui permet une r\u00e9duction du bruit d&rsquo;environ 6 \u00e0 8 dB (A) (en option).<\/p>\n<\/div>\n<\/div>\n<div class=\"elementor-element elementor-element-427e8a79 e-flex e-con-boxed e-con e-child\" data-id=\"427e8a79\" data-element_type=\"container\">\n<div class=\"e-con-inner\">\n<div class=\"elementor-element elementor-element-6e19ed90 hidebutton mc-bl elementor-align-left elementor-widget elementor-widget-button\" data-id=\"6e19ed90\" data-element_type=\"widget\" data-widget_type=\"button.default\">\n<div class=\"elementor-widget-container\">\n<div class=\"elementor-button-wrapper\"><a class=\"elementor-button elementor-button-link elementor-size-sm\" href=\"https:\/\/www.enextechnologies.com\/wp-content\/uploads\/2024\/09\/LZT-P4_ENG.pdf\" target=\"_blank\" rel=\"noopener\"><span class=\"elementor-button-content-wrapper\"><span class=\"elementor-button-text\">BROCHURE<\/span><\/span><\/a><\/div>\n<\/div>\n<\/div>\n<\/div>\n<\/div>\n","protected":false},"excerpt":{"rendered":"<p>Puissance de chauffage de 24 kW \u00e0 205 kW<\/p>\n","protected":false},"featured_media":34797,"template":"","meta":[],"product_brand":[],"product_cat":[682,1667],"product_tag":[],"class_list":{"0":"post-34767","1":"product","2":"type-product","3":"status-publish","4":"has-post-thumbnail","6":"product_cat-climatiseurs-fr-industriels","7":"product_cat-pompe-a-chaleur","9":"first","10":"instock","11":"shipping-taxable","12":"product-type-simple"},"_links":{"self":[{"href":"https:\/\/airsystems.ge\/shop\/fr\/wp-json\/wp\/v2\/product\/34767","targetHints":{"allow":["GET"]}}],"collection":[{"href":"https:\/\/airsystems.ge\/shop\/fr\/wp-json\/wp\/v2\/product"}],"about":[{"href":"https:\/\/airsystems.ge\/shop\/fr\/wp-json\/wp\/v2\/types\/product"}],"wp:featuredmedia":[{"embeddable":true,"href":"https:\/\/airsystems.ge\/shop\/fr\/wp-json\/wp\/v2\/media\/34797"}],"wp:attachment":[{"href":"https:\/\/airsystems.ge\/shop\/fr\/wp-json\/wp\/v2\/media?parent=34767"}],"wp:term":[{"taxonomy":"product_brand","embeddable":true,"href":"https:\/\/airsystems.ge\/shop\/fr\/wp-json\/wp\/v2\/product_brand?post=34767"},{"taxonomy":"product_cat","embeddable":true,"href":"https:\/\/airsystems.ge\/shop\/fr\/wp-json\/wp\/v2\/product_cat?post=34767"},{"taxonomy":"product_tag","embeddable":true,"href":"https:\/\/airsystems.ge\/shop\/fr\/wp-json\/wp\/v2\/product_tag?post=34767"}],"curies":[{"name":"wp","href":"https:\/\/api.w.org\/{rel}","templated":true}]}}