{"id":34745,"date":"2025-06-07T21:18:57","date_gmt":"2025-06-07T17:18:57","guid":{"rendered":"https:\/\/airsystems.ge\/shop\/product\/whk-super-high-temperature-water-to-water-heat-pumps-equipped-with-scroll-compressor\/"},"modified":"2025-06-07T21:22:12","modified_gmt":"2025-06-07T17:22:12","slug":"whk-super-high-temperature-water-to-water-heat-pumps-equipped-with-scroll-compressor","status":"publish","type":"product","link":"https:\/\/airsystems.ge\/shop\/fr\/produit\/whk-super-high-temperature-water-to-water-heat-pumps-equipped-with-scroll-compressor\/","title":{"rendered":"WHK Pompes \u00e0 chaleur eau-eau tr\u00e8s haute temp\u00e9rature \u00e9quip\u00e9es d&rsquo;un compresseur scroll"},"content":{"rendered":"<div class=\"elementor-element elementor-element-391e72ec elementor-widget elementor-widget-theme-post-content\" data-id=\"391e72ec\" data-element_type=\"widget\" data-widget_type=\"theme-post-content.default\">\n<div class=\"elementor-widget-container\">\n<p>Les pompes \u00e0 chaleur WHK sont particuli\u00e8rement adapt\u00e9es aux applications utilisant une source d&rsquo;\u00e9nergie \u00e0 moyenne ou haute temp\u00e9rature. Ces unit\u00e9s ont \u00e9t\u00e9 con\u00e7ues pour produire de l&rsquo;eau \u00e0 haute ou tr\u00e8s haute temp\u00e9rature pour les applications n\u00e9cessitant une efficacit\u00e9 de chauffage maximale. Disponibles en mode chauffage seul, elles peuvent produire de l&rsquo;eau jusqu&rsquo;\u00e0 78 \u00b0C (version HT). Une large gamme d&rsquo;accessoires vous permet de choisir la solution optimale.<\/p>\n<\/div>\n<\/div>\n<div class=\"elementor-element elementor-element-427e8a79 e-flex e-con-boxed e-con e-child\" data-id=\"427e8a79\" data-element_type=\"container\">\n<div class=\"e-con-inner\">\n<div class=\"elementor-element elementor-element-6e19ed90 hidebutton mc-bl elementor-align-left elementor-widget elementor-widget-button\" data-id=\"6e19ed90\" data-element_type=\"widget\" data-widget_type=\"button.default\">\n<div class=\"elementor-widget-container\">\n<div class=\"elementor-button-wrapper\"><a class=\"elementor-button elementor-button-link elementor-size-sm\" href=\"https:\/\/www.enextechnologies.com\/wp-content\/uploads\/2024\/09\/WHK_ENG.pdf\" target=\"_blank\" rel=\"noopener\"><span class=\"elementor-button-content-wrapper\"><span class=\"elementor-button-text\">BROCHURE<\/span><\/span><\/a><\/div>\n<\/div>\n<\/div>\n<\/div>\n<\/div>\n","protected":false},"excerpt":{"rendered":"<p>Puissance de chauffage de 39 kW \u00e0 302 kW<\/p>\n","protected":false},"featured_media":34740,"template":"","meta":[],"product_brand":[],"product_cat":[682,1667],"product_tag":[],"class_list":{"0":"post-34745","1":"product","2":"type-product","3":"status-publish","4":"has-post-thumbnail","6":"product_cat-climatiseurs-fr-industriels","7":"product_cat-pompe-a-chaleur","9":"first","10":"instock","11":"shipping-taxable","12":"product-type-simple"},"_links":{"self":[{"href":"https:\/\/airsystems.ge\/shop\/fr\/wp-json\/wp\/v2\/product\/34745","targetHints":{"allow":["GET"]}}],"collection":[{"href":"https:\/\/airsystems.ge\/shop\/fr\/wp-json\/wp\/v2\/product"}],"about":[{"href":"https:\/\/airsystems.ge\/shop\/fr\/wp-json\/wp\/v2\/types\/product"}],"wp:featuredmedia":[{"embeddable":true,"href":"https:\/\/airsystems.ge\/shop\/fr\/wp-json\/wp\/v2\/media\/34740"}],"wp:attachment":[{"href":"https:\/\/airsystems.ge\/shop\/fr\/wp-json\/wp\/v2\/media?parent=34745"}],"wp:term":[{"taxonomy":"product_brand","embeddable":true,"href":"https:\/\/airsystems.ge\/shop\/fr\/wp-json\/wp\/v2\/product_brand?post=34745"},{"taxonomy":"product_cat","embeddable":true,"href":"https:\/\/airsystems.ge\/shop\/fr\/wp-json\/wp\/v2\/product_cat?post=34745"},{"taxonomy":"product_tag","embeddable":true,"href":"https:\/\/airsystems.ge\/shop\/fr\/wp-json\/wp\/v2\/product_tag?post=34745"}],"curies":[{"name":"wp","href":"https:\/\/api.w.org\/{rel}","templated":true}]}}