{"id":34610,"date":"2025-06-07T14:56:42","date_gmt":"2025-06-07T10:56:42","guid":{"rendered":"https:\/\/airsystems.ge\/shop\/product\/shell-tube-expansion-heat-recovery-heat-exchanger\/"},"modified":"2025-06-07T15:00:03","modified_gmt":"2025-06-07T11:00:03","slug":"shell-tube-expansion-heat-recovery-heat-exchanger","status":"publish","type":"product","link":"https:\/\/airsystems.ge\/shop\/fr\/produit\/shell-tube-expansion-heat-recovery-heat-exchanger\/","title":{"rendered":"\u00c9changeur de chaleur \u00e0 condenseur \u00e0 tubes et calandre"},"content":{"rendered":"<div class=\"elementor-element elementor-element-391e72ec elementor-widget elementor-widget-theme-post-content\" data-id=\"391e72ec\" data-element_type=\"widget\" data-widget_type=\"theme-post-content.default\">\n<div class=\"elementor-widget-container\">\n<p>Caract\u00e9ristiques principales\u00a0:<\/p>\n<ul>\n<li>Compatible avec tous les r\u00e9frig\u00e9rants synth\u00e9tiques, y compris l&rsquo;A2L et le propane.<br \/>\nCompatible avec l&rsquo;eau de mer.<br \/>\nPossibilit\u00e9 de personnaliser tous les composants du faisceau tubulaire.<br \/>\nVari\u00e9t\u00e9 de mat\u00e9riaux disponibles pour la calandre et les tuyauteries, \u00e0 d\u00e9finir selon les demandes sp\u00e9cifiques du client ou pour garantir la compatibilit\u00e9 avec le fluide et les conditions d&rsquo;utilisation. Cuivre, acier inoxydable, titane, acier au carbone, cupronickel\u2026<br \/>\n10 g\u00e9om\u00e9tries disponibles, ainsi qu&rsquo;une vari\u00e9t\u00e9 d&rsquo;\u00e9paisseurs et de formes de paroi de tube, permettent d&rsquo;atteindre les performances souhait\u00e9es, tout en conservant la compacit\u00e9 du faisceau tubulaire et des prix comp\u00e9titifs.<br \/>\nDiff\u00e9rents types de connexions<\/li>\n<\/ul>\n<\/div>\n<\/div>\n<div class=\"elementor-element elementor-element-427e8a79 e-flex e-con-boxed e-con e-child\" data-id=\"427e8a79\" data-element_type=\"container\">\n<div class=\"e-con-inner\">\n<div class=\"elementor-element elementor-element-6e19ed90 hidebutton mc-bl elementor-align-left elementor-widget elementor-widget-button\" data-id=\"6e19ed90\" data-element_type=\"widget\" data-widget_type=\"button.default\">\n<div class=\"elementor-widget-container\">\n<div class=\"elementor-button-wrapper\"><a class=\"elementor-button elementor-button-link elementor-size-sm\" href=\"https:\/\/www.enextechnologies.com\/wp-content\/uploads\/2024\/08\/ROEN-EST-SHELL-_-TUBE.pdf\" target=\"_blank\" rel=\"noopener\"><span class=\"elementor-button-content-wrapper\"><span class=\"elementor-button-text\">DOWNLOAD<\/span><\/span><\/a><\/div>\n<\/div>\n<\/div>\n<\/div>\n<\/div>\n","protected":false},"excerpt":{"rendered":"<div class=\"elementor-element elementor-element-f80f489 elementor-widget elementor-widget-heading\" data-id=\"f80f489\" data-element_type=\"widget\" data-widget_type=\"heading.default\">\n<div class=\"elementor-widget-container\">\n<div class=\"elementor-heading-title elementor-size-default\">\u00c9vaporateurs<br \/>\nLes \u00e9changeurs de chaleur \u00e0 tubes et calandre Roen Est \u00ab\u00a0\u00c9vaporateurs \u00e0 d\u00e9tente\u00a0\u00bb sont principalement utilis\u00e9s dans le secteur de la climatisation. L&rsquo;\u00e9vaporation par d\u00e9tente interne directe du tube permet de soustraire l&rsquo;\u00e9nergie thermique du fluide calandre, qui peut \u00eatre de l&rsquo;eau, un m\u00e9lange eau-glycol ou eau de mer. Les applications les plus courantes sont\u00a0: refroidisseurs d&rsquo;eau\/eau industriels, refroidisseurs d&rsquo;eau\/air industriels, pompes \u00e0 chaleur, refroidisseurs d&rsquo;eau de mer\/eau de mer industriels.<\/div>\n<\/div>\n<\/div>\n","protected":false},"featured_media":34605,"template":"","meta":[],"product_brand":[],"product_cat":[682,1307],"product_tag":[],"class_list":{"0":"post-34610","1":"product","2":"type-product","3":"status-publish","4":"has-post-thumbnail","6":"product_cat-climatiseurs-fr-industriels","7":"product_cat-echangeur-de-chaleur-fr","9":"first","10":"instock","11":"shipping-taxable","12":"product-type-simple"},"_links":{"self":[{"href":"https:\/\/airsystems.ge\/shop\/fr\/wp-json\/wp\/v2\/product\/34610","targetHints":{"allow":["GET"]}}],"collection":[{"href":"https:\/\/airsystems.ge\/shop\/fr\/wp-json\/wp\/v2\/product"}],"about":[{"href":"https:\/\/airsystems.ge\/shop\/fr\/wp-json\/wp\/v2\/types\/product"}],"wp:featuredmedia":[{"embeddable":true,"href":"https:\/\/airsystems.ge\/shop\/fr\/wp-json\/wp\/v2\/media\/34605"}],"wp:attachment":[{"href":"https:\/\/airsystems.ge\/shop\/fr\/wp-json\/wp\/v2\/media?parent=34610"}],"wp:term":[{"taxonomy":"product_brand","embeddable":true,"href":"https:\/\/airsystems.ge\/shop\/fr\/wp-json\/wp\/v2\/product_brand?post=34610"},{"taxonomy":"product_cat","embeddable":true,"href":"https:\/\/airsystems.ge\/shop\/fr\/wp-json\/wp\/v2\/product_cat?post=34610"},{"taxonomy":"product_tag","embeddable":true,"href":"https:\/\/airsystems.ge\/shop\/fr\/wp-json\/wp\/v2\/product_tag?post=34610"}],"curies":[{"name":"wp","href":"https:\/\/api.w.org\/{rel}","templated":true}]}}