{"id":34533,"date":"2025-06-03T19:14:55","date_gmt":"2025-06-03T15:14:55","guid":{"rendered":"https:\/\/airsystems.ge\/shop\/product\/steel-coating-thermocoat\/"},"modified":"2025-06-03T19:25:37","modified_gmt":"2025-06-03T15:25:37","slug":"steel-coating-thermocoat","status":"publish","type":"product","link":"https:\/\/airsystems.ge\/shop\/fr\/produit\/steel-coating-thermocoat\/","title":{"rendered":"Rev\u00eatement de l&rsquo;acier\u00a0: Thermocoat WRAS"},"content":{"rendered":"","protected":false},"excerpt":{"rendered":"<p>Il est appliqu\u00e9 sur une ou deux faces du panneau \u00e0 l&rsquo;aide de syst\u00e8mes robotis\u00e9s dans nos installations, selon la demande. Ce rev\u00eatement homologu\u00e9 WRAS\u00ae est utilis\u00e9 pour le stockage d&rsquo;eau partiellement m\u00e9lang\u00e9e chimiquement ou d&rsquo;eau potable dans des environnements ext\u00e9rieurs et int\u00e9rieurs corrosifs.<\/p>\n","protected":false},"featured_media":34516,"template":"","meta":[],"product_brand":[],"product_cat":[1691,673,1703],"product_tag":[],"class_list":{"0":"post-34533","1":"product","2":"type-product","3":"status-publish","4":"has-post-thumbnail","6":"product_cat-reservoir-deau-en-acier-revetu","7":"product_cat-water-tanks-fr","8":"product_cat-revetement-de-lacier-thermocoat","10":"first","11":"instock","12":"shipping-taxable","13":"product-type-simple"},"_links":{"self":[{"href":"https:\/\/airsystems.ge\/shop\/fr\/wp-json\/wp\/v2\/product\/34533","targetHints":{"allow":["GET"]}}],"collection":[{"href":"https:\/\/airsystems.ge\/shop\/fr\/wp-json\/wp\/v2\/product"}],"about":[{"href":"https:\/\/airsystems.ge\/shop\/fr\/wp-json\/wp\/v2\/types\/product"}],"wp:featuredmedia":[{"embeddable":true,"href":"https:\/\/airsystems.ge\/shop\/fr\/wp-json\/wp\/v2\/media\/34516"}],"wp:attachment":[{"href":"https:\/\/airsystems.ge\/shop\/fr\/wp-json\/wp\/v2\/media?parent=34533"}],"wp:term":[{"taxonomy":"product_brand","embeddable":true,"href":"https:\/\/airsystems.ge\/shop\/fr\/wp-json\/wp\/v2\/product_brand?post=34533"},{"taxonomy":"product_cat","embeddable":true,"href":"https:\/\/airsystems.ge\/shop\/fr\/wp-json\/wp\/v2\/product_cat?post=34533"},{"taxonomy":"product_tag","embeddable":true,"href":"https:\/\/airsystems.ge\/shop\/fr\/wp-json\/wp\/v2\/product_tag?post=34533"}],"curies":[{"name":"wp","href":"https:\/\/api.w.org\/{rel}","templated":true}]}}