{"id":34506,"date":"2025-06-03T18:57:57","date_gmt":"2025-06-03T14:57:57","guid":{"rendered":"https:\/\/airsystems.ge\/shop\/product\/steel-coating-hot-dip-galvanizisation\/"},"modified":"2025-06-03T19:10:05","modified_gmt":"2025-06-03T15:10:05","slug":"steel-coating-hot-dip-galvanizisation","status":"publish","type":"product","link":"https:\/\/airsystems.ge\/shop\/fr\/produit\/steel-coating-hot-dip-galvanizisation\/","title":{"rendered":"Rev\u00eatement de l&rsquo;acier\u00a0: Galvanisation \u00e0 chaud"},"content":{"rendered":"","protected":false},"excerpt":{"rendered":"<p>La galvanisation \u00e0 chaud est la m\u00e9thode la plus efficace et la plus durable pour prot\u00e9ger l&rsquo;acier contre la corrosion. Toutes les surfaces sont recouvertes d&rsquo;une couche de zinc totalement passive, prot\u00e9geant ainsi l&rsquo;acier de la corrosion atmosph\u00e9rique. C&rsquo;est la solution id\u00e9ale pour les r\u00e9servoirs d&rsquo;eau non potable.<\/p>\n","protected":false},"featured_media":34489,"template":"","meta":[],"product_brand":[],"product_cat":[1691,673,1697],"product_tag":[],"class_list":{"0":"post-34506","1":"product","2":"type-product","3":"status-publish","4":"has-post-thumbnail","6":"product_cat-reservoir-deau-en-acier-revetu","7":"product_cat-water-tanks-fr","8":"product_cat-revetement-de-lacier-galvanisation-a-chaud","10":"first","11":"instock","12":"shipping-taxable","13":"product-type-simple"},"_links":{"self":[{"href":"https:\/\/airsystems.ge\/shop\/fr\/wp-json\/wp\/v2\/product\/34506","targetHints":{"allow":["GET"]}}],"collection":[{"href":"https:\/\/airsystems.ge\/shop\/fr\/wp-json\/wp\/v2\/product"}],"about":[{"href":"https:\/\/airsystems.ge\/shop\/fr\/wp-json\/wp\/v2\/types\/product"}],"wp:featuredmedia":[{"embeddable":true,"href":"https:\/\/airsystems.ge\/shop\/fr\/wp-json\/wp\/v2\/media\/34489"}],"wp:attachment":[{"href":"https:\/\/airsystems.ge\/shop\/fr\/wp-json\/wp\/v2\/media?parent=34506"}],"wp:term":[{"taxonomy":"product_brand","embeddable":true,"href":"https:\/\/airsystems.ge\/shop\/fr\/wp-json\/wp\/v2\/product_brand?post=34506"},{"taxonomy":"product_cat","embeddable":true,"href":"https:\/\/airsystems.ge\/shop\/fr\/wp-json\/wp\/v2\/product_cat?post=34506"},{"taxonomy":"product_tag","embeddable":true,"href":"https:\/\/airsystems.ge\/shop\/fr\/wp-json\/wp\/v2\/product_tag?post=34506"}],"curies":[{"name":"wp","href":"https:\/\/api.w.org\/{rel}","templated":true}]}}