{"id":34081,"date":"2025-05-29T12:07:23","date_gmt":"2025-05-29T08:07:23","guid":{"rendered":"https:\/\/airsystems.ge\/shop\/product\/solar-panel-ibex-120mhc-topcon-460-480-black\/"},"modified":"2025-05-29T17:35:26","modified_gmt":"2025-05-29T13:35:26","slug":"solar-panel-ibex-120mhc-topcon-460-480-black","status":"publish","type":"product","link":"https:\/\/airsystems.ge\/shop\/fr\/produit\/solar-panel-ibex-120mhc-topcon-460-480-black\/","title":{"rendered":"Panneau solaire IBEX 120MHC-TOPCON 460-480 NOIR Solar panel"},"content":{"rendered":"<h2>TECHNICAL DATA<\/h2>\n<div class=\"technical-data-table\">\n<div class=\"row no-gutters technical-data-table-row\">\n<div class=\"col-6\">Power classes: Up 460 to 480 Wp<\/div>\n<\/div>\n<div class=\"row no-gutters technical-data-table-row\">\n<div class=\"col-6\">Efficiency: Up to 22.24%<\/div>\n<\/div>\n<div class=\"row no-gutters technical-data-table-row\">\n<div class=\"col-6\">Size: 1903 x 1134 x 35 mm<\/div>\n<\/div>\n<div class=\"row no-gutters technical-data-table-row\">\n<div class=\"col-6\">Weight: Up to 23.8 kg<\/div>\n<\/div>\n<div class=\"row no-gutters technical-data-table-row small\">\n<div class=\"col-6\">Warranty<\/div>\n<div class=\"col-6\">At least 97% of nominal power during first year.<br \/>\nThereafter max. 0.5086% degradation per year.<br \/>\nAt least 86.83% of nominal power up to 20 years.<br \/>\nAt least 81.75% of nominal power up to 30 years.<\/div>\n<div>\n<p>YOU CAN READ MORE INFORMATION IN OUR DATA SHEET:<\/p>\n<p><a class=\"btn btn--theme\" href=\"https:\/\/www.swissenergy-solar.ch\/wp-content\/uploads\/2024\/01\/IBEX-120MHC-TOPCON-BLACK-460-480_compressed.pdf\" target=\"_blank\" rel=\"noopener\">DATA SHEET<\/a><\/p>\n<\/div>\n<\/div>\n<\/div>\n","protected":false},"excerpt":{"rendered":"<p><strong>Con\u00e7u en Suisse<\/strong><\/p>\n<h2>Technologie TOPCON<\/h2>\n<p>TECHNOLOGIE CELLULAIRE N-TOPCON<br \/>\nCellule PERC de type P<br \/>\nTechnologie 12BB Half-Cut<br \/>\nPression maximale test\u00e9e\u00a0: 6\u00a0200\u00a0Pa<br \/>\nTension maximale test\u00e9e\u00a0: 4\u00a0200\u00a0Pa<br \/>\nCO\u00dbT \u00c9LECTRIQUE PAR KILOWATT-HEURE (LCOE) R\u00c9DUIT<br \/>\nFeuille arri\u00e8re de couleur\u00a0: noir<br \/>\nRendement du module\u00a0: 22,24\u00a0%<br \/>\nGrande taille de cellule (182\u00a0\u00d7\u00a091)<\/p>\n<h3>ID\u00c9AL POUR<\/h3>\n<p>Installation sur toiture priv\u00e9e<br \/>\nInstallations commerciales et industrielles<br \/>\nCentrales solaires au sol<\/p>\n","protected":false},"featured_media":34064,"template":"","meta":[],"product_brand":[],"product_cat":[1674],"product_tag":[],"class_list":{"0":"post-34081","1":"product","2":"type-product","3":"status-publish","4":"has-post-thumbnail","6":"product_cat-panneau-solaire-energie-energy-fr","8":"first","9":"instock","10":"shipping-taxable","11":"product-type-simple"},"_links":{"self":[{"href":"https:\/\/airsystems.ge\/shop\/fr\/wp-json\/wp\/v2\/product\/34081","targetHints":{"allow":["GET"]}}],"collection":[{"href":"https:\/\/airsystems.ge\/shop\/fr\/wp-json\/wp\/v2\/product"}],"about":[{"href":"https:\/\/airsystems.ge\/shop\/fr\/wp-json\/wp\/v2\/types\/product"}],"wp:featuredmedia":[{"embeddable":true,"href":"https:\/\/airsystems.ge\/shop\/fr\/wp-json\/wp\/v2\/media\/34064"}],"wp:attachment":[{"href":"https:\/\/airsystems.ge\/shop\/fr\/wp-json\/wp\/v2\/media?parent=34081"}],"wp:term":[{"taxonomy":"product_brand","embeddable":true,"href":"https:\/\/airsystems.ge\/shop\/fr\/wp-json\/wp\/v2\/product_brand?post=34081"},{"taxonomy":"product_cat","embeddable":true,"href":"https:\/\/airsystems.ge\/shop\/fr\/wp-json\/wp\/v2\/product_cat?post=34081"},{"taxonomy":"product_tag","embeddable":true,"href":"https:\/\/airsystems.ge\/shop\/fr\/wp-json\/wp\/v2\/product_tag?post=34081"}],"curies":[{"name":"wp","href":"https:\/\/api.w.org\/{rel}","templated":true}]}}