{"id":33668,"date":"2025-05-26T11:40:53","date_gmt":"2025-05-26T07:40:53","guid":{"rendered":"https:\/\/airsystems.ge\/shop\/product\/lsa-hp-high-efficiency-air-to-water-heat-pumps\/"},"modified":"2025-05-26T11:42:37","modified_gmt":"2025-05-26T07:42:37","slug":"lsa-hp-high-efficiency-air-to-water-heat-pumps","status":"publish","type":"product","link":"https:\/\/airsystems.ge\/shop\/fr\/produit\/lsa-hp-high-efficiency-air-to-water-heat-pumps\/","title":{"rendered":"LSA HP Pompes \u00e0 chaleur air-eau \u00e0 haut rendement"},"content":{"rendered":"<div class=\"elementor-element elementor-element-70da8153 elementor-widget elementor-widget-theme-page-title elementor-page-title elementor-widget-heading\" data-id=\"70da8153\" data-element_type=\"widget\" data-widget_type=\"theme-page-title.default\">\n<div class=\"elementor-widget-container\">\n<p>Puissance de chauffage de 6 kW \u00e0 44 kW<\/p>\n<p>La gamme de refroidisseurs d&rsquo;eau LSA\/HP a \u00e9t\u00e9 con\u00e7ue pour les petites et moyennes applications r\u00e9sidentielles et commerciales. Ils permettent de produire de l&rsquo;eau glac\u00e9e \u00e0 7 \u00b0C, couramment utilis\u00e9e dans les applications avec ventilo-convecteurs et\/ou centrales de traitement d&rsquo;air. Les refroidisseurs d&rsquo;eau LSA\/HP offrent un rendement \u00e9lev\u00e9 et un fonctionnement silencieux. Diff\u00e9rentes versions et une large gamme d&rsquo;accessoires permettent de choisir la solution optimale.<\/p>\n<\/div>\n<\/div>\n<div class=\"elementor-element elementor-element-391e72ec elementor-widget elementor-widget-theme-post-content\" data-id=\"391e72ec\" data-element_type=\"widget\" data-widget_type=\"theme-post-content.default\">\n<div class=\"elementor-widget-container\">\n<p>&nbsp;<\/p>\n<\/div>\n<\/div>\n<div class=\"elementor-element elementor-element-427e8a79 e-flex e-con-boxed e-con e-child\" data-id=\"427e8a79\" data-element_type=\"container\">\n<div class=\"e-con-inner\">\n<div class=\"elementor-element elementor-element-6e19ed90 hidebutton mc-bl elementor-align-left elementor-widget elementor-widget-button\" data-id=\"6e19ed90\" data-element_type=\"widget\" data-widget_type=\"button.default\">\n<div class=\"elementor-widget-container\">\n<div class=\"elementor-button-wrapper\"><a class=\"elementor-button elementor-button-link elementor-size-sm\" href=\"https:\/\/www.enextechnologies.com\/wp-content\/uploads\/2024\/09\/LSA-HP_ENG.pdf\" target=\"_blank\" rel=\"noopener\"><span class=\"elementor-button-content-wrapper\"><span class=\"elementor-button-text\">BROCHURE<\/span><\/span><\/a><\/div>\n<\/div>\n<\/div>\n<\/div>\n<\/div>\n","protected":false},"excerpt":{"rendered":"<p>Puissance de chauffage de 6 kW \u00e0 44 kW La gamme de refroidisseurs d&rsquo;eau LSA\/HP a \u00e9t\u00e9 con\u00e7ue pour les<\/p>\n","protected":false},"featured_media":33663,"template":"","meta":[],"product_brand":[],"product_cat":[682,1667],"product_tag":[],"class_list":{"0":"post-33668","1":"product","2":"type-product","3":"status-publish","4":"has-post-thumbnail","6":"product_cat-climatiseurs-fr-industriels","7":"product_cat-pompe-a-chaleur","9":"first","10":"instock","11":"shipping-taxable","12":"product-type-simple"},"_links":{"self":[{"href":"https:\/\/airsystems.ge\/shop\/fr\/wp-json\/wp\/v2\/product\/33668","targetHints":{"allow":["GET"]}}],"collection":[{"href":"https:\/\/airsystems.ge\/shop\/fr\/wp-json\/wp\/v2\/product"}],"about":[{"href":"https:\/\/airsystems.ge\/shop\/fr\/wp-json\/wp\/v2\/types\/product"}],"wp:featuredmedia":[{"embeddable":true,"href":"https:\/\/airsystems.ge\/shop\/fr\/wp-json\/wp\/v2\/media\/33663"}],"wp:attachment":[{"href":"https:\/\/airsystems.ge\/shop\/fr\/wp-json\/wp\/v2\/media?parent=33668"}],"wp:term":[{"taxonomy":"product_brand","embeddable":true,"href":"https:\/\/airsystems.ge\/shop\/fr\/wp-json\/wp\/v2\/product_brand?post=33668"},{"taxonomy":"product_cat","embeddable":true,"href":"https:\/\/airsystems.ge\/shop\/fr\/wp-json\/wp\/v2\/product_cat?post=33668"},{"taxonomy":"product_tag","embeddable":true,"href":"https:\/\/airsystems.ge\/shop\/fr\/wp-json\/wp\/v2\/product_tag?post=33668"}],"curies":[{"name":"wp","href":"https:\/\/api.w.org\/{rel}","templated":true}]}}