{"id":33610,"date":"2025-05-25T22:13:01","date_gmt":"2025-05-25T18:13:01","guid":{"rendered":"https:\/\/airsystems.ge\/shop\/product\/yukon-d-split-air-to-water-heating-only-reciprocating-heat-pump-with-remote-evaporator\/"},"modified":"2025-05-25T22:16:02","modified_gmt":"2025-05-25T18:16:02","slug":"yukon-d-split-air-to-water-heating-only-reciprocating-heat-pump-with-remote-evaporator","status":"publish","type":"product","link":"https:\/\/airsystems.ge\/shop\/fr\/produit\/yukon-d-split-air-to-water-heating-only-reciprocating-heat-pump-with-remote-evaporator\/","title":{"rendered":"Yukon D Pompe \u00e0 chaleur alternative air\/eau split avec \u00e9vaporateur \u00e0 distance"},"content":{"rendered":"<div class=\"elementor-element elementor-element-6799186e elementor-widget elementor-widget-heading\" data-id=\"6799186e\" data-element_type=\"widget\" data-widget_type=\"heading.default\">\n<div class=\"elementor-widget-container\">\n<div class=\"elementor-heading-title elementor-size-default\">\n<p>Yukon D<br \/>\nLa pompe \u00e0 chaleur alternative air\/eau split avec \u00e9vaporateur \u00e0 distance YUKON D d&rsquo;ENEX utilise le fluide frigorig\u00e8ne R744 hautement durable. Bas\u00e9e sur un cycle CO2 transcritique, elle constitue le choix id\u00e9al pour chauffer l&rsquo;eau \u00e0 des temp\u00e9ratures \u00e9lev\u00e9es (jusqu&rsquo;\u00e0 80 \u00b0C) avec un \u2206T \u00e9lev\u00e9, comme dans les applications de chauffage urbain, et lorsqu&rsquo;un fluide frigorig\u00e8ne non toxique et ininflammable est privil\u00e9gi\u00e9.<\/p>\n<p>CARACT\u00c9RISTIQUES<\/p>\n<p>Ch\u00e2ssis en acier soud\u00e9<br \/>\nCompresseurs alternatifs<br \/>\nTuyauterie en acier inoxydable<br \/>\nLogiciel de contr\u00f4le propri\u00e9taire<br \/>\nVannes de secours m\u00e9caniques<br \/>\nConvertisseur de fr\u00e9quence sur le premier compresseur<br \/>\nContr\u00f4le des soupapes de d\u00e9charge<br \/>\nConnectivit\u00e9 via Modbus TCP\/IP<br \/>\nCompteur d&rsquo;\u00e9nergie<br \/>\nSuivi \u00e0 distance<br \/>\n\u2206T jusqu&rsquo;\u00e0 70 K en mode chauffage<br \/>\nR\u00e9servoir de liquide avec PS 80 bar<br \/>\nPression nominale c\u00f4t\u00e9 HP PS = 130 bar<\/p>\n<\/div>\n<\/div>\n<\/div>\n<div class=\"elementor-element elementor-element-427e8a79 e-flex e-con-boxed e-con e-child\" data-id=\"427e8a79\" data-element_type=\"container\">\n<div class=\"e-con-inner\">\n<div class=\"elementor-element elementor-element-6e19ed90 hidebutton mc-bl elementor-align-left elementor-widget elementor-widget-button\" data-id=\"6e19ed90\" data-element_type=\"widget\" data-widget_type=\"button.default\">\n<div class=\"elementor-widget-container\">\n<div class=\"elementor-button-wrapper\"><a class=\"elementor-button elementor-button-link elementor-size-sm\" href=\"https:\/\/www.enextechnologies.com\/wp-content\/uploads\/2024\/10\/One-Pager-YUKON-D-ENG.pdf\" target=\"_blank\" rel=\"noopener\"><span class=\"elementor-button-content-wrapper\"><span class=\"elementor-button-text\">ONE PAGER<\/span><\/span><\/a><\/div>\n<\/div>\n<\/div>\n<\/div>\n<\/div>\n","protected":false},"excerpt":{"rendered":"<p>Yukon D La pompe \u00e0 chaleur alternative air\/eau split avec \u00e9vaporateur \u00e0 distance YUKON D d&rsquo;ENEX utilise le fluide frigorig\u00e8ne<\/p>\n","protected":false},"featured_media":33605,"template":"","meta":[],"product_brand":[],"product_cat":[682,1667],"product_tag":[],"class_list":{"0":"post-33610","1":"product","2":"type-product","3":"status-publish","4":"has-post-thumbnail","6":"product_cat-climatiseurs-fr-industriels","7":"product_cat-pompe-a-chaleur","9":"first","10":"instock","11":"shipping-taxable","12":"product-type-simple"},"_links":{"self":[{"href":"https:\/\/airsystems.ge\/shop\/fr\/wp-json\/wp\/v2\/product\/33610","targetHints":{"allow":["GET"]}}],"collection":[{"href":"https:\/\/airsystems.ge\/shop\/fr\/wp-json\/wp\/v2\/product"}],"about":[{"href":"https:\/\/airsystems.ge\/shop\/fr\/wp-json\/wp\/v2\/types\/product"}],"wp:featuredmedia":[{"embeddable":true,"href":"https:\/\/airsystems.ge\/shop\/fr\/wp-json\/wp\/v2\/media\/33605"}],"wp:attachment":[{"href":"https:\/\/airsystems.ge\/shop\/fr\/wp-json\/wp\/v2\/media?parent=33610"}],"wp:term":[{"taxonomy":"product_brand","embeddable":true,"href":"https:\/\/airsystems.ge\/shop\/fr\/wp-json\/wp\/v2\/product_brand?post=33610"},{"taxonomy":"product_cat","embeddable":true,"href":"https:\/\/airsystems.ge\/shop\/fr\/wp-json\/wp\/v2\/product_cat?post=33610"},{"taxonomy":"product_tag","embeddable":true,"href":"https:\/\/airsystems.ge\/shop\/fr\/wp-json\/wp\/v2\/product_tag?post=33610"}],"curies":[{"name":"wp","href":"https:\/\/api.w.org\/{rel}","templated":true}]}}