{"id":33585,"date":"2025-05-25T22:00:11","date_gmt":"2025-05-25T18:00:11","guid":{"rendered":"https:\/\/airsystems.ge\/shop\/product\/yukon-w-water-to-water-reciprocating-heat-pump\/"},"modified":"2025-05-25T22:03:07","modified_gmt":"2025-05-25T18:03:07","slug":"yukon-w-water-to-water-reciprocating-heat-pump","status":"publish","type":"product","link":"https:\/\/airsystems.ge\/shop\/fr\/produit\/yukon-w-water-to-water-reciprocating-heat-pump\/","title":{"rendered":"Yukon W Pompe \u00e0 chaleur alternative eau\/eau"},"content":{"rendered":"","protected":false},"excerpt":{"rendered":"<p>Puissance de chauffage de 36 kW \u00e0 3000 kW<\/p>\n<p>La pompe \u00e0 chaleur alternative eau\/eau Yukon W est bas\u00e9e sur un cycle CO2 transcritique. Elle constitue la solution id\u00e9ale pour les syst\u00e8mes de chauffage urbain industriels et de grande taille utilisant l&rsquo;eau comme source, lorsque l&rsquo;eau doit \u00eatre chauff\u00e9e \u00e0 haute temp\u00e9rature (jusqu&rsquo;\u00e0 80 \u00b0C) et que la temp\u00e9rature de retour c\u00f4t\u00e9 chaud est inf\u00e9rieure \u00e0 35 \u00b0C.<\/p>\n<p>CARACT\u00c9RISTIQUES<\/p>\n<p>\u2022 Ch\u00e2ssis en acier soud\u00e9<br \/>\n\u2022 Compresseurs alternatifs<br \/>\n\u2022 Tuyauterie en acier inoxydable<br \/>\n\u2022 Logiciel de contr\u00f4le propri\u00e9taire<br \/>\n\u2022 Vannes de secours m\u00e9caniques<br \/>\n\u2022 Convertisseur de fr\u00e9quence sur le premier compresseur<br \/>\n\u2022 Canalisation des soupapes de s\u00e9curit\u00e9<br \/>\n\u2022 Connectivit\u00e9 via Modbus TCP\/IP<br \/>\n\u2022 Compteur d&rsquo;\u00e9nergie<br \/>\n\u2022 Surveillance \u00e0 distance<br \/>\n\u2022 \u0394T jusqu&rsquo;\u00e0 70 K<br \/>\n\u2022 R\u00e9servoir de liquide avec PS 80 bar<br \/>\n\u2022 Pression nominale c\u00f4t\u00e9 HP PS = 130 bar<\/p>\n","protected":false},"featured_media":33580,"template":"","meta":[],"product_brand":[],"product_cat":[682,1667],"product_tag":[],"class_list":{"0":"post-33585","1":"product","2":"type-product","3":"status-publish","4":"has-post-thumbnail","6":"product_cat-climatiseurs-fr-industriels","7":"product_cat-pompe-a-chaleur","9":"first","10":"instock","11":"shipping-taxable","12":"product-type-simple"},"_links":{"self":[{"href":"https:\/\/airsystems.ge\/shop\/fr\/wp-json\/wp\/v2\/product\/33585","targetHints":{"allow":["GET"]}}],"collection":[{"href":"https:\/\/airsystems.ge\/shop\/fr\/wp-json\/wp\/v2\/product"}],"about":[{"href":"https:\/\/airsystems.ge\/shop\/fr\/wp-json\/wp\/v2\/types\/product"}],"wp:featuredmedia":[{"embeddable":true,"href":"https:\/\/airsystems.ge\/shop\/fr\/wp-json\/wp\/v2\/media\/33580"}],"wp:attachment":[{"href":"https:\/\/airsystems.ge\/shop\/fr\/wp-json\/wp\/v2\/media?parent=33585"}],"wp:term":[{"taxonomy":"product_brand","embeddable":true,"href":"https:\/\/airsystems.ge\/shop\/fr\/wp-json\/wp\/v2\/product_brand?post=33585"},{"taxonomy":"product_cat","embeddable":true,"href":"https:\/\/airsystems.ge\/shop\/fr\/wp-json\/wp\/v2\/product_cat?post=33585"},{"taxonomy":"product_tag","embeddable":true,"href":"https:\/\/airsystems.ge\/shop\/fr\/wp-json\/wp\/v2\/product_tag?post=33585"}],"curies":[{"name":"wp","href":"https:\/\/api.w.org\/{rel}","templated":true}]}}